{"id":2216,"date":"2017-05-15T14:45:00","date_gmt":"2017-05-15T14:45:00","guid":{"rendered":"http:\/\/esteio.com.br\/?page_id=2216"},"modified":"2024-08-26T20:43:45","modified_gmt":"2024-08-26T20:43:45","slug":"ge","status":"publish","type":"page","link":"https:\/\/www.esteio.com.br\/es\/executados\/gps-batimetria\/ge\/","title":{"rendered":"Rastreio GPS em Elementos de Dutos para GE Power Systems"},"content":{"rendered":"[IMAGEM_CAROUSEL]\n<p class=\"subtitulo\">Objetivo<\/p>\n<p>A PII Pipeline Solutions \u00e9 um setor da GE (General Eletric do Brasil Ltda &#8211; GE Power Systems &#8211; Oil &amp; G\u00e1s) que responsabiliza-se pelo controle e levantamento de defeitos nos dutos, atrav\u00e9s da utiliza\u00e7\u00e3o de equipamentos (conhecidos como PIG) dotado de uma unidade de mapeamento inercial (IMU) o qual permite definir um posicionamento tridimensional ao longo do duto.<\/p>\n<p>Para otimizar a precis\u00e3o do IMU \u00e9 necess\u00e1rio que sejam determinadas coordenadas do centro do duto em intervalos de aproximadamente 2 Km, coordenadas estas que devem ser determinadas com elevado controle de qualidade.<\/p>\n<p class=\"subtitulo\">Caracter\u00edsticas do Levantamento Inercial<\/p>\n<p>Os pontos levantados devem ter uma precis\u00e3o de +- 0,1m horizontal e vertical. Para alcan\u00e7ar esta precis\u00e3o a ESTEIO utiliza equipamentos do Sistema de Posicionamento Global &#8211; GPS.<\/p>\n<p>Os dados inerciais (determinados pela alta precis\u00e3o do girosc\u00f3pio e do aceler\u00f4metro do IMU) s\u00e3o corrigidos a partir das coordenadas GPS. Al\u00e9m dos pontos determinados a cada 2 Km \u00e9 necess\u00e1rio medir os pontos aonde o PIG \u00e9 lan\u00e7ado (inicio) e aonde o PIG \u00e9 recuperado (final), coordenadas estas que v\u00e3o ajudar na orienta\u00e7\u00e3o do PIG.<\/p>\n<p>O planejamento \u00e9 feito de forma que se possa medir todas as \u00e1reas de v\u00e1lvulas (hard points) e os demais pontos medidos diretamente sobre o duto atrav\u00e9s da instala\u00e7\u00e3o de magnetos (soft points), os quais ser\u00e3o identificados pela materializa\u00e7\u00e3o de um marco de concreto ou por um piquete de madeira.<\/p>\n<p>Em alguns trechos a GE optou pelo uso de um equipamento chamado &#8220;maglogger&#8221; o qual diferentemente do magneto \u00e9 instalado na superf\u00edcie do terreno. Este dispositivo possui um sensor e um rel\u00f3gio que registra o tempo exato da passagem do PIG, permitindo mapear todas as posi\u00e7\u00f5es do duto.<\/p>\n<p class=\"subtitulo\">Caracter\u00edsticas do Levantamento GPS e Instala\u00e7\u00e3o dos Magnetos<\/p>\n<p>Os equipamentos GPS utilizados possuem precis\u00e3o de 10mm +\/- 2ppm horizontal e 20mm +\/- 3 ppm vertical, utilizando-se apenas equipamentos de dupla frequ\u00eancia para todas as etapas do levantamento.<\/p>\n<p>A amarra\u00e7\u00e3o das coordenadas \u00e9 feita sobre os marcos fiduciais da PETROBRAS, com pontos de controle de sa\u00edda e chegada, e a partir destes s\u00e3o determinados outros intermedi\u00e1rios como apoio para a defini\u00e7\u00e3o dos pontos de interesse.<\/p>\n<p>Precau\u00e7\u00f5es tomadas durante os levantamentos:<\/p>\n<ol class=\"breadcrumb\">\n<li class=\"active\">\n<ul>\n<li>tempo de medi\u00e7\u00e3o de 40 minutos por ponto<\/li>\n<li>mascaras de eleva\u00e7\u00e3o superiores a 15 graus<\/li>\n<li>medi\u00e7\u00f5es somente nos hor\u00e1rios de PDOP inferior a 5<\/li>\n<li>medi\u00e7\u00e3o da altura de antena GPS no inicio e final do levantamento<\/li>\n<li>vetores inferiores a 20 Km<\/li>\n<\/ul>\n<\/li>\n<\/ol>\n<p>A instala\u00e7\u00e3o dos magnetos \u00e9 realizada com o apoio do equipamento PCM, um modelo de &#8220;pipe locator&#8221;, o qual tem a fun\u00e7\u00e3o de auxiliar na localiza\u00e7\u00e3o exata da tubula\u00e7\u00e3o e sua profundidade durante todo o processo de escava\u00e7\u00e3o at\u00e9 a coloca\u00e7\u00e3o do magneto sobre o duto. O procedimento exige cuidados dos operadores para que n\u00e3o seja danificado o revestimento do duto.<\/p>\n<p class=\"subtitulo\">Croquis do Levantamento<\/p>\n<p>Nos canh\u00f5es de lan\u00e7amento e recebimento s\u00e3o feitas amarra\u00e7\u00f5es a partir dos pontos medidos com GPS permitindo desta forma identificar a correta posi\u00e7\u00e3o do ponto eliminando qualquer possibilidade de erro.<\/p>\n<p>As cotas obtidas s\u00e3o calculadas at\u00e9 a geratriz do duto. Neste c\u00e1lculo considera-se a cota obtida no n\u00edvel do terreno, a profundidade at\u00e9 o magneto, a espessura do magneto e o di\u00e2metro do duto.<\/p>\n<p class=\"subtitulo\">Localiza\u00e7\u00e3o dos Servi\u00e7os<\/p>\n<p>A ESTEIO executou traballhos nos dutos:<\/p>\n<ol class=\"breadcrumb\">\n<li class=\"active\">\n<ul>\n<li>Rio Grande do Sul: Oscan 22&#8243; , Orsul 14&#8243;, Oscan I e Oscan II<\/li>\n<li>S\u00e3o Paulo: Ossp 14A&#8221;, Nafta 22&#8243;, Opasa 16&#8243; , Osvat 22&#8243;, Osvat 38&#8243;, Osvat 42&#8243;, Osvat 30&#8243;, Osplan 24&#8243;, R-7, R-8, A-8, Osvat 34&#8243;, Osplan 18&#8243;, Gaspal 22&#8243;, Osvat 22&#8243; e Osplan 24&#8243;<\/li>\n<li>Rio de Janeiro: Gasduc 20&#8243;, Reduc 42&#8243;, AP-ASA 1, AP-ASA 2, AP-ASA 3, Gasduc 1, Osvat 42&#8243;, Orbel II, Gascab I, Osrio 16&#8243;, Osvat 24&#8243; e Gasbel 16&#8243;<\/li>\n<li>Bahia: 34&#8243; PE em Madre de Deus, Santiago &#8211; Cama\u00e7ari 14&#8243; e 18&#8243;<\/li>\n<li>Paran\u00e1 e Santa Catarina: Ospar 30&#8243;<\/li>\n<\/ul>\n<\/li>\n<\/ol>\n<p>Totalizando 1188 pontos sobre magnetos, 167 pontos em \u00e1reas de v\u00e1lvulas e 149 pontos em scrapers de lan\u00e7amento e recebimento<\/p>\n<p class=\"subtitulo\">Produtos<\/p>\n<p>O levantamento GPS vai fornecer uma listagem de coordenadas:<\/p>\n<ol class=\"breadcrumb\">\n<li class=\"active\">\n<ul>\n<li>Coordenadas x, y, z no sistema WGS 84 e SAD 69, da rede ajustada aos pontos fiduciais da PETROBRAS e dos pontos medidos<\/li>\n<li>Croquis dos pontos levantados (canh\u00e3o de lan\u00e7amento e recebimento, \u00e1reas de v\u00e1lvulas e magnetos) contendo fotos dos pontos medidos e descri\u00e7\u00e3o de acesso aos pontos<\/li>\n<li>Croqui gerado em Autocad permitindo a visualiza\u00e7\u00e3o de todos os pontos medidos<\/li>\n<li>Planilha com as coordenadas x, y e z al\u00e9m da cota calculada at\u00e9 a geratriz do duto<\/li>\n<\/ul>\n<\/li>\n<\/ol>","protected":false},"excerpt":{"rendered":"<p>[IMAGEM_CAROUSEL] Objetivo A PII Pipeline Solutions \u00e9 um setor da GE (General Eletric do Brasil Ltda &#8211; GE Power Systems &#8211; Oil &amp; G\u00e1s) que responsabiliza-se pelo controle e levantamento &#8230;<\/p>\n","protected":false},"author":1,"featured_media":6907,"parent":2207,"menu_order":0,"comment_status":"closed","ping_status":"closed","template":"template-left-sidebar.php","meta":{"footnotes":""},"class_list":["post-2216","page","type-page","status-publish","has-post-thumbnail","hentry"],"_links":{"self":[{"href":"https:\/\/www.esteio.com.br\/es\/wp-json\/wp\/v2\/pages\/2216","targetHints":{"allow":["GET"]}}],"collection":[{"href":"https:\/\/www.esteio.com.br\/es\/wp-json\/wp\/v2\/pages"}],"about":[{"href":"https:\/\/www.esteio.com.br\/es\/wp-json\/wp\/v2\/types\/page"}],"author":[{"embeddable":true,"href":"https:\/\/www.esteio.com.br\/es\/wp-json\/wp\/v2\/users\/1"}],"replies":[{"embeddable":true,"href":"https:\/\/www.esteio.com.br\/es\/wp-json\/wp\/v2\/comments?post=2216"}],"version-history":[{"count":3,"href":"https:\/\/www.esteio.com.br\/es\/wp-json\/wp\/v2\/pages\/2216\/revisions"}],"predecessor-version":[{"id":6908,"href":"https:\/\/www.esteio.com.br\/es\/wp-json\/wp\/v2\/pages\/2216\/revisions\/6908"}],"up":[{"embeddable":true,"href":"https:\/\/www.esteio.com.br\/es\/wp-json\/wp\/v2\/pages\/2207"}],"wp:featuredmedia":[{"embeddable":true,"href":"https:\/\/www.esteio.com.br\/es\/wp-json\/wp\/v2\/media\/6907"}],"wp:attachment":[{"href":"https:\/\/www.esteio.com.br\/es\/wp-json\/wp\/v2\/media?parent=2216"}],"curies":[{"name":"wp","href":"https:\/\/api.w.org\/{rel}","templated":true}]}}