{"id":2218,"date":"2017-05-15T14:55:12","date_gmt":"2017-05-15T14:55:12","guid":{"rendered":"http:\/\/esteio.com.br\/?page_id=2218"},"modified":"2024-08-26T20:49:33","modified_gmt":"2024-08-26T20:49:33","slug":"klabin","status":"publish","type":"page","link":"https:\/\/www.esteio.com.br\/es\/executados\/gps-batimetria\/klabin\/","title":{"rendered":"Klabin Pap\u00e9is S.A. &#8211; Assoreamento em Lagoas de Aera\u00e7\u00e3o e Estabiliza\u00e7\u00e3o"},"content":{"rendered":"[IMAGEM_CAROUSEL]\n<p class=\"subtitulo\">Introdu\u00e7\u00e3o<\/p>\n<p>Dentre as v\u00e1rias aplica\u00e7\u00f5es dos levantamentos batim\u00e9tricos, o presente resumo descreve os servi\u00e7os executados pela ESTEIO, com o intuito de avaliar as condi\u00e7\u00f5es de assoreamento das Lagoas de Aera\u00e7\u00e3o e Estabiliza\u00e7\u00e3o do sistema de tratamento de efluentes da Klabin Pap\u00e9is S.A., localizado no munic\u00edpio de Correia Pinto, no estado de Santa Catarina, abrangendo uma \u00e1rea de aproximadamente 73.400,00 m\u00b2.<\/p>\n<p class=\"subtitulo\">Princ\u00edpio de opera\u00e7\u00e3o<\/p>\n<p>Os ecobat\u00edmetros s\u00e3o os equipamentos utilizados pela batimetria para medir a profundidade. O equipamento consiste em uma fonte emissora de sinais ac\u00fasticos e um rel\u00f3gio interno que mede o intervalo entre o momento da emiss\u00e3o do sinal e o instante em que o eco retorna ao sensor. O som \u00e9 captado pelo transdutor que consiste basicamente de um material piezoeletricidade que converte as ondas de press\u00e3o do eco em sinais el\u00e9tricos. Os ecobat\u00edmetros fornecem informa\u00e7\u00f5es pontuais de profundidade no local imediatamente abaixo do transdutor.<\/p>\n<p class=\"subtitulo\">Reconhecimento e Planejamento<\/p>\n<p>Por se tratar de um servi\u00e7o de monitoramento, a origem dos trabalhos deveria ser a mesma, sendo assim, na primeira etapa dos trabalhos foi verificada a integridade f\u00edsica de um par de marcos de refer\u00eancia, implantados em anos anteriores e que serviram de base para os levantamentos topobatim\u00e9tricos anteriormente realizados. Esta an\u00e1lise consistiu em se avaliar a estabilidade dos mesmos, assim como checar as respectivas coordenadas, de forma a garantir que os mesmos n\u00e3o tivessem sofrido qualquer tipo de deslocamento.<\/p>\n<p>Constatada a integridade dos marcos, o pr\u00f3ximo passo foi o estudo prim\u00e1rio das condi\u00e7\u00f5es de navega\u00e7\u00e3o nas lagoas, onde foram planejadas as se\u00e7\u00f5es para a execu\u00e7\u00e3o dos servi\u00e7os de batimetria do seguinte modo: na Lagoa de Aera\u00e7\u00e3o (foto a esquerda), foi planejada a navega\u00e7\u00e3o no sentido transversal \u00e0 lagoa, devido aos equipamentos instalados na mesma e que s\u00e3o presos por cabos de a\u00e7o \u00e0s margens, j\u00e1 na Lagoa de Estabiliza\u00e7\u00e3o (foto a direita) as se\u00e7\u00f5es foram planejadas no sentido longitudinal, de modo a agilizar a coleta dos dados em campo. Metodologia de Execu\u00e7\u00e3o<\/p>\n<p>Ap\u00f3s o reconhecimento da \u00e1rea e a constata\u00e7\u00e3o da integridade dos marcos de refer\u00eancia, se definiu em fun\u00e7\u00e3o de melhor localiza\u00e7\u00e3o e da inexist\u00eancia de obstru\u00e7\u00e3o f\u00edsica para a recep\u00e7\u00e3o de sinais de sat\u00e9lites, o marco denominado M-02 como base das coordenadas para o levantamento, no qual foi instalado o equipamento GPS (Base), respons\u00e1vel pelo envio das corre\u00e7\u00f5es diferenciais via link de r\u00e1dio para o equipamento (Rover) instalado sobre a embarca\u00e7\u00e3o e acoplado ao ecobat\u00edmetro.<\/p>\n<p>O conjunto de equipamentos existente no barco, constitu\u00eddo de um receptor de sat\u00e9lites GPS modelo SR-530 da Leica e um ecobat\u00edmetro digital (ODOM SDH 13A), ambos conectados a um computador notebook e gerenciados pelo programa denominado Hypack, os quais possibilitaram al\u00e9m da navega\u00e7\u00e3o em tempo real sobre as linhas planejadas, a obten\u00e7\u00e3o da correla\u00e7\u00e3o entre as profundidades obtidas pelo ecobat\u00edmetro com as coordenadas planim\u00e9tricas fornecidas pelo GPS em tempo real (Real Time Kinematic) ao longo das linhas navegadas.<\/p>\n<p>Em fun\u00e7\u00e3o da frequ\u00eancia de opera\u00e7\u00e3o do ecobat\u00edmetro, assim como a velocidade empregada na navega\u00e7\u00e3o, permitiu que se coletasse em m\u00e9dia 5 pontos por segundo. Quanto ao GPS, este trabalha com uma taxa de capta\u00e7\u00e3o de 1 ponto por segundo, a interpola\u00e7\u00e3o das coordenadas GPS com as leituras de profundidade \u00e9 outra fun\u00e7\u00e3o feita de forma autom\u00e1tica pelo programa Hypack.<\/p>\n<p class=\"subtitulo\">Metodologia de Execu\u00e7\u00e3o<\/p>\n<p>Ap\u00f3s o reconhecimento da \u00e1rea e a constata\u00e7\u00e3o da integridade dos marcos de refer\u00eancia, se definiu em fun\u00e7\u00e3o de melhor localiza\u00e7\u00e3o e da inexist\u00eancia de obstru\u00e7\u00e3o f\u00edsica para a recep\u00e7\u00e3o de sinais de sat\u00e9lites, o marco denominado M-02 como base das coordenadas para o levantamento, no qual foi instalado o equipamento GPS (Base), respons\u00e1vel pelo envio das corre\u00e7\u00f5es diferenciais via link de r\u00e1dio para o equipamento (Rover) instalado sobre a embarca\u00e7\u00e3o e acoplado ao ecobat\u00edmetro.<\/p>\n<p>O conjunto de equipamentos existente no barco, constitu\u00eddo de um receptor de sat\u00e9lites GPS modelo SR-530 da Leica e um ecobat\u00edmetro digital (ODOM SDH 13A), ambos conectados a um computador notebook e gerenciados pelo programa denominado Hypack, os quais possibilitaram al\u00e9m da navega\u00e7\u00e3o em tempo real sobre as linhas planejadas, a obten\u00e7\u00e3o da correla\u00e7\u00e3o entre as profundidades obtidas pelo ecobat\u00edmetro com as coordenadas planim\u00e9tricas fornecidas pelo GPS em tempo real (Real Time Kinematic) ao longo das linhas navegadas.<\/p>\n<p>Em fun\u00e7\u00e3o da freq\u00fc\u00eancia de opera\u00e7\u00e3o do ecobat\u00edmetro, assim como a velocidade empregada na navega\u00e7\u00e3o, permitiu que se coletasse em m\u00e9dia 5 pontos por segundo. Quanto ao GPS, este trabalha com uma taxa de capta\u00e7\u00e3o de 1 ponto por segundo, a interpola\u00e7\u00e3o das coordenadas GPS com as leituras de profundidade \u00e9 outra fun\u00e7\u00e3o feita de forma autom\u00e1tica pelo programa Hypack.<\/p>\n<p class=\"subtitulo\">Processamento dos Dados<\/p>\n<p>Com as atividades de campo conclu\u00eddas, a etapa seguinte foi a transforma\u00e7\u00e3o para o sistema de refer\u00eancia exigido pelo contratante, uma vez que todos os dados coletados s\u00e3o referenciados ao sistema de coordenadas em WGS 84 (Elips\u00f3ide de refer\u00eancia do sistema de navega\u00e7\u00e3o por sat\u00e9lite &#8211; GPS). O pr\u00f3ximo passo foi a corre\u00e7\u00e3o da profundidade para o n\u00edvel d&#8217;\u00e1gua (NA), visando a obten\u00e7\u00e3o correta da altitude dos pontos seguido de uma edi\u00e7\u00e3o e gera\u00e7\u00e3o das curvas de n\u00edvel.<\/p>\n<p class=\"subtitulo\">Produtos Gerados<\/p>\n<p>A seguir s\u00e3o apresentados parte dos produtos gerados a partir do levantamento de campo, no caso, planta do levantamento topobatim\u00e9trico (foto a esquerda) e o perfil de algumas se\u00e7\u00f5es comparando o levantamento anterior com o atual (foto a direita).<\/p>\n<p>Adicionalmente a gera\u00e7\u00e3o das plantas e com base nos dados obtidos em campo, foi calculado o volume de assoreamento existente entre o obtido nos dois levantamentos (atual e antigo).","protected":false},"excerpt":{"rendered":"<p>[IMAGEM_CAROUSEL] Introdu\u00e7\u00e3o Dentre as v\u00e1rias aplica\u00e7\u00f5es dos levantamentos batim\u00e9tricos, o presente resumo descreve os servi\u00e7os executados pela ESTEIO, com o intuito de avaliar as condi\u00e7\u00f5es de assoreamento das Lagoas de &#8230;<\/p>\n","protected":false},"author":1,"featured_media":6914,"parent":2207,"menu_order":0,"comment_status":"closed","ping_status":"closed","template":"template-left-sidebar.php","meta":{"footnotes":""},"class_list":["post-2218","page","type-page","status-publish","has-post-thumbnail","hentry"],"_links":{"self":[{"href":"https:\/\/www.esteio.com.br\/es\/wp-json\/wp\/v2\/pages\/2218","targetHints":{"allow":["GET"]}}],"collection":[{"href":"https:\/\/www.esteio.com.br\/es\/wp-json\/wp\/v2\/pages"}],"about":[{"href":"https:\/\/www.esteio.com.br\/es\/wp-json\/wp\/v2\/types\/page"}],"author":[{"embeddable":true,"href":"https:\/\/www.esteio.com.br\/es\/wp-json\/wp\/v2\/users\/1"}],"replies":[{"embeddable":true,"href":"https:\/\/www.esteio.com.br\/es\/wp-json\/wp\/v2\/comments?post=2218"}],"version-history":[{"count":6,"href":"https:\/\/www.esteio.com.br\/es\/wp-json\/wp\/v2\/pages\/2218\/revisions"}],"predecessor-version":[{"id":6916,"href":"https:\/\/www.esteio.com.br\/es\/wp-json\/wp\/v2\/pages\/2218\/revisions\/6916"}],"up":[{"embeddable":true,"href":"https:\/\/www.esteio.com.br\/es\/wp-json\/wp\/v2\/pages\/2207"}],"wp:featuredmedia":[{"embeddable":true,"href":"https:\/\/www.esteio.com.br\/es\/wp-json\/wp\/v2\/media\/6914"}],"wp:attachment":[{"href":"https:\/\/www.esteio.com.br\/es\/wp-json\/wp\/v2\/media?parent=2218"}],"curies":[{"name":"wp","href":"https:\/\/api.w.org\/{rel}","templated":true}]}}