{"id":2228,"date":"2017-05-15T16:20:06","date_gmt":"2017-05-15T16:20:06","guid":{"rendered":"http:\/\/esteio.com.br\/?page_id=2228"},"modified":"2025-02-20T20:29:01","modified_gmt":"2025-02-20T20:29:01","slug":"paranacidade","status":"publish","type":"page","link":"https:\/\/www.esteio.com.br\/es\/executados\/gps-batimetria\/paranacidade\/","title":{"rendered":"Rastreio da Malha Vi\u00e1ria do Paran\u00e1 para PARANACIDADE"},"content":{"rendered":"[IMAGEM_CAROUSEL]\nO Levantamento da Malha Rodovi\u00e1ria do Estado do Paran\u00e1 foi realizado com o objetivo de montar um SIG de todo o complexo rodovi\u00e1rio do estado.<\/p>\n<p>A composi\u00e7\u00e3o desta malha foi feita atrav\u00e9s do levantamento dos eixos de todas as rodovias federais e estaduais.<\/p>\n<p>Este trabalho totalizou aproximadamente 15.000 km de rodovias e acessos rastreados com GPS cinem\u00e1tico, sendo levantados pontos a cada 20 m ao longo dos eixos das mesmas.<\/p>\n<p>O contratante teve como objetivo compor este trabalho juntamente com os eixos urbanos gerados a partir da cartografia dos munic\u00edpios.<\/p>\n<p>A ESTEIO realizou os servi\u00e7os de levantamento GPS ao longo de todas as rodovias Federais e Estaduais do Paran\u00e1.<\/p>\n<p>A partir do levantamento de campo, os eixos das vias, representados por meio das coordenadas planialtim\u00e9tricas dos pontos rastreados, foram tratados em programas de edi\u00e7\u00e3o gr\u00e1fica para inser\u00e7\u00e3o dos pontos de interfer\u00eancia e outros atributos de import\u00e2ncia (nome da via, postos rodovi\u00e1rios, postos de abastecimento, pontes, entroncamentos, trevos, passagens de n\u00edvel &#8230;).<\/p>\n<p>Depois de todas as rodovias tratadas individualmente, foi criado um \u00fanico arquivo gr\u00e1fico georreferenciado contendo toda a malha rodovi\u00e1ria. Todas as interfer\u00eancias rastreadas foram fotografadas e sua imagem foi georreferenciada.<\/p>\n<p>Al\u00e9m do levantamento GPS foi realizado uma Cobertura Aerofotogram\u00e9trica na escala 1:20.000 para gera\u00e7\u00e3o de mosaicos na escala 1:5.000 ao longo de trechos das rodovias BR-116 e BR-277.<\/p>\n<p>As principais atividades e produtos deste servi\u00e7o est\u00e3o destacados abaixo :<\/p>\n<ol class=\"breadcrumb\">\n<li class=\"active\">\n<ul>\n<li>Cobertura Aerofotogram\u00e9trica 1:20.000 de 100km ao longo da BR-116 e BR-277;<\/li>\n<li>Levantamento GPS Cinem\u00e1tico dos eixos das rodovias;<\/li>\n<li>Levantamento das principais interfer\u00eancias(pontes, postos policiais, viadutos, ped\u00e1gios);<\/li>\n<li>Montagem de arquivo gr\u00e1fico de todo o levantamento;<\/li>\n<li>Gera\u00e7\u00e3o de um SIG contendo as informa\u00e7\u00f5es gr\u00e1ficas e dados das rodovias levantadas;<\/li>\n<li>Mosaicos escala 1:5.000 das Cobertura Aerofotogram\u00e9trica.<\/li>\n<\/ul>\n<\/li>\n<\/ol>","protected":false},"excerpt":{"rendered":"<p>[IMAGEM_CAROUSEL] O Levantamento da Malha Rodovi\u00e1ria do Estado do Paran\u00e1 foi realizado com o objetivo de montar um SIG de todo o complexo rodovi\u00e1rio do estado. A composi\u00e7\u00e3o desta malha &#8230;<\/p>\n","protected":false},"author":1,"featured_media":7040,"parent":2207,"menu_order":0,"comment_status":"closed","ping_status":"closed","template":"template-left-sidebar.php","meta":{"footnotes":""},"class_list":["post-2228","page","type-page","status-publish","has-post-thumbnail","hentry"],"_links":{"self":[{"href":"https:\/\/www.esteio.com.br\/es\/wp-json\/wp\/v2\/pages\/2228","targetHints":{"allow":["GET"]}}],"collection":[{"href":"https:\/\/www.esteio.com.br\/es\/wp-json\/wp\/v2\/pages"}],"about":[{"href":"https:\/\/www.esteio.com.br\/es\/wp-json\/wp\/v2\/types\/page"}],"author":[{"embeddable":true,"href":"https:\/\/www.esteio.com.br\/es\/wp-json\/wp\/v2\/users\/1"}],"replies":[{"embeddable":true,"href":"https:\/\/www.esteio.com.br\/es\/wp-json\/wp\/v2\/comments?post=2228"}],"version-history":[{"count":6,"href":"https:\/\/www.esteio.com.br\/es\/wp-json\/wp\/v2\/pages\/2228\/revisions"}],"predecessor-version":[{"id":7042,"href":"https:\/\/www.esteio.com.br\/es\/wp-json\/wp\/v2\/pages\/2228\/revisions\/7042"}],"up":[{"embeddable":true,"href":"https:\/\/www.esteio.com.br\/es\/wp-json\/wp\/v2\/pages\/2207"}],"wp:featuredmedia":[{"embeddable":true,"href":"https:\/\/www.esteio.com.br\/es\/wp-json\/wp\/v2\/media\/7040"}],"wp:attachment":[{"href":"https:\/\/www.esteio.com.br\/es\/wp-json\/wp\/v2\/media?parent=2228"}],"curies":[{"name":"wp","href":"https:\/\/api.w.org\/{rel}","templated":true}]}}