{"id":2230,"date":"2017-05-15T16:21:36","date_gmt":"2017-05-15T16:21:36","guid":{"rendered":"http:\/\/esteio.com.br\/?page_id=2230"},"modified":"2025-02-20T20:40:49","modified_gmt":"2025-02-20T20:40:49","slug":"petrobras","status":"publish","type":"page","link":"https:\/\/www.esteio.com.br\/es\/executados\/gps-batimetria\/petrobras\/","title":{"rendered":"Batimetria do Reservat\u00f3rio UN-SIX e C\u00f3rrego Canoas"},"content":{"rendered":"[IMAGEM_CAROUSEL]\nA ESTEIO executou o Levantamento Batim\u00e9trico e Medi\u00e7\u00e3o da Vaz\u00e3o do Reservat\u00f3rio da Unidade UN-SIX &#8211; PETROBRAS e do C\u00f3rrego Canoas em S\u00e3o Mateus do Sul-PR com prop\u00f3sito de avaliar a situa\u00e7\u00e3o do leito deste Reservat\u00f3rio.<\/p>\n<p>Foram executadas as atividades de reconhecimento, implanta\u00e7\u00e3o e medi\u00e7\u00e3o de pontos de controle geod\u00e9sico, an\u00e1lise do comportamento do n\u00edvel d&#8217;\u00e1gua por meio de implanta\u00e7\u00e3o e leitura de r\u00e9guas limnim\u00e9trica, levantamento das se\u00e7\u00f5es batim\u00e9tricas e ainda, tratamento dos dados obtidos com gera\u00e7\u00e3o de plantas dos pontos batim\u00e9tricos, curvas de n\u00edvel e hipsom\u00e9tricas.<\/p>\n<p class=\"subtitulo\">Batimetria<\/p>\n<p>Para a execu\u00e7\u00e3o do levantamento batim\u00e9trico foi utilizado o ecobat\u00edmetro RAYTHEON 719C que emite ondas ultra-s\u00f4nicas para a determina\u00e7\u00e3o da profundidade e sua resolu\u00e7\u00e3o \u00e9 de 0,1m. Este equipamento possibilita a entrada de dados relativos \u00e0 velocidade de propaga\u00e7\u00e3o do som na \u00e1gua e da profundidade do transdutor (sonda que emite e recebe o som, pelo qual a profundidade \u00e9 determinada).<\/p>\n<p>Para o posicionamento planim\u00e9trico (bidimensional) da embarca\u00e7\u00e3o foram utilizados receptores GPS da marca ASHTECH Reliance, recebendo corre\u00e7\u00f5es diferenciais (DGPS). A antena GPS foi instalada centrada em rela\u00e7\u00e3o \u00e0 sonda, minimizando assim o erro de posicionamento da embarca\u00e7\u00e3o devido ao \u00e2ngulo de inclina\u00e7\u00e3o da mesma.<\/p>\n<p>Nas se\u00e7\u00f5es planejadas realizou-se o levantamento propriamente dito que consiste em coletar e unir os dados provenientes do GPS (formato NMEA) e do ecobat\u00edmetro (profundidade), utilizando como interface um microcomputador a bordo. As coordenadas est\u00e3o referenciadas ao Datum WGS-84 e o registro das profundidades \u00e9 feita pelo ecobat\u00edmetro a cada 20 a 30 cent\u00edmetros percorridos na se\u00e7\u00e3o.<\/p>\n<p class=\"subtitulo\">Vaz\u00e3o<\/p>\n<p>A medi\u00e7\u00e3o de vaz\u00e3o foi realizada conforme normas usuais preconizadas pela CEMIG e o antigo DNAEE, com molinete a vau ao longo da transversal. Foi utilizado um molinete Gurley-Price com lastro.<\/p>\n<p>Nas medi\u00e7\u00f5es, utilizaram-se verticais com espa\u00e7amentos de 0,20 m, ao longo de todas as se\u00e7\u00f5es transversais de medida, com frequ\u00eancia de um ponto de medida de velocidade por vertical. A frequ\u00eancia dependeu da profundidade da vertical.<\/p>\n<p class=\"subtitulo\">Resultados<\/p>\n<p>Ap\u00f3s o processamento das informa\u00e7\u00f5es batim\u00e9tricas, foi realizada a edi\u00e7\u00e3o dos arquivos e gera\u00e7\u00e3o de curvas de n\u00edvel usando o programa AUTOCAD (AutoDesk Inc.) com aux\u00edlio de aplicativo espec\u00edfico de topografia POSI\u00c7\u00c3O (Manfra &amp; Cia Ltda.).<\/p>\n<p>A partir dos dados processados, foram obtidas 6 (seis) Plantas de Batimetria, 1 (um) Mapa de Fei\u00e7\u00f5es Superficiais e planilhas com resultados de medi\u00e7\u00e3o de vaz\u00e3o.<\/p>\n<ol class=\"breadcrumb\">\n<li class=\"active\">\n<ul>\n<li>Os principais produtos e atividades desenvolvidas neste servi\u00e7o forma: Levantamento Batim\u00e9trico da \u00c1rea do Reservat\u00f3rio com emiss\u00e3o de Plantas contendo profundidades e Curvas Batim\u00e9tricas;<\/li>\n<li>Hipsometria do Reservat\u00f3rio;<\/li>\n<li>Determina\u00e7\u00e3o da vaz\u00e3o de Contribui\u00e7\u00e3o do C\u00f3rrego Canoas que abastece o Reservat\u00f3rio.<\/li>\n<\/ul>\n<\/li>\n<\/ol>","protected":false},"excerpt":{"rendered":"<p>[IMAGEM_CAROUSEL] A ESTEIO executou o Levantamento Batim\u00e9trico e Medi\u00e7\u00e3o da Vaz\u00e3o do Reservat\u00f3rio da Unidade UN-SIX &#8211; PETROBRAS e do C\u00f3rrego Canoas em S\u00e3o Mateus do Sul-PR com prop\u00f3sito de &#8230;<\/p>\n","protected":false},"author":1,"featured_media":7046,"parent":2207,"menu_order":0,"comment_status":"closed","ping_status":"closed","template":"template-left-sidebar.php","meta":{"footnotes":""},"class_list":["post-2230","page","type-page","status-publish","has-post-thumbnail","hentry"],"_links":{"self":[{"href":"https:\/\/www.esteio.com.br\/es\/wp-json\/wp\/v2\/pages\/2230","targetHints":{"allow":["GET"]}}],"collection":[{"href":"https:\/\/www.esteio.com.br\/es\/wp-json\/wp\/v2\/pages"}],"about":[{"href":"https:\/\/www.esteio.com.br\/es\/wp-json\/wp\/v2\/types\/page"}],"author":[{"embeddable":true,"href":"https:\/\/www.esteio.com.br\/es\/wp-json\/wp\/v2\/users\/1"}],"replies":[{"embeddable":true,"href":"https:\/\/www.esteio.com.br\/es\/wp-json\/wp\/v2\/comments?post=2230"}],"version-history":[{"count":6,"href":"https:\/\/www.esteio.com.br\/es\/wp-json\/wp\/v2\/pages\/2230\/revisions"}],"predecessor-version":[{"id":7050,"href":"https:\/\/www.esteio.com.br\/es\/wp-json\/wp\/v2\/pages\/2230\/revisions\/7050"}],"up":[{"embeddable":true,"href":"https:\/\/www.esteio.com.br\/es\/wp-json\/wp\/v2\/pages\/2207"}],"wp:featuredmedia":[{"embeddable":true,"href":"https:\/\/www.esteio.com.br\/es\/wp-json\/wp\/v2\/media\/7046"}],"wp:attachment":[{"href":"https:\/\/www.esteio.com.br\/es\/wp-json\/wp\/v2\/media?parent=2230"}],"curies":[{"name":"wp","href":"https:\/\/api.w.org\/{rel}","templated":true}]}}