{"id":2280,"date":"2017-05-18T13:51:42","date_gmt":"2017-05-18T13:51:42","guid":{"rendered":"http:\/\/esteio.com.br\/?page_id=2280"},"modified":"2017-12-08T17:30:14","modified_gmt":"2017-12-08T17:30:14","slug":"usina-resende","status":"publish","type":"page","link":"https:\/\/www.esteio.com.br\/es\/executados\/levantamentos-planialtimetricos\/usina-resende\/","title":{"rendered":"VOTORANTIM METAIS &#8211; SBM Usina Resende"},"content":{"rendered":"[IMAGEM_CAROUSEL]\n<p>A Votorantim Metais inaugurou em 11 de setembro de 2007, a pedra fundamental de sua segunda sider\u00fargica no Brasil, a ser instalada no munic\u00edpio de Resende (RJ). A solenidade de lan\u00e7amento do projeto denominado +A\u00e7o aconteceu na regi\u00e3o de m\u00e9dio Para\u00edba, onde a nova sider\u00fargica estar\u00e1 localizada.<\/p>\n<p>Com capacidade para produzir 1 milh\u00e3o de toneladas de a\u00e7os longos por ano e investimento total de R$ 1 bilh\u00e3o, o empreendimento ter\u00e1 60% de sua produ\u00e7\u00e3o voltada para o mercado interno. A nova unidade ser\u00e1 constru\u00edda em duas etapas, em uma \u00e1rea de 4,43 milh\u00f5es de m\u00b2.<\/p>\n<p>Durante a constru\u00e7\u00e3o da nova unidade ser\u00e3o gerados cerca de 2 mil empregos diretos e indiretos. Para a opera\u00e7\u00e3o da primeira fase ser\u00e3o necess\u00e1rios aproximadamente 700 trabalhadores. A empresa pretende contratar o maior n\u00famero poss\u00edvel de pessoas da regi\u00e3o e capacitar esses profissionais, em parceria com o SENAI e outras institui\u00e7\u00f5es locais. A sider\u00fargica possibilitar\u00e1 ainda a gera\u00e7\u00e3o de aproximadamente 3.250 postos de trabalho indireto na cadeia produtiva envolvida diretamente com o empreendimento.<\/p>\n<p>A constru\u00e7\u00e3o da sider\u00fargica em Resende \u00e9 parte da estrat\u00e9gia de crescimento do Neg\u00f3cio A\u00e7o da Votorantim Metais, que j\u00e1 conta com uma unidade em Barra Mansa.<\/p>\n<p>A nova unidade tamb\u00e9m se destaca pela ado\u00e7\u00e3o de um modelo internacional de sustentabilidade ao buscar a m\u00e1xima efici\u00eancia nos \u00e2mbitos econ\u00f4mico, social e ambiental. A f\u00e1brica de Resende ter\u00e1 como principal fonte de mat\u00e9ria-prima o a\u00e7o reciclado, o que contribuir\u00e1 para a preserva\u00e7\u00e3o dos recursos naturais.<\/p>\n<p>Fonte: <a href=\"http:\/\/www.vmetais.com.br\">www.vmetais.com.br<\/a><\/p>\n<p>A ESTEIO foi contratada para realizar o mapeamento que servir\u00e1 como base para a implanta\u00e7\u00e3o da Usina Resende. Foi elaborado um levantamento planialtim\u00e9trico de precis\u00e3o, utilizando LASER aerotransportado e c\u00e2mera a\u00e9rea fotogram\u00e9trica digital.<\/p>\n<p class=\"subtitulo\">Etapas de Voo<\/p>\n<p>Para a realiza\u00e7\u00e3o do projeto foram executados dois voos:<\/p>\n<p class=\"subtitulo\">Voo Fotogram\u00e9trico<\/p>\n<p>Possibilitou a produ\u00e7\u00e3o das aerofotos, foto\u00edndices e ortofotocartas. O voo foto foi composto por 3 faixas, com recobrimento lateral de aproximadamente 30% e altura de voo de 1800 metros em m\u00e9dia.<\/p>\n<p class=\"subtitulo\">Perfilamento a LASER Aerotransportado<\/p>\n<p>\u00c9 a base para o processamento LASER, para a gera\u00e7\u00e3o das curvas de n\u00edvel, MDT (Modelo Digital do Terreno) e MDS (Modelo digital de Superf\u00edcie). O voo LASER foi composto de 5 faixas, com recobrimento lateral de aproximadamente 20% e uma altura m\u00e9dia de voo de 2000 metros.<\/p>\n<p class=\"subtitulo\">Principais Produtos Gerados<\/p>\n<p>Modelo Digital de Superf\u00edcie (MDS) e Modelo Digital do Terreno (MDT)<\/p>\n<p>Arquivo ASCII com coordenadas ENH e valor de intensidade de todos os pontos levantados (MDS); Arquivo ASCII com coordenadas dos pontos sobre o terreno (MDT). Para a gera\u00e7\u00e3o do Modelo Digital do Terreno foi necess\u00e1rio realizar a classifica\u00e7\u00e3o dos pontos. Esta classifica\u00e7\u00e3o \u00e9 feita atrav\u00e9s de um aplicativo do programa Microstation, denominado Terra Scan, que possui algoritmos espec\u00edficos para v\u00e1rios tipos de classifica\u00e7\u00e3o.<\/p>\n<p class=\"subtitulo\">Curvas de N\u00edvel<\/p>\n<p>Os pontos do MDT j\u00e1 filtrados e depurados formar\u00e3o a &#8220;nuvem&#8221; de pontos LASER. Estes pontos ser\u00e3o tratados para forma\u00e7\u00e3o de tri\u00e2ngulos e consequente cria\u00e7\u00e3o de curvas de n\u00edvel.<\/p>\n<p class=\"subtitulo\">Ortofotocartas Digitais<\/p>\n<p>O processo de ortorretifica\u00e7\u00e3o ou retifica\u00e7\u00e3o diferencial, foi realizado com o MDT. Cada pixel da imagem da ortofoto ser\u00e1 associado \u00e0s suas respectivas coordenadas de terreno (sistema de refer\u00eancia). O processo iniciou com a prepara\u00e7\u00e3o dos modelos estereofotogram\u00e9tricos e finalizou com o tratamento e edi\u00e7\u00e3o das imagens.<\/p>\n<p>Visando facilitar a implanta\u00e7\u00e3o do projeto da Usina, por processos topogr\u00e1ficos convencionais, foram realizadas as transforma\u00e7\u00f5es das coordenadas de todos os arquivos entregues \u00e0 SBM do sistema Universal Transverso de Mercator para o sistema Plano Topogr\u00e1fico Local.<\/p>\n","protected":false},"excerpt":{"rendered":"<p>[IMAGEM_CAROUSEL] A Votorantim Metais inaugurou em 11 de setembro de 2007, a pedra fundamental de sua segunda sider\u00fargica no Brasil, a ser instalada no munic\u00edpio de Resende (RJ). A solenidade &#8230;<\/p>\n","protected":false},"author":1,"featured_media":0,"parent":2078,"menu_order":0,"comment_status":"closed","ping_status":"closed","template":"","meta":{"footnotes":""},"class_list":["post-2280","page","type-page","status-publish","hentry"],"_links":{"self":[{"href":"https:\/\/www.esteio.com.br\/es\/wp-json\/wp\/v2\/pages\/2280","targetHints":{"allow":["GET"]}}],"collection":[{"href":"https:\/\/www.esteio.com.br\/es\/wp-json\/wp\/v2\/pages"}],"about":[{"href":"https:\/\/www.esteio.com.br\/es\/wp-json\/wp\/v2\/types\/page"}],"author":[{"embeddable":true,"href":"https:\/\/www.esteio.com.br\/es\/wp-json\/wp\/v2\/users\/1"}],"replies":[{"embeddable":true,"href":"https:\/\/www.esteio.com.br\/es\/wp-json\/wp\/v2\/comments?post=2280"}],"version-history":[{"count":2,"href":"https:\/\/www.esteio.com.br\/es\/wp-json\/wp\/v2\/pages\/2280\/revisions"}],"predecessor-version":[{"id":3727,"href":"https:\/\/www.esteio.com.br\/es\/wp-json\/wp\/v2\/pages\/2280\/revisions\/3727"}],"up":[{"embeddable":true,"href":"https:\/\/www.esteio.com.br\/es\/wp-json\/wp\/v2\/pages\/2078"}],"wp:attachment":[{"href":"https:\/\/www.esteio.com.br\/es\/wp-json\/wp\/v2\/media?parent=2280"}],"curies":[{"name":"wp","href":"https:\/\/api.w.org\/{rel}","templated":true}]}}