{"id":2296,"date":"2017-05-18T14:08:22","date_gmt":"2017-05-18T14:08:22","guid":{"rendered":"http:\/\/esteio.com.br\/?page_id=2296"},"modified":"2017-12-08T17:38:46","modified_gmt":"2017-12-08T17:38:46","slug":"electra-power","status":"publish","type":"page","link":"https:\/\/www.esteio.com.br\/es\/executados\/lidar-pch\/electra-power\/","title":{"rendered":"ELECTRA POWER &#8211; PCHs Cana\u00e3, Jamari e Santa Cruz"},"content":{"rendered":"<p>Recentemente a ESTEIO foi contratada pela Cana\u00e3 Gera\u00e7\u00e3o de Energia S.A., para executar perfilamento LASER de \u00e1rea de abrang\u00eancia das PCHs Cana\u00e3, Jamari e Santa Cruz de Monte Negro, localizadas nos munic\u00edpios de Ariquemes, Cacaul\u00e2ndia e Santa Cruz de Monte Negro, Estado de Rond\u00f4nia, que representam aproximadamente 450 km\u00b2 de levantamentos.<\/p>\n<p>Relacionado a quest\u00e3o de agilidade deste tipo de levantamento, neste trabalho, mesmo sendo uma regi\u00e3o com condi\u00e7\u00f5es n\u00e3o muito favor\u00e1veis em boa parte do ano, as atividades de capta\u00e7\u00e3o de dados pode ser realizada em apenas nove dias o que favoreceu plenamente o interesse do cliente visando obten\u00e7\u00e3o de dados altim\u00e9tricos para confirma\u00e7\u00f5es de seu interesse.<br \/>\nEsta \u00e9 uma comprova\u00e7\u00e3o de peso para a validade do uso LASER para levantamentos de PCHs.<\/p>\n<p>Atualmente a ESTEIO desenvolve o processamento dos dados LASER para gera\u00e7\u00e3o de curvas de n\u00edvel com equidist\u00e2ncia de 1 m e posterior apresenta\u00e7\u00e3o de produtos relacionados \u00e0 necessidade da contratante.<\/p>\n","protected":false},"excerpt":{"rendered":"<p>Recentemente a ESTEIO foi contratada pela Cana\u00e3 Gera\u00e7\u00e3o de Energia S.A., para executar perfilamento LASER de \u00e1rea de abrang\u00eancia das PCHs Cana\u00e3, Jamari e Santa Cruz de Monte Negro, localizadas &#8230;<\/p>\n","protected":false},"author":1,"featured_media":0,"parent":2288,"menu_order":0,"comment_status":"closed","ping_status":"closed","template":"","meta":{"footnotes":""},"class_list":["post-2296","page","type-page","status-publish","hentry"],"_links":{"self":[{"href":"https:\/\/www.esteio.com.br\/es\/wp-json\/wp\/v2\/pages\/2296","targetHints":{"allow":["GET"]}}],"collection":[{"href":"https:\/\/www.esteio.com.br\/es\/wp-json\/wp\/v2\/pages"}],"about":[{"href":"https:\/\/www.esteio.com.br\/es\/wp-json\/wp\/v2\/types\/page"}],"author":[{"embeddable":true,"href":"https:\/\/www.esteio.com.br\/es\/wp-json\/wp\/v2\/users\/1"}],"replies":[{"embeddable":true,"href":"https:\/\/www.esteio.com.br\/es\/wp-json\/wp\/v2\/comments?post=2296"}],"version-history":[{"count":1,"href":"https:\/\/www.esteio.com.br\/es\/wp-json\/wp\/v2\/pages\/2296\/revisions"}],"predecessor-version":[{"id":2297,"href":"https:\/\/www.esteio.com.br\/es\/wp-json\/wp\/v2\/pages\/2296\/revisions\/2297"}],"up":[{"embeddable":true,"href":"https:\/\/www.esteio.com.br\/es\/wp-json\/wp\/v2\/pages\/2288"}],"wp:attachment":[{"href":"https:\/\/www.esteio.com.br\/es\/wp-json\/wp\/v2\/media?parent=2296"}],"curies":[{"name":"wp","href":"https:\/\/api.w.org\/{rel}","templated":true}]}}