{"id":2303,"date":"2017-05-18T16:36:19","date_gmt":"2017-05-18T16:36:19","guid":{"rendered":"http:\/\/esteio.com.br\/?page_id=2303"},"modified":"2017-05-22T18:04:57","modified_gmt":"2017-05-22T18:04:57","slug":"negociacao","status":"publish","type":"page","link":"https:\/\/www.esteio.com.br\/es\/executados\/negociacao\/","title":{"rendered":"Negocia\u00e7\u00e3o"},"content":{"rendered":"<p>A atividade de negocia\u00e7\u00e3o passa por v\u00e1rias etapas antes mesmo da ida a campo, ou seja, antes do primeiro contato junto aos detentores dos im\u00f3veis atingidos.<\/p>\n<p>A primeira etapa dos servi\u00e7os contempla primeiramente a elabora\u00e7\u00e3o de um bom Plano de Negocia\u00e7\u00e3o que deve respeitar as caracter\u00edsticas locais e sua cultura, envolve tamb\u00e9m a prepara\u00e7\u00e3o e an\u00e1lise de documentos (im\u00f3veis e ocupantes) referente aos im\u00f3veis objetos de: aquisi\u00e7\u00e3o, servid\u00e3o ou at\u00e9 desapropria\u00e7\u00e3o, levantados na etapa de cadastro.<\/p>\n<p>A etapa de campo, consiste em negociar diretamente com os detentores\/prepostos dos im\u00f3veis os valores arbitrados na etapa de avalia\u00e7\u00e3o (etapa entre o cadastro e negocia\u00e7\u00e3o), e que uma vez aceito, gera toda documenta\u00e7\u00e3o necess\u00e1ria para dar amparo legal a transa\u00e7\u00e3o, culminando no registro desta junto ao cart\u00f3rio de Registro de Im\u00f3veis.<\/p>\n","protected":false},"excerpt":{"rendered":"<p>A atividade de negocia\u00e7\u00e3o passa por v\u00e1rias etapas antes mesmo da ida a campo, ou seja, antes do primeiro contato junto aos detentores dos im\u00f3veis atingidos. A primeira etapa dos &#8230;<\/p>\n","protected":false},"author":1,"featured_media":0,"parent":1290,"menu_order":0,"comment_status":"closed","ping_status":"closed","template":"template-left-sidebar.php","meta":{"footnotes":""},"class_list":["post-2303","page","type-page","status-publish","hentry"],"_links":{"self":[{"href":"https:\/\/www.esteio.com.br\/es\/wp-json\/wp\/v2\/pages\/2303","targetHints":{"allow":["GET"]}}],"collection":[{"href":"https:\/\/www.esteio.com.br\/es\/wp-json\/wp\/v2\/pages"}],"about":[{"href":"https:\/\/www.esteio.com.br\/es\/wp-json\/wp\/v2\/types\/page"}],"author":[{"embeddable":true,"href":"https:\/\/www.esteio.com.br\/es\/wp-json\/wp\/v2\/users\/1"}],"replies":[{"embeddable":true,"href":"https:\/\/www.esteio.com.br\/es\/wp-json\/wp\/v2\/comments?post=2303"}],"version-history":[{"count":1,"href":"https:\/\/www.esteio.com.br\/es\/wp-json\/wp\/v2\/pages\/2303\/revisions"}],"predecessor-version":[{"id":2304,"href":"https:\/\/www.esteio.com.br\/es\/wp-json\/wp\/v2\/pages\/2303\/revisions\/2304"}],"up":[{"embeddable":true,"href":"https:\/\/www.esteio.com.br\/es\/wp-json\/wp\/v2\/pages\/1290"}],"wp:attachment":[{"href":"https:\/\/www.esteio.com.br\/es\/wp-json\/wp\/v2\/media?parent=2303"}],"curies":[{"name":"wp","href":"https:\/\/api.w.org\/{rel}","templated":true}]}}