{"id":2308,"date":"2017-05-18T16:41:44","date_gmt":"2017-05-18T16:41:44","guid":{"rendered":"http:\/\/esteio.com.br\/?page_id=2308"},"modified":"2022-05-26T18:47:11","modified_gmt":"2022-05-26T18:47:11","slug":"ortofotos","status":"publish","type":"page","link":"https:\/\/www.esteio.com.br\/es\/executados\/ortofotos\/","title":{"rendered":"Ortofotos"},"content":{"rendered":"Desde que sejam conhecidas a inclina\u00e7\u00e3o, posi\u00e7\u00e3o e distor\u00e7\u00e3o da c\u00e2mara a\u00e9rea no instante da tomada de uma foto a\u00e9rea, \u00e9 poss\u00edvel restabelecer o centro de proje\u00e7\u00e3o e calcular as coordenadas de terreno de pontos desta foto.<\/p>\n<p>Nesta mesma foto, com a imagem deformada devido ao deslocamento do relevo, aplica-se uma corre\u00e7\u00e3o nesta imagem que usa como molde um MDT (Modelo Digital do Terreno &#8211; malha de coordenadas). A partir deste instante, a foto pode ser usada como um mapa e passa a ser chamada ortofoto.<\/p>\n<p>Uma ortofoto \u00e9 uma imagem fotogr\u00e1fica que foi retificada diferencialmente para remover qualquer distor\u00e7\u00e3o de geometria (posi\u00e7\u00e3o e inclina\u00e7\u00e3o) e deslocamentos devido ao relevo.<\/p>\n<p>A produ\u00e7\u00e3o de ortofotos atingiu um alto n\u00edvel de desenvolvimento e as ortofotos digitais s\u00e3o usadas em muitos pa\u00edses como suporte para as tarefas cl\u00e1ssicas de um mapa.<\/p>\n<p>As principais vantagens s\u00e3o:<\/p>\n<ol class=\"breadcrumb\">\n<li class=\"active\">\n<ul>\n<li>A ortofoto n\u00e3o est\u00e1 pr\u00e9-interpretada como um mapa. Isto d\u00e1 oportunidade ao usu\u00e1rio de extrair as informa\u00e7\u00f5es desejadas a qualquer momento.<\/li>\n<li>A qualidade da ortofoto \u00e9 a mesma de um mapa com a vantagem da riqueza de dados apresentados.<\/li>\n<li>Fornece ao usu\u00e1rio uma vis\u00e3o do terreno muito mais compreens\u00edvel que um mapa.<\/li>\n<\/ul>\n<\/li>\n<\/ol>\n<p>Hoje, as tarefas evolu\u00edram para atividades especializadas no campo da imagem digital. Os usu\u00e1rios t\u00eam a capacidade de resgatar os dados necess\u00e1rios de uma ortofoto sem a necessidade de serem especialistas em fotogrametria. A tecnologia de Softcopy est\u00e1 presente e muito mais atuante (Softcopy refere-se a representa\u00e7\u00e3o de texto, imagem e simbologia na forma digital).<\/p>\n<p>A integra\u00e7\u00e3o Ortofoto com SIG &amp; SIG foi planejada para:<\/p>\n<ol class=\"breadcrumb\">\n<li class=\"active\">\n<ul>\n<li>Reduzir o ciclo de processamento dos dados<\/li>\n<li>Suportar equipes multidisciplinares em um processo de decis\u00e3o muito mais r\u00e1pido.<\/li>\n<\/ul>\n<\/li>\n<\/ol>\n<p class=\"destaque\">Ortofoto far\u00e1 pelo SIG o que o telesc\u00f3pio fez pela Astronomia&#8230;<br \/>\n<strong> Jean Loodts, EUROSENSE<\/strong><\/p>\n<p class=\"subtitulo\">Artigos Relacionados<\/p>\n<ol class=\"breadcrumb\">\n<li class=\"active\">\n<ul>\n<li><a href=\"http:\/\/esteio.com.br\/downloads\/2007\/cvrd_areas-operacionais.pdf\" target=\"_blank\" rel=\"noopener noreferrer\">Mapeamento de \u00c1reas Operacionais da Vale no Quadril\u00e1tero Ferr\u00edfero\/MG<\/a><\/li>\n<\/ul>\n<\/li>\n<\/ol>","protected":false},"excerpt":{"rendered":"<p>Desde que sejam conhecidas a inclina\u00e7\u00e3o, posi\u00e7\u00e3o e distor\u00e7\u00e3o da c\u00e2mara a\u00e9rea no instante da tomada de uma foto a\u00e9rea, \u00e9 poss\u00edvel restabelecer o centro de proje\u00e7\u00e3o e calcular as &#8230;<\/p>\n","protected":false},"author":1,"featured_media":0,"parent":1290,"menu_order":0,"comment_status":"closed","ping_status":"closed","template":"template-left-sidebar.php","meta":{"footnotes":""},"class_list":["post-2308","page","type-page","status-publish","hentry"],"_links":{"self":[{"href":"https:\/\/www.esteio.com.br\/es\/wp-json\/wp\/v2\/pages\/2308","targetHints":{"allow":["GET"]}}],"collection":[{"href":"https:\/\/www.esteio.com.br\/es\/wp-json\/wp\/v2\/pages"}],"about":[{"href":"https:\/\/www.esteio.com.br\/es\/wp-json\/wp\/v2\/types\/page"}],"author":[{"embeddable":true,"href":"https:\/\/www.esteio.com.br\/es\/wp-json\/wp\/v2\/users\/1"}],"replies":[{"embeddable":true,"href":"https:\/\/www.esteio.com.br\/es\/wp-json\/wp\/v2\/comments?post=2308"}],"version-history":[{"count":4,"href":"https:\/\/www.esteio.com.br\/es\/wp-json\/wp\/v2\/pages\/2308\/revisions"}],"predecessor-version":[{"id":6005,"href":"https:\/\/www.esteio.com.br\/es\/wp-json\/wp\/v2\/pages\/2308\/revisions\/6005"}],"up":[{"embeddable":true,"href":"https:\/\/www.esteio.com.br\/es\/wp-json\/wp\/v2\/pages\/1290"}],"wp:attachment":[{"href":"https:\/\/www.esteio.com.br\/es\/wp-json\/wp\/v2\/media?parent=2308"}],"curies":[{"name":"wp","href":"https:\/\/api.w.org\/{rel}","templated":true}]}}