{"id":2317,"date":"2017-05-18T16:45:55","date_gmt":"2017-05-18T16:45:55","guid":{"rendered":"http:\/\/esteio.com.br\/?page_id=2317"},"modified":"2017-12-08T17:46:09","modified_gmt":"2017-12-08T17:46:09","slug":"rigesa","status":"publish","type":"page","link":"https:\/\/www.esteio.com.br\/es\/executados\/ortofotos\/rigesa\/","title":{"rendered":"Ortofotos Infra-Vermelho para RIGESA"},"content":{"rendered":"[IMAGEM_CAROUSEL]\n<p>As \u00e1reas de reflorestamento de Pinus s\u00e3o a mat\u00e9ria prima para as ind\u00fastrias de Papel e Celulose. Por isso, o conhecimento do seu estado fitosanit\u00e1rio, a sua localiza\u00e7\u00e3o geogr\u00e1fica e suas caracter\u00edsticas como data de plantio, idade e outras devem estar sempre acess\u00edveis de maneira r\u00e1pida e confi\u00e1vel aos t\u00e9cnicos destas empresas.<\/p>\n<p>Uma destas grandes empresas \u00e9 a RIGESA Celulose, Papel e Embalagens Ltda. Subsidi\u00e1ria do grupo norte-americano Westvaco Corporation, mant\u00e9m unidades fabris em em v\u00e1rios pontos do Brasil, mas principalmente em Tr\u00eas Barras &#8211; SC.<\/p>\n<p>Nesta unidade, a RIGESA opera com o plantio do pinus e a produ\u00e7\u00e3o de papel\u00e3o e produtos para embalagens em cart\u00e3o.<\/p>\n<p>A ESTEIO foi contratada pela RIGESA para execu\u00e7\u00e3o de servi\u00e7os de Cobertura Aerofotogram\u00e9trica Infra-Vermelho Colorido na escala 1:30.000 com posterior gera\u00e7\u00e3o de Ortofotocartas Planialtim\u00e9tricas Infra-Vermelha Coloridas na escala 1:10.000 provenientes desta cobertura. Al\u00e9m disso, foram restitu\u00edos na escala 1:10.000 todas as propriedades e seus respectivos talh\u00f5es na \u00e1rea de interesse.<\/p>\n<p>O grande diferencial neste trabalho \u00e9 que as Ortofotos foram obtidas da Cobertura Infravermelho Colorida.<\/p>\n<p>Esse tipo de filme, dentre outros aspectos, facilita a diferencia\u00e7\u00e3o de tipos de vegeta\u00e7\u00e3o e quantidade de umidade no solo atrav\u00e9s das tonalidades do vermelho.<\/p>\n<p>Al\u00e9m disso, permite o realce por meio de respostas radiom\u00e9tricas (tonalidades) de vegeta\u00e7\u00e3o com seu estado fitosanit\u00e1rio alterado.<\/p>\n<p>Isto \u00e9 de extrema import\u00e2ncia para empresas reflorestadoras, pois a infesta\u00e7\u00e3o de determinadas doen\u00e7as \u00e9 muito r\u00e1pida e conhecimento exato de sua extens\u00e3o e ataque \u00e9 crucial para impedir a propaga\u00e7\u00e3o desta situa\u00e7\u00e3o para \u00e1reas sadias.<\/p>\n<p>Com este levantamento detalhado, a RIGESA aprimorou o invent\u00e1rio florestal das suas \u00e1reas de plantio. Assim, a empresa pode estudar e avaliar qual \u00e9 a melhor \u00e9poca para a planta\u00e7\u00e3o de determinadas esp\u00e9cies, em que local existe o melhor n\u00edvel de produtividade baseado nas respostas de ensaios de solo e plantio e fazer um controle das \u00e1reas utilizadas para o corte seletivo.<\/p>\n<p>As Plantas Cartogr\u00e1ficas resultantes da Capta\u00e7\u00e3o Fotogram\u00e9trica foram largamente empregadas em um SIG (Sistema de Informa\u00e7\u00f5es Geogr\u00e1ficas). Os principais t\u00f3picos desenvolvidos no SIG foram o cadastramento de estradas (rampa, largura, estado de conserva\u00e7\u00e3o, etc.), cobertura florestal, hidrografia, \u00e1reas de preserva\u00e7\u00e3o, \u00e1reas reflorestadas e n\u00e3o reflorestadas com n\u00famero, \u00e1rea dos talh\u00f5es e.outras informa\u00e7\u00f5es pertinentes a cada \u00e1rea de plantio.<\/p>\n<p>As principais atividades e produtos deste servi\u00e7o est\u00e3o destacados abaixo :<\/p>\n<ol class=\"breadcrumb\">\n<li class=\"active\">\n<ul>\n<li>Cobertura Aerofotogram\u00e9trica Infra-vermelho Colorida na escala 1:30.000;<\/li>\n<li>Prepara\u00e7\u00e3o da base cartogr\u00e1fica digital das \u00e1reas de interesse na escala 1:10.000;<\/li>\n<li>Jun\u00e7\u00e3o da base cartogr\u00e1fica digital com a as imagens para cria\u00e7\u00e3o da Ortofotocarta;<\/li>\n<li>Prepara\u00e7\u00e3o da base cartogr\u00e1fica para suporte ao SIG.<\/li>\n<\/ul>\n<\/li>\n<\/ol>\n","protected":false},"excerpt":{"rendered":"<p>[IMAGEM_CAROUSEL] As \u00e1reas de reflorestamento de Pinus s\u00e3o a mat\u00e9ria prima para as ind\u00fastrias de Papel e Celulose. Por isso, o conhecimento do seu estado fitosanit\u00e1rio, a sua localiza\u00e7\u00e3o geogr\u00e1fica &#8230;<\/p>\n","protected":false},"author":1,"featured_media":0,"parent":2308,"menu_order":0,"comment_status":"closed","ping_status":"closed","template":"","meta":{"footnotes":""},"class_list":["post-2317","page","type-page","status-publish","hentry"],"_links":{"self":[{"href":"https:\/\/www.esteio.com.br\/es\/wp-json\/wp\/v2\/pages\/2317","targetHints":{"allow":["GET"]}}],"collection":[{"href":"https:\/\/www.esteio.com.br\/es\/wp-json\/wp\/v2\/pages"}],"about":[{"href":"https:\/\/www.esteio.com.br\/es\/wp-json\/wp\/v2\/types\/page"}],"author":[{"embeddable":true,"href":"https:\/\/www.esteio.com.br\/es\/wp-json\/wp\/v2\/users\/1"}],"replies":[{"embeddable":true,"href":"https:\/\/www.esteio.com.br\/es\/wp-json\/wp\/v2\/comments?post=2317"}],"version-history":[{"count":3,"href":"https:\/\/www.esteio.com.br\/es\/wp-json\/wp\/v2\/pages\/2317\/revisions"}],"predecessor-version":[{"id":6699,"href":"https:\/\/www.esteio.com.br\/es\/wp-json\/wp\/v2\/pages\/2317\/revisions\/6699"}],"up":[{"embeddable":true,"href":"https:\/\/www.esteio.com.br\/es\/wp-json\/wp\/v2\/pages\/2308"}],"wp:attachment":[{"href":"https:\/\/www.esteio.com.br\/es\/wp-json\/wp\/v2\/media?parent=2317"}],"curies":[{"name":"wp","href":"https:\/\/api.w.org\/{rel}","templated":true}]}}