{"id":2344,"date":"2017-05-18T17:32:35","date_gmt":"2017-05-18T17:32:35","guid":{"rendered":"http:\/\/esteio.com.br\/?page_id=2344"},"modified":"2022-05-31T19:52:38","modified_gmt":"2022-05-31T19:52:38","slug":"rigesa","status":"publish","type":"page","link":"https:\/\/www.esteio.com.br\/es\/executados\/percepcao-remota\/rigesa\/","title":{"rendered":"RIGESA &#8211; Reflorestamento de Pinus"},"content":{"rendered":"[IMAGEM_CAROUSEL]\n<p>As \u00e1reas de reflorestamento de Pinus s\u00e3o important\u00edssimas para as ind\u00fastrias de Papel e Celulose. Al\u00e9m de \u00e1reas pr\u00f3prias de reflorestamento estas ind\u00fastrias muitas vezes necessitam de madeira que tenha sido plantada por terceiros para suprir as suas necessidades produtivas.<\/p>\n<p>A empresa Rigesa Celulose, Papel e Embalagens Ltda. \u00e9 uma subsidi\u00e1ria do grupo norte-americano Westvaco Corporation, e mant\u00e9m unidades fabris em Valinhos (SP), Tr\u00eas Barras e Blumenau (SC), Manaus (AM) e Pacajus (CE).<\/p>\n<p>Com a produ\u00e7\u00e3o verticalizada, a Rigesa trabalha com o plantio do pinus (mat\u00e9ria-prima usada na fabrica\u00e7\u00e3o do papel) at\u00e9 a produ\u00e7\u00e3o de embalagens de papel\u00e3o e produtos para embalagens em cart\u00e3o.<\/p>\n<p>A ESTEIO foi contratada pela Rigesa Celulose Papel e Embalagens Ltda. que fica situada no Planalto Norte catarinense, para execu\u00e7\u00e3o de um levantamento das \u00e1reas existentes de Reflorestamento de Pinus num raio de aproximadamente 100 km a partir da cidade de Tr\u00eas Barras em Santa Catarina.<\/p>\n<p>Para suportar a atividade de amostragem foi adquirida uma imagem LANDSAT 5 do sensor tem\u00e1tico com resolu\u00e7\u00e3o de 30m.<\/p>\n<p>Como a inten\u00e7\u00e3o era a detec\u00e7\u00e3o de \u00e1reas de Pinus dentro de um raio pr\u00e9-determinado, foi providenciada a coleta de amostras de campo em regi\u00f5es identificadas e conhecidas como Pinus para certifica\u00e7\u00e3o da resposta radiom\u00e9trica dos pixels relativos \u00e0s \u00e1reas de interesse.<\/p>\n<p>Como suporte para os resultados da classifica\u00e7\u00e3o das \u00e1reas foram preparadas cartas geogr\u00e1ficas da regi\u00e3o em meio digital na escala 1:250.000.<\/p>\n<p>A Rigesa foi considerada a melhor empresa no setor de papel e celulose no ano de 98 pela revista Exame e somente na f\u00e1brica de Tr\u00eas Barras-SC foi respons\u00e1vel por aproximadamente US$ 80 milh\u00f5es de faturamento no setor.<\/p>\n<p>As principais atividades e produtos deste servi\u00e7o est\u00e3o destacados abaixo :<\/p>\n<ol class=\"breadcrumb\">\n<li class=\"active\">\n<ul>\n<li>Sele\u00e7\u00e3o e aquisi\u00e7\u00e3o das imagens de sat\u00e9lite mais adequadas ao servi\u00e7o;<\/li>\n<li>Prepara\u00e7\u00e3o da base cartogr\u00e1fica digital da \u00e1rea de interesse;<\/li>\n<li>Corre\u00e7\u00e3o Geom\u00e9trica e Radiom\u00e9trica da Imagem Landsat;<\/li>\n<li>Classifica\u00e7\u00e3o Supervisionada para detec\u00e7\u00e3o das \u00e1reas de Pinus;<\/li>\n<li>Vetoriza\u00e7\u00e3o da classifica\u00e7\u00e3o;<\/li>\n<li>Jun\u00e7\u00e3o da base cartogr\u00e1fica digital com a classifica\u00e7\u00e3o vetorizada;<\/li>\n<li>Gera\u00e7\u00e3o de produtos impressos e em meio digital para entrega.<\/li>\n<\/ul>\n<\/li>\n<\/ol>","protected":false},"excerpt":{"rendered":"<p>[IMAGEM_CAROUSEL] As \u00e1reas de reflorestamento de Pinus s\u00e3o important\u00edssimas para as ind\u00fastrias de Papel e Celulose. Al\u00e9m de \u00e1reas pr\u00f3prias de reflorestamento estas ind\u00fastrias muitas vezes necessitam de madeira que &#8230;<\/p>\n","protected":false},"author":1,"featured_media":0,"parent":2338,"menu_order":0,"comment_status":"closed","ping_status":"closed","template":"","meta":{"footnotes":""},"class_list":["post-2344","page","type-page","status-publish","hentry"],"_links":{"self":[{"href":"https:\/\/www.esteio.com.br\/es\/wp-json\/wp\/v2\/pages\/2344","targetHints":{"allow":["GET"]}}],"collection":[{"href":"https:\/\/www.esteio.com.br\/es\/wp-json\/wp\/v2\/pages"}],"about":[{"href":"https:\/\/www.esteio.com.br\/es\/wp-json\/wp\/v2\/types\/page"}],"author":[{"embeddable":true,"href":"https:\/\/www.esteio.com.br\/es\/wp-json\/wp\/v2\/users\/1"}],"replies":[{"embeddable":true,"href":"https:\/\/www.esteio.com.br\/es\/wp-json\/wp\/v2\/comments?post=2344"}],"version-history":[{"count":4,"href":"https:\/\/www.esteio.com.br\/es\/wp-json\/wp\/v2\/pages\/2344\/revisions"}],"predecessor-version":[{"id":6494,"href":"https:\/\/www.esteio.com.br\/es\/wp-json\/wp\/v2\/pages\/2344\/revisions\/6494"}],"up":[{"embeddable":true,"href":"https:\/\/www.esteio.com.br\/es\/wp-json\/wp\/v2\/pages\/2338"}],"wp:attachment":[{"href":"https:\/\/www.esteio.com.br\/es\/wp-json\/wp\/v2\/media?parent=2344"}],"curies":[{"name":"wp","href":"https:\/\/api.w.org\/{rel}","templated":true}]}}