{"id":2357,"date":"2017-05-18T18:53:52","date_gmt":"2017-05-18T18:53:52","guid":{"rendered":"http:\/\/esteio.com.br\/?page_id=2357"},"modified":"2022-05-31T19:27:34","modified_gmt":"2022-05-31T19:27:34","slug":"serra-sul-mina","status":"publish","type":"page","link":"https:\/\/www.esteio.com.br\/es\/executados\/perfilamento-laser\/serra-sul-mina\/","title":{"rendered":"Perfilamento a LASER em Serra Sul &#8211; Mina \/ Usina para CVRD"},"content":{"rendered":"[IMAGEM_CAROUSEL]\n<p>A ESTEIO foi contratada pela empresa VALE (Companhia Vale do Rio Doce) para executar servi\u00e7os de levantamento topogr\u00e1fico, a\u00e9reo, a laser, da faixa necess\u00e1ria para a elabora\u00e7\u00e3o de projetos dos Programas Serra Sul e Serra Leste, ambos localizados no Complexo Mineral de Caraj\u00e1s, Munic\u00edpios de Cana\u00e3 dos Caraj\u00e1s e Curion\u00f3polis, Estado do Par\u00e1.<\/p>\n<p>As \u00e1reas de interesse do projeto Serra Sul situam-se na regi\u00e3o da floresta amaz\u00f4nica, aproximadamente entre os paralelos 49\u00b0 53&#8242; Oeste e 50\u00b0 34&#8242; Oeste e segundo a VALE, este ser\u00e1 o maior projeto de min\u00e9rio de ferro do mundo e ter\u00e1 capacidade de produ\u00e7\u00e3o de 90 Mtpa.<\/p>\n<p>A regi\u00e3o tem predomin\u00e2ncia de clima quente, tropical \u00famido, com esta\u00e7\u00e3o seca correspondente aos meses de junho, julho e agosto, quando a precipita\u00e7\u00e3o m\u00e9dia mensal \u00e9 da ordem de 27 mm, o que por si s\u00f3, j\u00e1 demonstra o tipo de dificuldade para realiza\u00e7\u00e3o de atividades de aerolevantementos. Para efeito de maior ilustra\u00e7\u00e3o, vale citar que o trimestre mais chuvoso ocorre nos meses de janeiro, fevereiro e mar\u00e7o, com precipita\u00e7\u00e3o m\u00e9dia mensal de 329 mm. A precipita\u00e7\u00e3o m\u00e9dia anual \u00e9 da ordem de 2.062 mm. A temperatura m\u00e9dia anual \u00e9 de 26\u00b0C, com temperatura m\u00e1xima absoluta em torno de 40\u00b0C.<\/p>\n<p>O levantamento objeto desta contrata\u00e7\u00e3o, complementa coberturas j\u00e1 realizadas pela ESTEIO em novembro de 2004 e dezembro de 2007 para o Programa Serra Sul, cujos resultados representaram plantas com curvas de n\u00edvel de metro em metro.<\/p>\n<p>Destacamos ent\u00e3o neste texto, detalhes do terceiro servi\u00e7o que a ESTEIO executa para a VALE nesta regi\u00e3o observando que para atender os requisitos de obten\u00e7\u00e3o de dados cartogr\u00e1ficos para o projeto Serra Sul &#8211; Mina\/Usina, a ESTEIO evidencia mais uma vez o uso da tecnologia de Perfilamento LASER atrav\u00e9s do sensor ALS 50 II da Leica para 09 (nove) \u00e1reas que totalizam 1.133,77 km\u00b2.<\/p>\n<div class=\"row\">\n<div class=\"col-md-2\">\n<\/div>\n<div class=\"col-md-8\">\n<table class=\"tabela\">\n<tbody>\n<tr>\n<td><strong>Identifica\u00e7\u00e3o<\/strong><\/td>\n<td><strong>\u00c1rea (km\u00b2)<\/strong><\/td>\n<td><strong>Localiza\u00e7\u00e3o \/ Munic\u00edpio<\/strong><\/td>\n<\/tr>\n<tr>\n<td>\n<p class=\"centro\">\u00c1rea 01<\/p>\n<\/td>\n<td>\n<p class=\"centro\">23,50<\/p>\n<\/td>\n<td>Cana\u00e3 Dos Caraj\u00e1s \/PA<\/td>\n<\/tr>\n<tr>\n<td>\n<p class=\"centro\">\u00c1rea 02<\/p>\n<\/td>\n<td>\n<p class=\"centro\">31,33<\/p>\n<\/td>\n<td>Cana\u00e3 Dos Caraj\u00e1s e Parauapebas \/PA<\/td>\n<\/tr>\n<tr>\n<td>\n<p class=\"centro\">\u00c1rea 03<\/p>\n<\/td>\n<td>\n<p class=\"centro\">40,60<\/p>\n<\/td>\n<td>Cana\u00e3 Dos Caraj\u00e1s \/PA<\/td>\n<\/tr>\n<tr>\n<td>\n<p class=\"centro\">\u00c1rea 04<\/p>\n<\/td>\n<td>\n<p class=\"centro\">327,29<\/p>\n<\/td>\n<td>Cana\u00e3 Dos Caraj\u00e1s e \u00c1gua Azul do Norte \/PA<\/td>\n<\/tr>\n<tr>\n<td>\n<p class=\"centro\">\u00c1rea 05<\/p>\n<\/td>\n<td>\n<p class=\"centro\">264,65<\/p>\n<\/td>\n<td>Parauapebas, Curion\u00f3polis e Marab\u00e1 \/PA<\/td>\n<\/tr>\n<tr>\n<td>\n<p class=\"centro\">\u00c1rea 06<\/p>\n<\/td>\n<td>\n<p class=\"centro\">239,52<\/p>\n<\/td>\n<td>Parauapebas, Curion\u00f3polis \/PA<\/td>\n<\/tr>\n<tr>\n<td>\n<p class=\"centro\">\u00c1rea 07<\/p>\n<\/td>\n<td>\n<p class=\"centro\">49,60<\/p>\n<\/td>\n<td>Cana\u00e3 dos Caraj\u00e1s e Parauapebas<\/td>\n<\/tr>\n<tr>\n<td>\n<p class=\"centro\">\u00c1rea 08<\/p>\n<\/td>\n<td>\n<p class=\"centro\">49,36<\/p>\n<\/td>\n<td>Marab\u00e1 \/PA<\/td>\n<\/tr>\n<tr>\n<td>\n<p class=\"centro\">\u00c1rea 09<\/p>\n<\/td>\n<td>\n<p class=\"centro\">37,92<\/p>\n<\/td>\n<td>Itupiranga e Nova Ipixuna \/PA<\/td>\n<\/tr>\n<\/tbody>\n<\/table>\n<\/div>\n<\/div>\n<p class=\"subtitulo\">Planejamento das atividades<\/p>\n<p>Para a efetiva\u00e7\u00e3o do planejamento geral dos trabalhos em \u00e1reas desta natureza, bem como para execu\u00e7\u00e3o dos levantamentos, \u00e9 essencial ter-se \u00e0 disposi\u00e7\u00e3o os dados geod\u00e9sicos e cartogr\u00e1ficos referentes \u00e0 \u00e1rea de trabalho. Observe-se ainda que al\u00e9m do material que a empresa j\u00e1 possui a respeito da regi\u00e3o, novos dados s\u00e3o coletados para compor os trabalhos.<\/p>\n<p>Nesta fase s\u00e3o elaborados detalhes das rotinas de trabalho t\u00e9cnico e administrativo, com base no conhecimento e experiencia da empresa, considerando principalmente trabalhos similares j\u00e1 realizados.<\/p>\n<p class=\"subtitulo\">Servi\u00e7os<\/p>\n<ol class=\"breadcrumb\">\n<li class=\"active\">\n<ul>\n<li>Mapa escala 1:5.000<\/li>\n<li>Imagens hipsom\u00e9tricas 1:5.000<\/li>\n<li>Foto-mosaico 1:5.000 (ortofotos)<\/li>\n<li>Arquivo de Pontos<\/li>\n<li>Filmagem<\/li>\n<li>Implanta\u00e7\u00e3o de Marcos Topogr\u00e1ficos de Refer\u00eancia<\/li>\n<\/ul>\n<\/li>\n<\/ol>\n<p>Perfilamento a LASER aerotransportado, seu processamento, cobertura aerofotogram\u00e9trica na escala nominal 1:30.000 colorida, apoio fotogram\u00e9trico obtido do perfilamento LASER e aerotriangula\u00e7\u00e3o, s\u00e3o etapas previstas para o desenvolvimento dos processos visando apresenta\u00e7\u00e3o dos produtos listados acima, considerando total observa\u00e7\u00e3o da Normatiza\u00e7\u00e3o para Dados Geogr\u00e1ficos e Sistema de Informa\u00e7\u00e3o Geogr\u00e1fica (SIG) do Departamento de Gest\u00e3o Ambiental e Territorial &#8211; DIAT &#8211; da VALE.<\/p>\n<p class=\"subtitulo\">Mapeamento LASER<\/p>\n<p>As principais etapas do mapeamento LASER relacionado ao presente trabalho, podem ser observadas <a href=\"http:\/\/esteio.com.br\/index.php?pagina=servicos\/oferecidos\/perfilam_laser.php\">aqui.<\/a><\/p>\n<p>O levantamento planejado tem origem, principalmente no planejamento de faixas de cobertura LASER e determina sua captura (coleta), grava\u00e7\u00e3o e descarga dos dados dos arquivos para processamento posterior.<\/p>\n<p>O processamento dos dados levantados, feito na sede da empresa em Curitiba, apresenta como resultado uma nuvem de pontos que caracteriza o DEM (Modelo de Eleva\u00e7\u00e3o do Terreno) que abrange a totalidade de pontos levantados. As coordenadas destes pontos s\u00e3o calculadas inicialmente no sistema WGS-84 e posteriormente s\u00e3o convertidas para o DATUM pr\u00f3prio da VALE, conforme recomenda\u00e7\u00e3o do cliente.<\/p>\n<p>Os produtos gerados a partir deste levantamento s\u00e3o as imagens de composi\u00e7\u00e3o LASER e as curvas de n\u00edvel com equidist\u00e2ncia de 1 m.<\/p>\n<p class=\"subtitulo\">Foto-Mosaico (ortofotos)<\/p>\n<p>Os foto-mosaicos gerados na escala 1:5.000, articulados em folhas de aproximadamente 7 km\u00b2, abrangendo as \u00e1reas objeto do contrato, s\u00e3o produtos incluidos no processo obdecendo as precis\u00f5es cartogr\u00e1ficas relacionadas a ortofotocartas .<\/p>\n<p>A retifica\u00e7\u00e3o das fotografias est\u00e3o vinculadas ao processamento de imagens atrav\u00e9s de programas computacionais espec\u00edficos.<\/p>\n<p>Para gera\u00e7\u00e3o dos foto-mosaicos \u00e9 utilizado sistema que possui fun\u00e7\u00f5es necess\u00e1rias ao tratamento da imagem e obten\u00e7\u00e3o do produto. Dentre estas fun\u00e7\u00f5es destacamos: &#8211; Orienta\u00e7\u00e3o das imagens; &#8211; gera\u00e7\u00e3o de DTM por correla\u00e7\u00e3o; &#8211; importa\u00e7\u00e3o de DTM; &#8211; ortorretifica\u00e7\u00e3o (tratamento geom\u00e9trico); &#8211; mosaicagem.<\/p>\n<p class=\"subtitulo\">Mapas em escala 1:5000<\/p>\n<p>Mapas em escala 1:5.000 s\u00e3o gerados a partir dos elementos obtidos do perfilamento LASER, dos foto-mosaicos (ortofotos) e outros documentos cartogr\u00e1ficos e geod\u00e9sicos existentes.<\/p>\n<p>Os mapas 1:5.000 s\u00e3o compostos de folhas abrangendo cerca de 7 km\u00b2 cada e contemplam os seguintes elementos:<\/p>\n<ol class=\"breadcrumb\">\n<li class=\"active\">\n<ul>\n<li>O foto mosaico como &#8220;pano de fundo&#8221;;<\/li>\n<li>Curvas de n\u00edvel equidistantes de 1 metro;<\/li>\n<li>A posi\u00e7\u00e3o do marcos geod\u00e9sicos implantados e existentes;<\/li>\n<li>A topon\u00edmia dos principais acidentes geogr\u00e1ficos e localidades (retirados de cartografia oficial existente e de plantas fornecidas pela VALE)<\/li>\n<\/ul>\n<\/li>\n<\/ol>","protected":false},"excerpt":{"rendered":"<p>[IMAGEM_CAROUSEL] A ESTEIO foi contratada pela empresa VALE (Companhia Vale do Rio Doce) para executar servi\u00e7os de levantamento topogr\u00e1fico, a\u00e9reo, a laser, da faixa necess\u00e1ria para a elabora\u00e7\u00e3o de projetos &#8230;<\/p>\n","protected":false},"author":1,"featured_media":0,"parent":2347,"menu_order":0,"comment_status":"closed","ping_status":"closed","template":"","meta":{"footnotes":""},"class_list":["post-2357","page","type-page","status-publish","hentry"],"_links":{"self":[{"href":"https:\/\/www.esteio.com.br\/es\/wp-json\/wp\/v2\/pages\/2357","targetHints":{"allow":["GET"]}}],"collection":[{"href":"https:\/\/www.esteio.com.br\/es\/wp-json\/wp\/v2\/pages"}],"about":[{"href":"https:\/\/www.esteio.com.br\/es\/wp-json\/wp\/v2\/types\/page"}],"author":[{"embeddable":true,"href":"https:\/\/www.esteio.com.br\/es\/wp-json\/wp\/v2\/users\/1"}],"replies":[{"embeddable":true,"href":"https:\/\/www.esteio.com.br\/es\/wp-json\/wp\/v2\/comments?post=2357"}],"version-history":[{"count":6,"href":"https:\/\/www.esteio.com.br\/es\/wp-json\/wp\/v2\/pages\/2357\/revisions"}],"predecessor-version":[{"id":6398,"href":"https:\/\/www.esteio.com.br\/es\/wp-json\/wp\/v2\/pages\/2357\/revisions\/6398"}],"up":[{"embeddable":true,"href":"https:\/\/www.esteio.com.br\/es\/wp-json\/wp\/v2\/pages\/2347"}],"wp:attachment":[{"href":"https:\/\/www.esteio.com.br\/es\/wp-json\/wp\/v2\/media?parent=2357"}],"curies":[{"name":"wp","href":"https:\/\/api.w.org\/{rel}","templated":true}]}}