{"id":2364,"date":"2017-05-18T19:01:52","date_gmt":"2017-05-18T19:01:52","guid":{"rendered":"http:\/\/esteio.com.br\/?page_id=2364"},"modified":"2022-05-31T19:25:19","modified_gmt":"2022-05-31T19:25:19","slug":"alemao","status":"publish","type":"page","link":"https:\/\/www.esteio.com.br\/es\/executados\/perfilamento-laser\/alemao\/","title":{"rendered":"Perfilamento a LASER no Alem\u00e3o para CVRD"},"content":{"rendered":"[IMAGEM_CAROUSEL]\n<p>O projeto Alem\u00e3o visa a produ\u00e7\u00e3o de concentrado de Cu-Au (cobre e ouro) atrav\u00e9s do beneficiamento em etapa de cominui\u00e7\u00e3o e flota\u00e7\u00e3o.<\/p>\n<p>O dep\u00f3sito do projeto Alem\u00e3o foi descoberto em 1996, pela Docegeo, atrav\u00e9s de um programa de sondagem explorat\u00f3ria, realizado com o objetivo de checar anomalias aerogeof\u00edsicas e geoqu\u00edmicas.<\/p>\n<p>Desde 1996 at\u00e9 o presente, foram realizadas, no Projeto Alem\u00e3o, diversas campanhas de sondagem (geol\u00f3gica, geot\u00e9cnica, metal\u00fargica, etc.) totalizando mais de 180.000 m perfurados. Entre os trabalhos realizados inclui-se a abertura de uma galeria subterr\u00e2nea, para execu\u00e7\u00e3o de sondagem em profundidade.<\/p>\n<p>O Projeto Alem\u00e3o apresenta uma grande sinergia com outros projetos de cobre e ouro desenvolvidos pela CVRD &#8211; Companhia Vale do Rio Doce na regi\u00e3o de Caraj\u00e1s, como o Salobo, Sossego, 118 e UHC.<\/p>\n<p>A ESTEIO foi contratada para realizar o mapeamento altim\u00e9trico de precis\u00e3o, utilizando LASER aerotransportado, sobre a \u00e1rea do Projeto Alem\u00e3o, localizado no munic\u00edpio de Parauapebas, no Estado do Par\u00e1, abrangendo uma \u00e1rea de 176,64 Km\u00b2.<\/p>\n<p class=\"subtitulo\">Levantamento LASER<\/p>\n<p>O equipamento utilizado pela ESTEIO S.A foi o ALTM 2025 da Optech Inc. Este emite 25.000 pulsos LASER por segundo, possui \u00e2ngulo de varredura de at\u00e9 40\u00b0 e pode voar com altitude de at\u00e9 2.000 m.<\/p>\n<p>Para este servi\u00e7o utilizou-se um \u00e2ngulo de varredura de 20\u00b0 e uma altura m\u00e9dia de voo de 1000 m. Estes par\u00e2metros resultaram em um espa\u00e7amento entre os pontos, no terreno, de aproximadamente 1 metro.<\/p>\n<p class=\"subtitulo\">Equipamento GPS de Campo<\/p>\n<p>No solo e em tempo real, o componente principal \u00e9 o receptor GPS neste caso possui duas frequ\u00eancias de rastreio. Deve ser instalado em um ponto com coordenadas geogr\u00e1ficas conhecidas para a corre\u00e7\u00e3o diferencial das medi\u00e7\u00f5es do LASER.<\/p>\n<p>O equipamento usado foi o GPS de duas frequ\u00eancias modelo SR530, da Leica Geosystems, de 12 canais L1 e L2 com Antena AT 502: L1\/L2 microstrip com plano de terra incorporado.<\/p>\n<p class=\"subtitulo\">V\u00e9rtices GPS em Campo<\/p>\n<p>Visando subsidiar futuros trabalhos e tamb\u00e9m manter o mesmo sistema referencial ora utilizado, foram materializados em campo, atrav\u00e9s de marcos de concreto, dois v\u00e9rtices e uma base para o rastreio LASER.<\/p>\n<p class=\"subtitulo\">Gera\u00e7\u00e3o de Imagens Utilizando os Pontos LASER<\/p>\n<p>Com a informa\u00e7\u00e3o dos arquivos processados (coordenadas E,N,h) dos pontos levantados e com o uso do programa APL QT Viewer e da sua ferramenta Quick GEOTIFF Utility foram geradas imagens utilizando a composi\u00e7\u00e3o entre a imagem hipsom\u00e9trica e a imagem de intensidade, processando transpar\u00eancias entre os pixels para ressaltar cores da intensidade na imagem hipsom\u00e9trica.<\/p>\n<p class=\"subtitulo\">Qualidade do MDT<\/p>\n<p>Para comprovar a qualidade do MDT &#8211; Modelo Digital do Terreno &#8211; gerado, foram comparados 345 pontos, distribu\u00eddos pela \u00e1rea do projeto. Estes pontos foram determinados atrav\u00e9s de processos topogr\u00e1ficos e fornecidos a ESTEIO pela CVRD.<\/p>\n<p>Resultado estat\u00edstico da compara\u00e7\u00e3o entre a topografia e o LASER:<\/p>\n<div class=\"row\">\n<div class=\"col-md-4\">\n<\/div>\n<div class=\"col-md-4\">\n<table class=\"tabela\">\n<tbody>\n<tr>\n<td><strong>Diferen\u00e7a M\u00e1xima (m)<\/strong><\/td>\n<td>\n<p class=\"centro\">1,27<\/p>\n<\/td>\n<\/tr>\n<tr>\n<td><strong>Diferen\u00e7a M\u00ednima (m)<\/strong><\/td>\n<td>\n<p class=\"centro\">-0,52<\/p>\n<\/td>\n<\/tr>\n<tr>\n<td><strong>M\u00e9dia (m)<\/strong><\/td>\n<td>\n<p class=\"centro\">0,17<\/p>\n<\/td>\n<\/tr>\n<tr>\n<td><strong>Desvio Padr\u00e3o (m)<\/strong><\/td>\n<td>\n<p class=\"centro\">0,20<\/p>\n<\/td>\n<\/tr>\n<\/tbody>\n<\/table>\n<\/div>\n<\/div>\n<p>Foram tamb\u00e9m analisados 47 pontos levantados pela ESTEIO utilizando-se GPS, por processo est\u00e1tico r\u00e1pido. Resultado estat\u00edstico da compara\u00e7\u00e3o entre GPS e o LASER:<\/p>\n<div class=\"row\">\n<div class=\"col-md-4\">\n<\/div>\n<div class=\"col-md-4\">\n<table class=\"tabela\">\n<tbody>\n<tr>\n<td><strong>Diferen\u00e7a M\u00e1xima (m)<\/strong><\/td>\n<td>\n<p class=\"centro\">0,63<\/p>\n<\/td>\n<\/tr>\n<tr>\n<td><strong>Diferen\u00e7a M\u00ednima (m)<\/strong><\/td>\n<td>\n<p class=\"centro\">-0,02<\/p>\n<\/td>\n<\/tr>\n<tr>\n<td><strong>M\u00e9dia (m)<\/strong><\/td>\n<td>\n<p class=\"centro\">0,34<\/p>\n<\/td>\n<\/tr>\n<tr>\n<td><strong>Desvio Padr\u00e3o (m)<\/strong><\/td>\n<td>\n<p class=\"centro\">0,12<\/p>\n<\/td>\n<\/tr>\n<\/tbody>\n<\/table>\n<\/div>\n<\/div>\n<p>O principais produtos e atividades desenvolvidas neste servi\u00e7o foram:<\/p>\n<ol class=\"breadcrumb\">\n<li class=\"active\">\n<ul>\n<li>Mapas na Escala 1:5.000 em meio digital e plotados em papel glossy paper;<\/li>\n<li>Mapas na Escala 1:20.000 em meio digital e plotados em papel glossy paper;<\/li>\n<li>Filmagem das faixas de voo da \u00e1rea contratada;<\/li>\n<li>Imagens de composi\u00e7\u00e3o hipsom\u00e9trica\/ intensidade, adicionadas como pano de fundo aos mapas na Escala 1: 5.000 e 1: 20.000;<\/li>\n<li>Arquivos de pontos MDE, MDT e MEV (pontos acima do terreno);<\/li>\n<\/ul>\n<\/li>\n<\/ol>","protected":false},"excerpt":{"rendered":"<p>[IMAGEM_CAROUSEL] O projeto Alem\u00e3o visa a produ\u00e7\u00e3o de concentrado de Cu-Au (cobre e ouro) atrav\u00e9s do beneficiamento em etapa de cominui\u00e7\u00e3o e flota\u00e7\u00e3o. O dep\u00f3sito do projeto Alem\u00e3o foi descoberto &#8230;<\/p>\n","protected":false},"author":1,"featured_media":0,"parent":2347,"menu_order":0,"comment_status":"closed","ping_status":"closed","template":"","meta":{"footnotes":""},"class_list":["post-2364","page","type-page","status-publish","hentry"],"_links":{"self":[{"href":"https:\/\/www.esteio.com.br\/es\/wp-json\/wp\/v2\/pages\/2364","targetHints":{"allow":["GET"]}}],"collection":[{"href":"https:\/\/www.esteio.com.br\/es\/wp-json\/wp\/v2\/pages"}],"about":[{"href":"https:\/\/www.esteio.com.br\/es\/wp-json\/wp\/v2\/types\/page"}],"author":[{"embeddable":true,"href":"https:\/\/www.esteio.com.br\/es\/wp-json\/wp\/v2\/users\/1"}],"replies":[{"embeddable":true,"href":"https:\/\/www.esteio.com.br\/es\/wp-json\/wp\/v2\/comments?post=2364"}],"version-history":[{"count":7,"href":"https:\/\/www.esteio.com.br\/es\/wp-json\/wp\/v2\/pages\/2364\/revisions"}],"predecessor-version":[{"id":6387,"href":"https:\/\/www.esteio.com.br\/es\/wp-json\/wp\/v2\/pages\/2364\/revisions\/6387"}],"up":[{"embeddable":true,"href":"https:\/\/www.esteio.com.br\/es\/wp-json\/wp\/v2\/pages\/2347"}],"wp:attachment":[{"href":"https:\/\/www.esteio.com.br\/es\/wp-json\/wp\/v2\/media?parent=2364"}],"curies":[{"name":"wp","href":"https:\/\/api.w.org\/{rel}","templated":true}]}}