{"id":2380,"date":"2017-05-18T19:51:06","date_gmt":"2017-05-18T19:51:06","guid":{"rendered":"http:\/\/esteio.com.br\/?page_id=2380"},"modified":"2022-05-31T19:32:34","modified_gmt":"2022-05-31T19:32:34","slug":"ferrous-resources","status":"publish","type":"page","link":"https:\/\/www.esteio.com.br\/es\/executados\/perfilamento-laser\/ferrous-resources\/","title":{"rendered":"Ferrous Resources de Brasil"},"content":{"rendered":"[IMAGEM_CAROUSEL]\n<p style=\"text-align: justify\">La sucursal de Ferrous est&aacute; ubicada en Belo  Horizonte. Es una sociedad an&oacute;nima, de por lo menos 10 fondos institucionales  de inversionistas extranjeros, siendo el mayor, el norteamericano Harbinger,  adem&aacute;s de algunas empresas de capital nacional. Para llegar a su meta de estar  entre las mayores del mundo en su rubro, Ferrous incorporo peque&ntilde;as y medianas  miner&iacute;as, adem&aacute;s de los derechos del mineral aun no explorados o que no  tuvieran una secuencia. Ferrous buscar&aacute; ser una proveedora del mercado interno,  aumentando de forma gradual la producci&oacute;n para la exportaci&oacute;n.<\/p>\n<p class=\"subtitulo\">Finalidad del trabajo<\/p>\n<p>Esteio fue contratada por Ferrous para la  ejecuci&oacute;n de servicios de perfilamiento LASER aerotransportado y relevamiento  aerofotogrametrico, en ocho &aacute;reas, con un total de 248,17 km&sup2;, localizados en  el estado de Minas Gerais, conforme sigue:<\/p>\n<div class=\"row\">\n<div class=\"col-md-2\">\n<\/div>\n<div class=\"col-md-8\">\n<table class=\"tabela\">\n<tbody>\n<tr>\n<td>\n<p><strong>Identifica&ccedil;&atilde;o (nome)<\/strong><\/p>\n<\/td>\n<td>\n<p><strong>&Aacute;rea(Km&sup2;)<\/strong><\/p>\n<\/td>\n<td>\n<p><strong>Localiza&ccedil;&atilde;o (munic&iacute;pios atingidos)<\/strong><\/p>\n<\/td>\n<\/tr>\n<tr>\n<td>\n<p>Santanense<\/p>\n<\/td>\n<td>\n<p class=\"centro\">3.57<\/p>\n<\/td>\n<td>\n<p>Itatia&ccedil;u e Mateus Leme \/ MG<\/p>\n<\/td>\n<\/tr>\n<tr>\n<td>\n<p>Esperan&ccedil;a<\/p>\n<\/td>\n<td>\n<p class=\"centro\">32.77<\/p>\n<\/td>\n<td>\n<p>S&atilde;o Joaquim de Bicas, Mario Campos e Brumadinhho \/ MG<\/p>\n<\/td>\n<\/tr>\n<tr>\n<td>\n<p>Esperan&ccedil;a Norte<\/p>\n<\/td>\n<td>\n<p class=\"centro\">12.75<\/p>\n<\/td>\n<td>\n<p>S&atilde;o Joaquim de Bicas e Mario Campos \/ MG<\/p>\n<\/td>\n<\/tr>\n<tr>\n<td>\n<p>Serrinha<\/p>\n<\/td>\n<td>\n<p class=\"centro\">61.48<\/p>\n<\/td>\n<td>\n<p>Brumadinho, Nova Lima e    Itabirito \/ MG<\/p>\n<\/td>\n<\/tr>\n<tr>\n<td>\n<p>TCLD &ndash; P&aacute;tio<\/p>\n<\/td>\n<td>\n<p class=\"centro\">48.6<\/p>\n<\/td>\n<td>\n<p>Brumadinho \/ MG<\/p>\n<\/td>\n<\/tr>\n<tr>\n<td>\n<p>Viga<\/p>\n<\/td>\n<td>\n<p class=\"centro\">36.8<\/p>\n<\/td>\n<td>\n<p>Congonhas e Belo Vale \/ MG<\/p>\n<\/td>\n<\/tr>\n<tr>\n<td>\n<p>Viga Norte<\/p>\n<\/td>\n<td>\n<p class=\"centro\">27<\/p>\n<\/td>\n<td>\n<p>Itabirito \/ MG<\/p>\n<\/td>\n<\/tr>\n<tr>\n<td>\n<p>Viga Sul<\/p>\n<\/td>\n<td>\n<p class=\"centro\">25.2<\/p>\n<\/td>\n<td>\n<p>Congonhas e Jejeaba \/ MG<\/p>\n<\/td>\n<\/tr>\n<\/tbody>\n<\/table>\n<\/div>\n<\/div>\n<p class=\"subtitulo\">Localizaci&oacute;n de las &aacute;reas de trabajo<\/p>\n<p>Las &aacute;reas est&aacute;n localizadas en el cuadril&aacute;tero  ferrifero de Minas Gerais, considerada como la mayor provincia mineral del planeta.<\/p>\n<p>La mina de Serrinha que pertenec&iacute;a a la anticua miner&iacute;a EMESA, ubicada en el municipio de Brumadinho\/ES estaba con sus actividades suspendidas hace 13 a&ntilde;os.<\/p>\n<p>Explorada desde la d&eacute;cada de 40, con 1.567 hect&aacute;reas de extensi&oacute;n, la mina Esperan&ccedil;a, en Brumadinho, debe producir 5 millones de toneladas hasta el final de a&ntilde;o del 2009.<\/p>\n<p>Seg&uacute;n Ferrous, los yacimientos presentan reservas superiores a los 2 mil millones de toneladas de mineral hierro. Se estima que los recursos minerales de estas &aacute;reas permiten a Ferrous proyectar una producci&oacute;n de 50 millones de  toneladas por a&ntilde;o a partir del 2014.<\/p>\n<p class=\"subtitulo\">Cobertura Aerofotogram&eacute;trica<\/p>\n<p>Para atender a la demanda de obtenci&oacute;n de datos  cartogr&aacute;ficos, Esteio utiliz&oacute; la tecnolog&iacute;a de perfilamiento LASER con el uso del equipamiento ALS50 II de Leica.<\/p>\n<p>Considerando los resultados espec&iacute;ficos del relevamiento LASER, Ferrous podr&aacute;  hacer estudios del relieve del terreno que podr&aacute;n auxiliar en una vista mas  detallada de los cortes y terraplenes;<\/p>\n<p>Como actividad inicial para este servicio, Esteio hizo una cobertura aerofotogrametrica colorida con el uso del sensor digital LEICA ADS 40;<\/p>\n<p>La cobertura aerofotogrametrica fue hecha considerando los siguientes par&aacute;metros:<\/p>\n<ol class=\"breadcrumb\">\n<li class=\"active\">\n<ul>\n<li>GSD (Ground Sample Distance) m&aacute;ximo de 40 cm; <\/li>\n<li>Altura del vuelo: 3.858 metros; <\/li>\n<li>Ancho de la faja: 4.800 metros; <\/li>\n<li>Superposici&oacute;n lateral (m&iacute;nima): 30%; <\/li>\n<li>Fajas espectrales registradas: R,G,B,PAN y infrarrojo. <\/li>\n<\/ul>\n<\/li>\n<\/ol>\n<p class=\"subtitulo\">Perfilamiento Laser<\/p>\n<p>Para atender a los requisitos de obtenci&oacute;n de  datos altim&eacute;tricos, ESTEIO utilizo la tecnolog&iacute;a de Perfilamiento LASER com el uso de equipamiento ALS 50 II de Leica.<\/p>\n<p>Para este servicio se utilizo un &aacute;ngulo de barredura de 30&ordm;. Y una altura  promedio de vuelo de 2.100 m. Estos par&aacute;metros resultaran en un intervalo entre los puntos, en el terreno, de cerca de 1 metro.<\/p>\n<p class=\"subtitulo\">Calidad del MDT<\/p>\n<p>Buscando validar las actividades LASER, fueran realizados en campo,  puntos de control altim&eacute;trico, adem&aacute;s de levantamientos GPS para base del vuelo de perfilamiento LASER.<\/p>\n<p>A fin de comprobar la calidad del MDT generado, fueran comparados 100 puntos distribuidos por &aacute;reas. El servicio fue hecho observando la calidad, confiabilidad y alcanzando las tolerancias topogr&aacute;ficas seg&uacute;n las especificaciones contractuales: <\/p>\n<ol class=\"breadcrumb\">\n<li class=\"active\">\n<ul>\n<li>Error linear&lt;= 0,50 metros para puntos sin vegetaci&oacute;n; <\/li>\n<li>El resumen estad&iacute;stico de la comparaci&oacute;n entre GPS y LASER, comprueba la calida citada:<\/li>\n<\/ul>\n<\/li>\n<\/ol>\n<p>O resumo estat\u00edstico da compara\u00e7\u00e3o entre GPS e LASER, comprova a qualidade citada anteriormente:<\/p>\n<div class=\"row\">\n<div class=\"col-md-4\">\n<\/div>\n<div class=\"col-md-4\">\n<table class=\"tabela\">\n<tbody>\n<tr>\n<td>\n<p>Diferencia Maxima (m)<\/p>\n<\/td>\n<td>\n<p>0,723<\/p>\n<\/td>\n<\/tr>\n<tr>\n<td>\n<p>Diferencia M&iacute;nima<\/p>\n<\/td>\n<td>\n<p>-0,77<\/p>\n<\/td>\n<\/tr>\n<tr>\n<td>\n<p>Promedio<\/p>\n<\/td>\n<td>\n<p>0,072<\/p>\n<\/td>\n<\/tr>\n<tr>\n<td>\n<p>Desvio Padron (m)<\/p>\n<\/td>\n<td>\n<p>0,269<\/p>\n<\/td>\n<\/tr>\n<\/tbody>\n<\/table>\n<\/div>\n<\/div>\n<p>&Oacute;n de las informaciones  en campo y en el procesamiento en la oficina, hizo con que la equipe de topograf&iacute;a y GPS de FERROUS tuviera tiempo h&aacute;bil para atestar la calidad de los productos emitidos.<\/p>\n<p class=\"subtitulo\">Productos<\/p>\n<p>Ferrous tendr&aacute; condiciones de incorporar en estos productos, resultados de relevamientos topogr&aacute;ficos hechos por ella o por terceros y de esta forma manipular las diversas informaciones en un mismo producto con el mismo  georreferenciamiento.<\/p>\n<p>A partir de los productos emitidos es posible determinar los mejores accesos a las minas, asi como unir estos productos con resultados geol&oacute;gicos\/geot&eacute;cnicos y establecer el volumen de retirada de material en las &aacute;reas de inter&eacute;s;<\/p>\n<p>Los resultados del Perfilamiento a LASER y de la cobertura aerofotogrametrica proporcionaran a la confecci&oacute;n de los siguientes productos cartogr&aacute;ficos: <\/p>\n<ol class=\"breadcrumb\">\n<li class=\"active\">\n<ul>\n<li>Plantas en escala 1:5.000, con curvas de metro en metro; <\/li>\n<li>Archivos de puntos MDT e MDE (ASCII); <\/li>\n<\/ul>\n<\/li>\n<\/ol>","protected":false},"excerpt":{"rendered":"<p>[IMAGEM_CAROUSEL] La sucursal de Ferrous est&aacute; ubicada en Belo Horizonte. Es una sociedad an&oacute;nima, de por lo menos 10 fondos institucionales de inversionistas extranjeros, siendo el mayor, el norteamericano Harbinger, &#8230;<\/p>\n","protected":false},"author":1,"featured_media":0,"parent":2347,"menu_order":0,"comment_status":"closed","ping_status":"closed","template":"","meta":{"footnotes":""},"class_list":["post-2380","page","type-page","status-publish","hentry"],"_links":{"self":[{"href":"https:\/\/www.esteio.com.br\/es\/wp-json\/wp\/v2\/pages\/2380","targetHints":{"allow":["GET"]}}],"collection":[{"href":"https:\/\/www.esteio.com.br\/es\/wp-json\/wp\/v2\/pages"}],"about":[{"href":"https:\/\/www.esteio.com.br\/es\/wp-json\/wp\/v2\/types\/page"}],"author":[{"embeddable":true,"href":"https:\/\/www.esteio.com.br\/es\/wp-json\/wp\/v2\/users\/1"}],"replies":[{"embeddable":true,"href":"https:\/\/www.esteio.com.br\/es\/wp-json\/wp\/v2\/comments?post=2380"}],"version-history":[{"count":9,"href":"https:\/\/www.esteio.com.br\/es\/wp-json\/wp\/v2\/pages\/2380\/revisions"}],"predecessor-version":[{"id":6413,"href":"https:\/\/www.esteio.com.br\/es\/wp-json\/wp\/v2\/pages\/2380\/revisions\/6413"}],"up":[{"embeddable":true,"href":"https:\/\/www.esteio.com.br\/es\/wp-json\/wp\/v2\/pages\/2347"}],"wp:attachment":[{"href":"https:\/\/www.esteio.com.br\/es\/wp-json\/wp\/v2\/media?parent=2380"}],"curies":[{"name":"wp","href":"https:\/\/api.w.org\/{rel}","templated":true}]}}