{"id":2397,"date":"2017-05-19T17:37:56","date_gmt":"2017-05-19T17:37:56","guid":{"rendered":"http:\/\/esteio.com.br\/?page_id=2397"},"modified":"2018-02-22T20:01:05","modified_gmt":"2018-02-22T20:01:05","slug":"interlagos","status":"publish","type":"page","link":"https:\/\/www.esteio.com.br\/es\/executados\/perfilamento-laser\/interlagos\/","title":{"rendered":"Perfilamento a LASER na LT 345 KV Interlagos &#8211; S\u00e3o Roque para FUSP"},"content":{"rendered":"[IMAGEM_CAROUSEL]\n<p>Os avan\u00e7os tecnol\u00f3gicos significativos nos sistemas remotos aerotransportadas com poss\u00edvel aplica\u00e7\u00e3o em linhas de transmiss\u00e3o permitem uma nova vis\u00e3o para a coleta de dados de ante-projeto de LTs e outros trabalhos da engenharia.<\/p>\n<p>A maioria dos dados necess\u00e1rios para um ante-projeto ou projeto pode ser obtida com sistemas de perfilamento a LASER, considerando que a rapidez na aquisi\u00e7\u00e3o permite o trabalho em dezenas de quil\u00f4metros em um s\u00f3 dia, com uma precis\u00e3o no referenciamento geod\u00e9sico na ordem de 10 a 20 cm devido a utiliza\u00e7\u00e3o de GPS aerotransportado.<\/p>\n<p>As aplica\u00e7\u00f5es principais da tecnologia LASER para Linhas de Transmiss\u00e3o s\u00e3o as seguintes:<\/p>\n<ol class=\"breadcrumb\">\n<li class=\"active\">\n<ul>\n<li>Levantamento da Linha de Transmiss\u00e3o e das fei\u00e7\u00f5es da faixa (torres, cabos, \u00e1rvores, edifica\u00e7\u00f5es, etc.);<\/li>\n<li>Monitoramento da Linha de Transmiss\u00e3o com a finalidade de manuten\u00e7\u00e3o;<\/li>\n<li>Identifica\u00e7\u00e3o de locais onde a vegeta\u00e7\u00e3o est\u00e1 pr\u00f3xima dos cabos (para preven\u00e7\u00e3o de acidentes);<\/li>\n<li>Atualiza\u00e7\u00e3o de informa\u00e7\u00e3o sobre a ocupa\u00e7\u00e3o da faixa de servid\u00e3o.<\/li>\n<\/ul>\n<\/li>\n<\/ol>\n<p class=\"subtitulo\">Identifica\u00e7\u00e3o de Cabos<\/p>\n<p>A caracter\u00edstica principal de um sistema de Perfilamento a LASER quando aplicado em levantamentos de LTs \u00e9 a identifica\u00e7\u00e3o dos cabos de transmiss\u00e3o de energia el\u00e9trica. O que n\u00e3o ocorre facilmente com os m\u00e9todos convencionais como a Fotogrametria ou a Topografia.<\/p>\n<p>A tecnologia LASER possibilita a determina\u00e7\u00e3o espacial de cabos de di\u00e2metro reduzido e com defini\u00e7\u00e3o altim\u00e9trica relativa compat\u00edvel com c\u00e1lculos de engenharia destinado a determina\u00e7\u00e3o de caten\u00e1ria e por conseguinte, esfor\u00e7os sobre a estrutura das torres.<\/p>\n<p>Os dados provenientes do levantamento s\u00e3o depurados para remover pontos n\u00e3o relevantes para a reconstru\u00e7\u00e3o do modelo da linha. O alinhamento dos pontos restantes permite a defini\u00e7\u00e3o da posi\u00e7\u00e3o do cabo com o uso de programas espec\u00edficos.<\/p>\n<p class=\"subtitulo\">Invas\u00e3o na Faixa<\/p>\n<p>Devido \u00e0 condi\u00e7\u00e3o de m\u00faltiplo retorno que o sistema LASER proporciona, o uso em faixas de servid\u00e3o ou passagem de LTs, permite a identifica\u00e7\u00e3o de pontos de aproxima\u00e7\u00e3o ou contato de elementos danosos \u00e0 estrutura da LT.<\/p>\n<p>Usando perfis longitudinais ou transversais \u00e9 poss\u00edvel a avalia\u00e7\u00e3o r\u00e1pida das regi\u00f5es da faixa onde a manuten\u00e7\u00e3o \u00e9 priorit\u00e1ria.<\/p>\n<p>De maneira semelhante, a verifica\u00e7\u00e3o de invas\u00e3o da faixa de passagem ou servid\u00e3o por constru\u00e7\u00f5es clandestinas \u00e9 outra aplica\u00e7\u00e3o pertinente ao processo.<\/p>\n<p class=\"subtitulo\">MDT<\/p>\n<p>O Modelo Digital de Terreno (MDT) originado do Perfilamento a LASER permite o levantamento preliminar de diretrizes para futura implanta\u00e7\u00e3o de projetos de infra-estrutura linear (telecomunica\u00e7\u00e3o usando microondas, cabeamento de fibra \u00f3tica, linhas de transmiss\u00e3o, etc.). Cria\u00e7\u00e3o de Modelos Digitais de Terreno (MDT) em 3D para SIG.<\/p>\n<p>Outros produtos, como os Modelos de Eleva\u00e7\u00e3o, incluem a determina\u00e7\u00e3o das seguintes fei\u00e7\u00f5es ou caracter\u00edsticas:<\/p>\n<ol class=\"breadcrumb\">\n<li class=\"active\">\n<ul>\n<li>Torres de LTs com identifica\u00e7\u00e3o da sua posi\u00e7\u00e3o espacial, orienta\u00e7\u00e3o, eleva\u00e7\u00e3o e tipo;<\/li>\n<li>Cabos com identifica\u00e7\u00e3o de coordenadas de pontos de fixa\u00e7\u00e3o;<\/li>\n<li>Perfil ao longo do eixo da faixa ou ao longo dos cabos;<\/li>\n<li>Interse\u00e7\u00e3o de LTs;<\/li>\n<li>Identifica\u00e7\u00e3o e vetoriza\u00e7\u00e3o de fei\u00e7\u00f5es tais como edifica\u00e7\u00f5es, estradas, piscinas, \u00e1rvores ao longo da faixa.<\/li>\n<\/ul>\n<\/li>\n<\/ol>\n<p class=\"subtitulo\">Caracter\u00edsticas<\/p>\n<p>A ESTEIO foi contratada para executar o Perfilamento a LASER sobre a LT de 345 kV &#8211; denominada Interlagos &#8211; S\u00e3o Roque com cerca de 60 km de extens\u00e3o.<\/p>\n<p>Nesta LT, o di\u00e2metro dos cabos de alum\u00ednio \u00e9 de 26 mm e estes cabos est\u00e3o elevados 25 m do solo em m\u00e9dia.<\/p>\n<p>A altura de voo para o Perfilamento a LASER foi de 700 m com uma respectiva largura de varredura LASER de 200 m. Este levantamento foi planejado para permitir um espa\u00e7amento de 0,85 m entre pontos LASER projetados no terreno.<\/p>\n<p>Com uma diverg\u00eancia do ponto LASER da ordem de 1,4 mrad, o di\u00e2metro do ponto LASER no solo foi de 0,98 m. Com o espa\u00e7amento e a diverg\u00eancia acima, havia uma superposi\u00e7\u00e3o de cerca de 10 cm entre os pulsos LASER projetados no solo. Desta maneira, \u00e9 garantida a aus\u00eancia de vazios na cobertura LASER pelo menos no sentido transversal.<\/p>\n<p>Com a informa\u00e7\u00e3o dos arquivos processados (coordenadas E,N,h) dos pontos levantados e com o uso do programa ERMAPPER e da sua ferramenta GRIDING WIZARD, foram geradas imagens hipsom\u00e9tricas nas quais a diferen\u00e7a de cota \u00e9 apresentada na forma de diferen\u00e7a de tonalidade.<\/p>\n<p>Essas imagens t\u00eam a caracter\u00edstica de representar a topografia e a cobertura vegetal de uma forma gr\u00e1fica que facilita a interpreta\u00e7\u00e3o visual.<\/p>\n<p>Para visualiza\u00e7\u00e3o dos cabos e determina\u00e7\u00e3o da caten\u00e1ria foi usado o programa TerraScan. A partir das manipula\u00e7\u00f5es dos dados LASER, os modelos de caten\u00e1ria entre as torres s\u00e3o criados e qualquer interfer\u00eancia pode ser identificada e estabelecido o risco potencial para a LT.<\/p>\n<p>Outro produto derivado deste levantamento \u00e9 o Mosaico Digital elaborado com base no v\u00eddeo digital formando uma composi\u00e7\u00e3o fotogr\u00e1fica georreferenciada em baixa resolu\u00e7\u00e3o da faixa trabalhada.<\/p>\n<p class=\"subtitulo\">Produtos<\/p>\n<p>O resultado do Perfilamento a LASER proporcionou a confec\u00e7\u00e3o dos seguintes produtos cartogr\u00e1ficos:<\/p>\n<ol class=\"breadcrumb\">\n<li class=\"active\">\n<ul>\n<li>Imagens Hipsom\u00e9tricas do MDE (Modelo Digital de Eleva\u00e7\u00e3o);<\/li>\n<li>Imagens de Intensidade de Retorno do Pulso LASER;<\/li>\n<li>Imagens de V\u00eddeo Digital ao longo da Faixa da LT;<\/li>\n<li>Arquivos de pontos XYZ do MDT, MDE e de Intensidade de retorno do pulso LASER.<\/li>\n<\/ul>\n<\/li>\n<\/ol>","protected":false},"excerpt":{"rendered":"<p>[IMAGEM_CAROUSEL] Os avan\u00e7os tecnol\u00f3gicos significativos nos sistemas remotos aerotransportadas com poss\u00edvel aplica\u00e7\u00e3o em linhas de transmiss\u00e3o permitem uma nova vis\u00e3o para a coleta de dados de ante-projeto de LTs e &#8230;<\/p>\n","protected":false},"author":1,"featured_media":0,"parent":2347,"menu_order":0,"comment_status":"closed","ping_status":"closed","template":"","meta":{"footnotes":""},"class_list":["post-2397","page","type-page","status-publish","hentry"],"_links":{"self":[{"href":"https:\/\/www.esteio.com.br\/es\/wp-json\/wp\/v2\/pages\/2397","targetHints":{"allow":["GET"]}}],"collection":[{"href":"https:\/\/www.esteio.com.br\/es\/wp-json\/wp\/v2\/pages"}],"about":[{"href":"https:\/\/www.esteio.com.br\/es\/wp-json\/wp\/v2\/types\/page"}],"author":[{"embeddable":true,"href":"https:\/\/www.esteio.com.br\/es\/wp-json\/wp\/v2\/users\/1"}],"replies":[{"embeddable":true,"href":"https:\/\/www.esteio.com.br\/es\/wp-json\/wp\/v2\/comments?post=2397"}],"version-history":[{"count":4,"href":"https:\/\/www.esteio.com.br\/es\/wp-json\/wp\/v2\/pages\/2397\/revisions"}],"predecessor-version":[{"id":4141,"href":"https:\/\/www.esteio.com.br\/es\/wp-json\/wp\/v2\/pages\/2397\/revisions\/4141"}],"up":[{"embeddable":true,"href":"https:\/\/www.esteio.com.br\/es\/wp-json\/wp\/v2\/pages\/2347"}],"wp:attachment":[{"href":"https:\/\/www.esteio.com.br\/es\/wp-json\/wp\/v2\/media?parent=2397"}],"curies":[{"name":"wp","href":"https:\/\/api.w.org\/{rel}","templated":true}]}}