{"id":2405,"date":"2017-05-19T17:42:18","date_gmt":"2017-05-19T17:42:18","guid":{"rendered":"http:\/\/esteio.com.br\/?page_id=2405"},"modified":"2022-05-31T19:37:05","modified_gmt":"2022-05-31T19:37:05","slug":"leme","status":"publish","type":"page","link":"https:\/\/www.esteio.com.br\/es\/executados\/perfilamento-laser\/leme\/","title":{"rendered":"Invent\u00e1rio Hidrel\u00e9trico de Bacias com Perfilamento a LASER para LEME"},"content":{"rendered":"[IMAGEM_CAROUSEL]\n<p class=\"subtitulo\">Plano de Expans\u00e3o<\/p>\n<p>O Potencial Hidrel\u00e9trico de uma Bacia Hidrogr\u00e1fica corresponde ao potencial que pode ser t\u00e9cnica, econ\u00f4mica e ambientalmente aproveitado, em rela\u00e7\u00e3o a uma determinada configura\u00e7\u00e3o espec\u00edfica de um sistema el\u00e9trico, considerando-se as usinas em opera\u00e7\u00e3o, em constru\u00e7\u00e3o ou planejadas, e levando-se em conta cen\u00e1rios de utiliza\u00e7\u00e3o m\u00faltipla da \u00e1gua.<\/p>\n<p>A boa qualidade de planos de expans\u00e3o depende da execu\u00e7\u00e3o de estudos de invent\u00e1rio coerentes e homog\u00eaneos, compat\u00edveis entre si, mesmo que elaborados pelas mais diversas empresas projetistas ou concession\u00e1rias de energia.<\/p>\n<p>Uma das atribui\u00e7\u00f5es da ELETROBR\u00c1S e da ANEEL \u00e9 executar o plano de expans\u00e3o do sistema el\u00e9trico brasileiro.<\/p>\n<p>Esse plano \u00e9 desenvolvido em tr\u00eas n\u00edveis: longo (25 a 30 anos &#8211; indica\u00e7\u00e3o de bacias priorit\u00e1rias), m\u00e9dio (15 anos &#8211; estudos de viabilidade) e curto prazo (10 anos &#8211; projetos b\u00e1sicos).<\/p>\n<p class=\"subtitulo\">Planejamento do Invent\u00e1rio<\/p>\n<p>O planejamento tem como objetivo programar as etapas posteriores do Estudo de Invent\u00e1rio. As informa\u00e7\u00f5es a serem levantadas nesta fase compreendem dados cartogr\u00e1ficos, geol\u00f3gicos, geot\u00e9cnicos, hidrometeorol\u00f3gicos, sedimentom\u00e9tricos, ambientais e de custo, de car\u00e1ter regional e local.<\/p>\n<p>A an\u00e1lise desses dados gera par\u00e2metros, restri\u00e7\u00f5es e fatores que condicionam a sele\u00e7\u00e3o dos prov\u00e1veis locais de barramento, a proposi\u00e7\u00e3o de alternativas de divis\u00e3o de queda, a estimativa do potencial energ\u00e9tico e a formula\u00e7\u00e3o do plano de trabalho com seu cronograma e custo.<\/p>\n<p class=\"subtitulo\">Rios Estudados<\/p>\n<p>Para atender os requisitos de obten\u00e7\u00e3o de dados cartogr\u00e1ficos, a ESTEIO utilizou a tecnologia de Perfilamento LASER com uso do equipamento ALTM &#8211; Airborne Laser Terrain Mapper da Optech Inc..<\/p>\n<p>Com esta tecnologia foram executados servi\u00e7os nos Rios Curu\u00e1 e Maicuru no estado do Par\u00e1 e Rios Arinos, Parecis, Claro e Patos no estado do Mato Grosso.<\/p>\n<p>Nos Rios Curu\u00e1 e Maicuru foram realizados cerca de 1.200 km de faixas de perfilamento a LASER com obten\u00e7\u00e3o de plantas hipsom\u00e9tricas na escala 1:5.000 e curvas de n\u00edvel com equidist\u00e2ncia de 5 m totalizando uma \u00e1rea coberta de mais de 840 km2.<\/p>\n<p>No Rio Arinos foram executados cerca de 1.000 km de faixas de perfilamento a LASER. Ao longo dos Rios Parecis foram 465 km, Rio Claro com 370 km e Rio Patos com 195 km, totalizando 1.030 km de faixas de perfilamento a LASER. Da mesma maneira, derivaram-se plantas hipsom\u00e9tricas na escala 1:5.000 e curvas de n\u00edvel com equidist\u00e2ncia de 5 m totalizando uma \u00e1rea coberta de mais de 1.400 km2.<\/p>\n<p class=\"subtitulo\">Caracter\u00edsticas<\/p>\n<p>A regi\u00e3o de trabalho apresentava uma densidade de cobertura vegetal muito grande al\u00e9m de dificuldade de acesso por via terrestre, principalmente no estado do Par\u00e1.<\/p>\n<p>A instala\u00e7\u00e3o de pontos GPS para atuar na corre\u00e7\u00e3o diferencial dos dados LASER na regi\u00e3o do Par\u00e1 foi dificultada por este motivo al\u00e9m das restri\u00e7\u00f5es locais de abertura de clareiras.<\/p>\n<p>Em Mato Grosso, na bacia do Rio Arinos, os acessos eram melhores e a escolha de pontos foi facilitada permitindo uma boa distribui\u00e7\u00e3o de bases GPS.<\/p>\n<p>A altura de voo para o Perfilamento a LASER variou de 1500 a 1800 m com uma respectiva largura de varredura LASER de 800 a 950 m. Este levantamento foi planejado para permitir um espa\u00e7amento de pontos no terreno na ordem de 1,5 m.<\/p>\n<p>Com o processamento dos dados foi observado um taxa de penetra\u00e7\u00e3o dos pulsos LASER nos vazios da vegeta\u00e7\u00e3o de cerca de 20%, mas sem garantia que estes pulsos tenham atingido o solo devido a densidade da vegeta\u00e7\u00e3o nestas regi\u00f5es.<\/p>\n<p>Com a informa\u00e7\u00e3o dos arquivos processados (coordenadas E,N,h) dos pontos levantados e com o uso do programa ERMAPPER e da sua ferramenta GRIDING WIZARD, foram geradas imagens hipsom\u00e9tricas nas quais a diferen\u00e7a de cota \u00e9 apresentada na forma de diferen\u00e7a de tonalidade.<\/p>\n<p>Essas imagens t\u00eam a caracter\u00edstica de representar a topografia e a cobertura vegetal de uma forma gr\u00e1fica que facilita a interpreta\u00e7\u00e3o visual, principalmente no que diz respeito \u00e0 identifica\u00e7\u00e3o de corpos d&#8217;\u00e1gua, uma vez que o pulso LASER utilizado n\u00e3o \u00e9 refletido pela \u00e1gua.<\/p>\n<p>Com o arquivo de pontos sobre o terreno (MDT &#8211; Modelo Digital de Terreno) e com o programa Socet Set e sua ferramenta de importa\u00e7\u00e3o e manipula\u00e7\u00e3o de modelos digitais e algoritmos de suaviza\u00e7\u00e3o, as curvas de n\u00edvel com equidist\u00e2ncia de 5 metros foram obtidas dentro da \u00e1rea de interesse do servi\u00e7o.<\/p>\n<p>O tra\u00e7ado aproximado dos cursos d&#8217;\u00e1gua foi feito com base na interpreta\u00e7\u00e3o das imagens hipsom\u00e9tricas, as quais representam de forma bastante clara a presen\u00e7a de corpos d&#8217;\u00e1gua.<\/p>\n<p>Estes produtos representam a exig\u00eancia de informa\u00e7\u00e3o cartogr\u00e1fica para subsidiar o Invent\u00e1rio de Potencial Hidrel\u00e9trico. Eles caracterizam uma etapa importante do Invent\u00e1rio, uma vez que trazem riqueza de informa\u00e7\u00e3o de locais com dificuldade de acesso, aus\u00eancia de informa\u00e7\u00e3o, com restri\u00e7\u00f5es ambientais em um tempo ex\u00edguo.<\/p>\n<p class=\"subtitulo\">Produtos<\/p>\n<ol class=\"breadcrumb\">\n<li class=\"active\">\n<ul>\n<li>O resultado do Perfilamento a LASER proporcionou a confec\u00e7\u00e3o dos seguintes produtos cartogr\u00e1ficos: Imagens Hipsom\u00e9tricas do MDE (Modelo Digital de Eleva\u00e7\u00e3o);<\/li>\n<li>Plantas Altim\u00e9tricas na escala 1:5.000 com curvas de n\u00edvel equidistantes de 5 m;<\/li>\n<li>Arquivos de pontos XYZ do MDT, MDE e de Intensidade de retorno do pulso LASER.<\/li>\n<\/ul>\n<\/li>\n<\/ol>","protected":false},"excerpt":{"rendered":"<p>[IMAGEM_CAROUSEL] Plano de Expans\u00e3o O Potencial Hidrel\u00e9trico de uma Bacia Hidrogr\u00e1fica corresponde ao potencial que pode ser t\u00e9cnica, econ\u00f4mica e ambientalmente aproveitado, em rela\u00e7\u00e3o a uma determinada configura\u00e7\u00e3o espec\u00edfica de &#8230;<\/p>\n","protected":false},"author":1,"featured_media":0,"parent":2347,"menu_order":0,"comment_status":"closed","ping_status":"closed","template":"","meta":{"footnotes":""},"class_list":["post-2405","page","type-page","status-publish","hentry"],"_links":{"self":[{"href":"https:\/\/www.esteio.com.br\/es\/wp-json\/wp\/v2\/pages\/2405","targetHints":{"allow":["GET"]}}],"collection":[{"href":"https:\/\/www.esteio.com.br\/es\/wp-json\/wp\/v2\/pages"}],"about":[{"href":"https:\/\/www.esteio.com.br\/es\/wp-json\/wp\/v2\/types\/page"}],"author":[{"embeddable":true,"href":"https:\/\/www.esteio.com.br\/es\/wp-json\/wp\/v2\/users\/1"}],"replies":[{"embeddable":true,"href":"https:\/\/www.esteio.com.br\/es\/wp-json\/wp\/v2\/comments?post=2405"}],"version-history":[{"count":7,"href":"https:\/\/www.esteio.com.br\/es\/wp-json\/wp\/v2\/pages\/2405\/revisions"}],"predecessor-version":[{"id":6440,"href":"https:\/\/www.esteio.com.br\/es\/wp-json\/wp\/v2\/pages\/2405\/revisions\/6440"}],"up":[{"embeddable":true,"href":"https:\/\/www.esteio.com.br\/es\/wp-json\/wp\/v2\/pages\/2347"}],"wp:attachment":[{"href":"https:\/\/www.esteio.com.br\/es\/wp-json\/wp\/v2\/media?parent=2405"}],"curies":[{"name":"wp","href":"https:\/\/api.w.org\/{rel}","templated":true}]}}