{"id":2408,"date":"2017-05-19T17:44:29","date_gmt":"2017-05-19T17:44:29","guid":{"rendered":"http:\/\/esteio.com.br\/?page_id=2408"},"modified":"2022-05-31T19:21:43","modified_gmt":"2022-05-31T19:21:43","slug":"vallourec","status":"publish","type":"page","link":"https:\/\/www.esteio.com.br\/es\/executados\/perfilamento-laser\/vallourec\/","title":{"rendered":"Mapeamento da Nova unidade da Vallourec"},"content":{"rendered":"[IMAGEM_CAROUSEL]\n<p class=\"subtitulo\">Perfilamento a LASER Mapeia a \u00c1rea de Instala\u00e7\u00e3o de Nova Sider\u00fargica em Minas Gerais<\/p>\n<p>O grupo VALLOUREC, atrav\u00e9s da VALLOUREC &amp; MANNESMANN TUBES e o grupo japon\u00eas SUMITOMO, unidos em uma joint venture vai resultar na constru\u00e7\u00e3o de uma nova sider\u00fargica no Estado de Minas Gerais.<\/p>\n<p>A usina no munic\u00edpio de Jeceaba se dedicar\u00e1 \u00e0 produ\u00e7\u00e3o de tubos petrol\u00edferos OCTG (Oil Country Tubular Goods) sem costura, com di\u00e2metros de 168,3mm at\u00e9 406,4mm, e contar\u00e1 com a instala\u00e7\u00e3o de tratamento t\u00e9rmico e linhas de rosqueamento.<\/p>\n<p>A escolha da instala\u00e7\u00e3o desse projeto no Brasil se deve ao fato da boa localiza\u00e7\u00e3o geogr\u00e1fica do pa\u00eds, que facilita a exporta\u00e7\u00e3o para mercados como Am\u00e9rica do Norte, \u00c1frica e Oriente M\u00e9dio.<\/p>\n<p>A nova usina sider\u00fargica, que tem previs\u00e3o para ser inaugurada em tr\u00eas anos, est\u00e1 a 50 quil\u00f4metros da Mina Pau Branco, jazida de min\u00e9rio da Vallourec, e pr\u00f3xima \u00e0 Ferrovia do A\u00e7o &#8211; estrada que leva min\u00e9rio da regi\u00e3o Central de Minas para o litoral do Rio de Janeiro.<\/p>\n<p>(Fonte: <a href=\"http:\/\/www.vallourec.com\/EN\/Pages\/default.aspx\">Vallourec<\/a>)<\/p>\n<p class=\"subtitulo\">Servi\u00e7os de Aerolevantamento por Perfilamento a LASER<\/p>\n<p>Com o objetivo de mapear a \u00e1rea destinada a instala\u00e7\u00e3o de sua nova unidade fabril, a V&amp;M do Brasil encontrou no perfilamento a laser uma alternativa r\u00e1pida e eficiente de levantamento de dados altim\u00e9tricos, com a precis\u00e3o adequada as necessidades e demandas para os estudos e projetos de implanta\u00e7\u00e3o da nova sider\u00fargica.<\/p>\n<p>Os servi\u00e7os realizados consistiram de uma cobertura a\u00e9rea com sensor laser aerotransportado ALS-50 da Leica, numa \u00e1rea de 10,55 km\u00b2, de forma a se obter 1 ponto\/m\u00b2 e realizado a uma altura de 2.300 metros.<\/p>\n<p>O plano de voo laser foi composto por 8 faixas, com recobrimento lateral de aproximadamente 30%. As figuras mostram o limite original, bem como a trajet\u00f3ria realizada pela aeronave durante a capta\u00e7\u00e3o dos dados do laser.<\/p>\n<p>O levantamento realizado originou o modelo digital do terreno e o modelo digital de eleva\u00e7\u00e3o, bem como mapas hipsom\u00e9tricos na escala 1:2.000, complementado pela intensidade de retorno do laser e curvas de n\u00edvel com equidist\u00e2ncia de 1m.<\/p>\n<p>Estes produtos s\u00e3o realizados a partir de uma classifica\u00e7\u00e3o dos dados brutos do laser, gerando o MDT, que \u00e9 uma sele\u00e7\u00e3o dos pontos que tocam o terreno dos pontos, e o MDS s\u00e3o os pontos que tocam os elementos da superf\u00edcie como \u00e1rvores e outros obst\u00e1culos.<\/p>\n<p class=\"subtitulo\">Produtos<\/p>\n<p>O produto final ainda \u00e9 complementado pelas curvas de n\u00edvel, geradas automaticamente a partir do MDT classificado do laser, Essas curvas de n\u00edvel recebem um controle de qualidade fotogram\u00e9trico antes de serem apresentadas no produto final.<\/p>\n<p>Outras informa\u00e7\u00f5es t\u00e9cnicas s\u00e3o lan\u00e7adas sobre o mapeamento realizado, como legenda, dados vari\u00e1veis como declina\u00e7\u00e3o magn\u00e9tica, al\u00e9m de informa\u00e7\u00f5es referente ao projeto de implanta\u00e7\u00e3o da f\u00e1brica.","protected":false},"excerpt":{"rendered":"<p>[IMAGEM_CAROUSEL] Perfilamento a LASER Mapeia a \u00c1rea de Instala\u00e7\u00e3o de Nova Sider\u00fargica em Minas Gerais O grupo VALLOUREC, atrav\u00e9s da VALLOUREC &amp; MANNESMANN TUBES e o grupo japon\u00eas SUMITOMO, unidos &#8230;<\/p>\n","protected":false},"author":1,"featured_media":0,"parent":2347,"menu_order":0,"comment_status":"closed","ping_status":"closed","template":"","meta":{"footnotes":""},"class_list":["post-2408","page","type-page","status-publish","hentry"],"_links":{"self":[{"href":"https:\/\/www.esteio.com.br\/es\/wp-json\/wp\/v2\/pages\/2408","targetHints":{"allow":["GET"]}}],"collection":[{"href":"https:\/\/www.esteio.com.br\/es\/wp-json\/wp\/v2\/pages"}],"about":[{"href":"https:\/\/www.esteio.com.br\/es\/wp-json\/wp\/v2\/types\/page"}],"author":[{"embeddable":true,"href":"https:\/\/www.esteio.com.br\/es\/wp-json\/wp\/v2\/users\/1"}],"replies":[{"embeddable":true,"href":"https:\/\/www.esteio.com.br\/es\/wp-json\/wp\/v2\/comments?post=2408"}],"version-history":[{"count":7,"href":"https:\/\/www.esteio.com.br\/es\/wp-json\/wp\/v2\/pages\/2408\/revisions"}],"predecessor-version":[{"id":6376,"href":"https:\/\/www.esteio.com.br\/es\/wp-json\/wp\/v2\/pages\/2408\/revisions\/6376"}],"up":[{"embeddable":true,"href":"https:\/\/www.esteio.com.br\/es\/wp-json\/wp\/v2\/pages\/2347"}],"wp:attachment":[{"href":"https:\/\/www.esteio.com.br\/es\/wp-json\/wp\/v2\/media?parent=2408"}],"curies":[{"name":"wp","href":"https:\/\/api.w.org\/{rel}","templated":true}]}}