{"id":2412,"date":"2017-05-19T17:53:16","date_gmt":"2017-05-19T17:53:16","guid":{"rendered":"http:\/\/esteio.com.br\/?page_id=2412"},"modified":"2022-05-31T17:47:00","modified_gmt":"2022-05-31T17:47:00","slug":"salobo","status":"publish","type":"page","link":"https:\/\/www.esteio.com.br\/es\/executados\/perfilamento-laser\/salobo\/","title":{"rendered":"Perfilamento a LASER no Projeto SALOBO para CVRD"},"content":{"rendered":"[IMAGEM_CAROUSEL]\n<p class=\"subtitulo\">Estudo de Viabilidade<\/p>\n<p>A CVRD &#8211; Companhia Vale do Rio Doce &#8211; vem elaborando Estudos de Viabilidade objetivando a implanta\u00e7\u00e3o do Projeto Salobo, localizado no munic\u00edpio de Marab\u00e1-PA.<\/p>\n<p>Este projeto visa o aproveitamento econ\u00f4mico do min\u00e9rio sulfetado de cobre, via um processo de concentra\u00e7\u00e3o do min\u00e9rio por flota\u00e7\u00e3o.<\/p>\n<p>A SMSA &#8211; Salobo Metais S.A., empresa do grupo CVRD, contratou a empresa FLUOR\/JP para elaborar o Estudo de Viabilidade Final com uma precis\u00e3o nos trabalhos de engenharia compat\u00edvel com os resultados esperados em um regi\u00e3o com densidade florestal elevada.<\/p>\n<p class=\"subtitulo\">Engenharia B\u00e1sica<\/p>\n<p>A engenharia b\u00e1sica a ser realizada contemplar\u00e1 os seguintes servi\u00e7os:<\/p>\n<ol class=\"breadcrumb\">\n<li class=\"active\">\n<ul>\n<li>Usina de Beneficiamento do min\u00e9rio de Cobre, Ouro e Prata;<\/li>\n<li>Cava da Mina e Pilhas de Est\u00e9reis;<\/li>\n<li>Barragem de Rejeito e Reservat\u00f3rio no Vale do Igarap\u00e9 Mirim;<\/li>\n<li>Linha de Transmiss\u00e3o de Energia El\u00e9trica, da cidade Parauapebas ao Projeto Salobo;<\/li>\n<li>Duplica\u00e7\u00e3o da atual Linha de Transmiss\u00e3o de Energia El\u00e9trica, da cidade de Marab\u00e1 at\u00e9 o Projeto Salobo;<\/li>\n<li>Estrada de Acesso ao Projeto;<\/li>\n<li>Mineraduto, do Projeto Salobo at\u00e9 a cidade de Parauapebas;<\/li>\n<li>Apoio aos estudos ambientais necess\u00e1rios para obten\u00e7\u00e3o das licen\u00e7as (\u00e1reas de fazendas, edifica\u00e7\u00f5es, desmatamentos, etc).<\/li>\n<\/ul>\n<\/li>\n<\/ol>\n<p class=\"subtitulo\">Mapeamento Realizado<\/p>\n<p>Para atender os requisitos de obten\u00e7\u00e3o de dados cartogr\u00e1ficos, a ESTEIO utilizou a tecnologia de Perfilamento LASER com uso do equipamento ALTM &#8211; Airborne Laser Terrain Mapper da Optech Inc.<\/p>\n<p>Com esta tecnologia foram executados servi\u00e7os na futura regi\u00e3o de minera\u00e7\u00e3o, na estrada de acesso ao projeto e nas LT&#8217;s existentes.<\/p>\n<p>Foram realizados cerca de 1.290 km de faixas de perfilamento a LASER com obten\u00e7\u00e3o de plantas hipsom\u00e9tricas na escala 1:5.000 e curvas de n\u00edvel com equidist\u00e2ncia de 5 m totalizando uma \u00e1rea coberta de mais de 280 km\u00b2.<\/p>\n<p>Face \u00e0s condi\u00e7\u00f5es atmosf\u00e9ricas parte do levantamento foi realizado em per\u00edodo noturno. O per\u00edodo noturno para o perfilamento a LASER foi utilizado com anu\u00eancia do contratante face a urg\u00eancia em obter os dados de eleva\u00e7\u00e3o da regi\u00e3o do projeto Salobo.<\/p>\n<p>Nos voos diurnos foram resgatadas as imagens de v\u00eddeo do sistema, compondo um dos produtos de entrega que corresponde aos v\u00eddeos em DVD das coberturas realizadas.<\/p>\n<p class=\"subtitulo\">Caracter\u00edsticas<\/p>\n<p>A regi\u00e3o de trabalho apresentava uma densidade de cobertura vegetal muito grande al\u00e9m de dificuldade de acesso por via terrestre, principalmente no estado do Par\u00e1.<\/p>\n<p>A instala\u00e7\u00e3o de pontos GPS para atuar na corre\u00e7\u00e3o diferencial dos dados LASER na regi\u00e3o do Par\u00e1 foi dificultada por este motivo al\u00e9m das restri\u00e7\u00f5es locais de abertura de clareiras.<\/p>\n<p>A altura de voo para o Perfilamento a LASER foi de 1.000 m com uma respectiva largura de varredura LASER de 320 m (\u00e2ngulo de abertura de 9\u00b0). Este levantamento foi planejado para permitir um espa\u00e7amento de pontos no terreno na ordem de 1 m.<\/p>\n<p>Com o processamento dos dados foi observado um taxa de penetra\u00e7\u00e3o dos pulsos LASER nos vazios da vegeta\u00e7\u00e3o de cerca de 20%, mas sem garantia que estes pulsos tenham atingido o solo devido a densidade da vegeta\u00e7\u00e3o nestas regi\u00f5es.<\/p>\n<p>Com a informa\u00e7\u00e3o dos arquivos processados (coordenadas E,N,h) dos pontos levantados e com o uso do programa ERMAPPER e da sua ferramenta GRIDING WIZARD, foram geradas imagens hipsom\u00e9tricas nas quais a diferen\u00e7a de cota \u00e9 apresentada na forma de diferen\u00e7a de tonalidade.<\/p>\n<p>Todo o levantamento realizado derivou uma imagem de v\u00eddeo em S-VHS, com exce\u00e7\u00e3o para os voos realizados no per\u00edodo noturno.<\/p>\n<p>As imagens S-VHS foram processadas em sua radiometria e mosaicadas, formando um sub-produto de imagem ao qual foi superposta a altimetria derivada do perfilamento a LASER.<\/p>\n<p>Com o arquivo de pontos sobre o terreno (MDT &#8211; Modelo Digital de Terreno) e com o programa Socet Set e sua ferramenta de importa\u00e7\u00e3o e manipula\u00e7\u00e3o de modelos digitais e algoritmos de suaviza\u00e7\u00e3o, as curvas de n\u00edvel com equidist\u00e2ncia de 5 metros foram obtidas dentro da \u00e1rea de interesse do servi\u00e7o.<\/p>\n<p>Estes produtos representam a exig\u00eancia de informa\u00e7\u00e3o cartogr\u00e1fica para subsidiar os Estudos de Viabilidade Final e a Engenharia do projeto Salobo. Eles caracterizam uma etapa importante do Invent\u00e1rio, uma vez que trazem riqueza de informa\u00e7\u00e3o de locais com dificuldade de acesso, aus\u00eancia de informa\u00e7\u00e3o, com restri\u00e7\u00f5es ambientais em um tempo ex\u00edguo.<\/p>\n<p class=\"subtitulo\">Produtos<\/p>\n<ol class=\"breadcrumb\">\n<li class=\"active\">\n<ul>\n<li>O resultado do Perfilamento a LASER proporcionou a confec\u00e7\u00e3o dos seguintes produtos cartogr\u00e1ficos: Imagens Hipsom\u00e9tricas do MDE (Modelo Digital de Eleva\u00e7\u00e3o);<\/li>\n<li>Plantas Altim\u00e9tricas na escala 1:5.000 com curvas de n\u00edvel equidistantes de 5 m;<\/li>\n<li>Arquivos de pontos XYZ do MDT, MDE e de Intensidade de retorno do pulso LASER;<\/li>\n<li>V\u00eddeo em DVD das regi\u00f5es cobertas.<\/li>\n<\/ul>\n<\/li>\n<\/ol>","protected":false},"excerpt":{"rendered":"<p>[IMAGEM_CAROUSEL] Estudo de Viabilidade A CVRD &#8211; Companhia Vale do Rio Doce &#8211; vem elaborando Estudos de Viabilidade objetivando a implanta\u00e7\u00e3o do Projeto Salobo, localizado no munic\u00edpio de Marab\u00e1-PA. Este &#8230;<\/p>\n","protected":false},"author":1,"featured_media":0,"parent":2347,"menu_order":0,"comment_status":"closed","ping_status":"closed","template":"","meta":{"footnotes":""},"class_list":["post-2412","page","type-page","status-publish","hentry"],"_links":{"self":[{"href":"https:\/\/www.esteio.com.br\/es\/wp-json\/wp\/v2\/pages\/2412","targetHints":{"allow":["GET"]}}],"collection":[{"href":"https:\/\/www.esteio.com.br\/es\/wp-json\/wp\/v2\/pages"}],"about":[{"href":"https:\/\/www.esteio.com.br\/es\/wp-json\/wp\/v2\/types\/page"}],"author":[{"embeddable":true,"href":"https:\/\/www.esteio.com.br\/es\/wp-json\/wp\/v2\/users\/1"}],"replies":[{"embeddable":true,"href":"https:\/\/www.esteio.com.br\/es\/wp-json\/wp\/v2\/comments?post=2412"}],"version-history":[{"count":4,"href":"https:\/\/www.esteio.com.br\/es\/wp-json\/wp\/v2\/pages\/2412\/revisions"}],"predecessor-version":[{"id":6362,"href":"https:\/\/www.esteio.com.br\/es\/wp-json\/wp\/v2\/pages\/2412\/revisions\/6362"}],"up":[{"embeddable":true,"href":"https:\/\/www.esteio.com.br\/es\/wp-json\/wp\/v2\/pages\/2347"}],"wp:attachment":[{"href":"https:\/\/www.esteio.com.br\/es\/wp-json\/wp\/v2\/media?parent=2412"}],"curies":[{"name":"wp","href":"https:\/\/api.w.org\/{rel}","templated":true}]}}