{"id":2419,"date":"2017-05-19T18:07:58","date_gmt":"2017-05-19T18:07:58","guid":{"rendered":"http:\/\/esteio.com.br\/?page_id=2419"},"modified":"2022-05-31T19:40:12","modified_gmt":"2022-05-31T19:40:12","slug":"cerro-chato","status":"publish","type":"page","link":"https:\/\/www.esteio.com.br\/es\/executados\/perfilamento-laser\/cerro-chato\/","title":{"rendered":"Aerolevantamento LASER para implanta\u00e7\u00e3o do Parque E\u00f3lico Cerro Chato"},"content":{"rendered":"[IMAGEM_CAROUSEL]\n<p class=\"subtitulo\">OBJETO DOS SERVI\u00c7OS<\/p>\n<p>A Esteio foi contratada pela Eletrosul para realizar servi\u00e7os de aerolevantamento por perfilamento a LASER para gera\u00e7\u00e3o de nuvens de pontos do modelo digital de eleva\u00e7\u00f5es (MDE), do modelo digital de terreno (MDT), curvas de n\u00edvel equidistantes em um metro e plantas com imagens hipsom\u00e9tricas em \u00e1rea de 276 quil\u00f4metros quadrados, no munic\u00edpio de Santana do Livramento, RS. Este mapeamento teve como finalidade subsidiar a implanta\u00e7\u00e3o do Parque E\u00f3lico Cerro Chato.<\/p>\n<p class=\"subtitulo\">LOCALIZA\u00c7\u00c3O<\/p>\n<p>A \u00e1rea do trabalho se localiza no munic\u00edpio de Santana do Livramento, estado do Rio Grande do Sul, junto \u00e0 fronteira do \u00a0Brasil com o Uruguai.<\/p>\n<p class=\"subtitulo\">PLANO DE VOO<\/p>\n<p>Durante a etapa de planejamento dos dos servi\u00e7os, foi elaborado um plano detalhado do voo LASER a ser realizado sobre a \u00e1rea. O planejamento foi feito a partir de arquivo fornecido pela Eletrosul, o qual continha os limites da \u00e1rea de interesse.<\/p>\n<p>O voo foi projetado de forma a obter produtos compat\u00edveis com as necessidades do servi\u00e7o. Todo o planejamento foi efetuado com a determina\u00e7\u00e3o dos pontos iniciais e finais das faixas, as dist\u00e2ncias entre os eixos e altura de v\u00f4o.<\/p>\n<p class=\"subtitulo\">REALIZA\u00c7\u00c3O DO VOO<\/p>\n<p>O voo foi realizado com a ocorr\u00eancia de condi\u00e7\u00f5es atmosf\u00e9ricas favor\u00e1veis, durante 3 dias consecutivos no m\u00eas de abril de 2011.<\/p>\n<p>Esta etapa dos servi\u00e7os foi realizada de forma que a equipe de voo atuasse em conjunto com a equipe de campo, que ocupou e rastreou uma base de refer\u00eancia para o voo Laser.<\/p>\n<p>As atividades de voo utilizaram como base o aeroporto da cidade de Santa Maria, no Rio Grande do Sul.<\/p>\n<p class=\"subtitulo\">IMPLANTA\u00c7\u00c3O DE MARCOS<\/p>\n<p>Foram implantados dois pares de marcos na \u00e1rea dos servi\u00e7os. Cada marco teve associado um marco de azimute implantado nas proximidades para servir de partida em futuros levantamentos topogr\u00e1ficos. Estes pontos serviram tamb\u00e9m como base GPS para realiza\u00e7\u00e3o da varredura LASER.<\/p>\n<p>Os trabalhos tiveram como origem a rede de marcos geod\u00e9sicos do IBGE e tamb\u00e9m a linha de nivelamento existente na regi\u00e3o.<\/p>\n<p class=\"subtitulo\">PROCESSAMENTO LASER E MDT<\/p>\n<p>Ap\u00f3s a realiza\u00e7\u00e3o da cobertura LASER foi realizado o processamento dos dados. Para esta etapa foram utilizados par\u00e2metros de calibra\u00e7\u00e3o do equipamento, informa\u00e7\u00f5es relativas ao tipo de terreno e cobertura vegetal, al\u00e9m de configura\u00e7\u00f5es do equipamento.<\/p>\n<p>A classifica\u00e7\u00e3o do MDT foi realizada utilizando o programa Terra Scan. Os pontos n\u00e3o pertencentes ao terreno foram separados de acordo com a distribui\u00e7\u00e3o geom\u00e9trica, altitude e a intensidade do retorno do pulso Laser.<\/p>\n<p class=\"subtitulo\">IMAGEM DE COMPOSI\u00c7\u00c3O<\/p>\n<p>Ap\u00f3s o processamento e classifica\u00e7\u00e3o LASER foram geradas imagens de composi\u00e7\u00e3o, que s\u00e3o imagens hipsom\u00e9tricas agregadas com os valores de intensidade dos pontos LASER.<\/p>\n<p>Cada imagem hipsom\u00e9trica possui uma escala de cores iniciando na cor azul, utilizada para indicar pontos com valores altim\u00e9tricos mais baixos, at\u00e9 o vermelho, que indica pontos com valores altim\u00e9tricos mais altos.<\/p>\n<p class=\"subtitulo\">CURVAS DE N\u00cdVEL<\/p>\n<p>A partir do Modelo Digital do Terreno foram geradas curvas de n\u00edvel eq\u00fcidistantes de 1 metro, com mestras a cada 5 metros. Tamb\u00e9m foram definidos pontos cotados nas regi\u00f5es de topos de relevo bem como vales e \u00e1reas planas extensas.<\/p>\n<p class=\"subtitulo\">PLANTAS FINAIS<\/p>\n<p>Sobre as imagens de composi\u00e7\u00e3o foram adicionados os vetores das curvas de n\u00edvel, compondo assim o produto final dos servi\u00e7os, entregue em duas cole\u00e7\u00f5es, uma contendo os vetores e outra as imagens de composi\u00e7\u00e3o.<\/p>\n<p>Foi plotada tamb\u00e9m uma cole\u00e7\u00e3o em papel Glossy, com posterior lamina\u00e7\u00e3o, contendo as imagens com curvas sobrepostas, a fim de compor um conjunto de plantas completo para utiliza\u00e7\u00e3o da Eletrosul.","protected":false},"excerpt":{"rendered":"<p>[IMAGEM_CAROUSEL] OBJETO DOS SERVI\u00c7OS A Esteio foi contratada pela Eletrosul para realizar servi\u00e7os de aerolevantamento por perfilamento a LASER para gera\u00e7\u00e3o de nuvens de pontos do modelo digital de eleva\u00e7\u00f5es &#8230;<\/p>\n","protected":false},"author":1,"featured_media":0,"parent":2347,"menu_order":0,"comment_status":"closed","ping_status":"closed","template":"","meta":{"footnotes":""},"class_list":["post-2419","page","type-page","status-publish","hentry"],"_links":{"self":[{"href":"https:\/\/www.esteio.com.br\/es\/wp-json\/wp\/v2\/pages\/2419","targetHints":{"allow":["GET"]}}],"collection":[{"href":"https:\/\/www.esteio.com.br\/es\/wp-json\/wp\/v2\/pages"}],"about":[{"href":"https:\/\/www.esteio.com.br\/es\/wp-json\/wp\/v2\/types\/page"}],"author":[{"embeddable":true,"href":"https:\/\/www.esteio.com.br\/es\/wp-json\/wp\/v2\/users\/1"}],"replies":[{"embeddable":true,"href":"https:\/\/www.esteio.com.br\/es\/wp-json\/wp\/v2\/comments?post=2419"}],"version-history":[{"count":6,"href":"https:\/\/www.esteio.com.br\/es\/wp-json\/wp\/v2\/pages\/2419\/revisions"}],"predecessor-version":[{"id":6458,"href":"https:\/\/www.esteio.com.br\/es\/wp-json\/wp\/v2\/pages\/2419\/revisions\/6458"}],"up":[{"embeddable":true,"href":"https:\/\/www.esteio.com.br\/es\/wp-json\/wp\/v2\/pages\/2347"}],"wp:attachment":[{"href":"https:\/\/www.esteio.com.br\/es\/wp-json\/wp\/v2\/media?parent=2419"}],"curies":[{"name":"wp","href":"https:\/\/api.w.org\/{rel}","templated":true}]}}