{"id":2422,"date":"2017-05-19T18:21:33","date_gmt":"2017-05-19T18:21:33","guid":{"rendered":"http:\/\/esteio.com.br\/?page_id=2422"},"modified":"2017-12-11T13:08:19","modified_gmt":"2017-12-11T13:08:19","slug":"projeto-dutos","status":"publish","type":"page","link":"https:\/\/www.esteio.com.br\/es\/executados\/projeto-dutos\/","title":{"rendered":"ESTUDO E PROJETO DE DUTOS"},"content":{"rendered":"[IMAGEM_CAROUSEL]\n<p>A execu\u00e7\u00e3o de Projeto de Dutos requer o conhecimento detalhado da superf\u00edcie da faixa de dutos sendo necess\u00e1ria a execu\u00e7\u00e3o de servi\u00e7os de consultoria t\u00e9cnica, levantamentos de campo (m\u00e9todos de investiga\u00e7\u00e3o diretos e indiretos), inspe\u00e7\u00f5es visuais, coleta de informa\u00e7\u00f5es t\u00e9cnicas, ensaios de laborat\u00f3rio, estudos ambientais, hidrol\u00f3gicos, hidr\u00e1ulicos, geol\u00f3gicos e geot\u00e9cnicos, projetos de pr\u00e9-detalhamento e detalhamento, obten\u00e7\u00e3o de licen\u00e7as \/ autoriza\u00e7\u00f5es, cadastramento f\u00edsico \/ jur\u00eddico, objetivando a elabora\u00e7\u00e3o do Projeto de Dutos (planta e perfil) que contemple o greide do duto e seus complementos e extremidades \/ interliga\u00e7\u00f5es.<\/p>\n<p>A ESTEIO v\u00eam executando Estudos e Servi\u00e7os de Pr\u00e9-detalhamento em Projetos Geom\u00e9tricos e Executivos para Faixas de Dutos, englobando as seguintes atividades:<\/p>\n<ol class=\"breadcrumb\">\n<li class=\"active\">\n<ul>\n<li>Estudo do Tra\u00e7ado, Projeto Geom\u00e9trico e Terraplenagem;<\/li>\n<li>Estudo e Projeto Ambiental;<\/li>\n<li>Estudo e Projeto de Recomposi\u00e7\u00e3o e Revegeta\u00e7\u00e3o;<\/li>\n<li>Projeto de Implanta\u00e7\u00e3o Geral;<\/li>\n<li>Estudo Geol\u00f3gico;<\/li>\n<li>Estudo Geot\u00e9cnico e Projeto Geot\u00e9cnico;<\/li>\n<li>Estudo Hidrol\u00f3gico;<\/li>\n<li>Estudo Hidr\u00e1ulico e Projeto de Drenagem;<\/li>\n<li>Estudo e Projeto de Obras Especiais (Cruzamentos e Travessias);<\/li>\n<li>Estudo e Projeto de Obras Complementares.<\/li>\n<\/ul>\n<\/li>\n<\/ol>\n","protected":false},"excerpt":{"rendered":"<p>[IMAGEM_CAROUSEL] A execu\u00e7\u00e3o de Projeto de Dutos requer o conhecimento detalhado da superf\u00edcie da faixa de dutos sendo necess\u00e1ria a execu\u00e7\u00e3o de servi\u00e7os de consultoria t\u00e9cnica, levantamentos de campo (m\u00e9todos &#8230;<\/p>\n","protected":false},"author":1,"featured_media":0,"parent":1290,"menu_order":0,"comment_status":"closed","ping_status":"closed","template":"template-left-sidebar.php","meta":{"footnotes":""},"class_list":["post-2422","page","type-page","status-publish","hentry"],"_links":{"self":[{"href":"https:\/\/www.esteio.com.br\/es\/wp-json\/wp\/v2\/pages\/2422","targetHints":{"allow":["GET"]}}],"collection":[{"href":"https:\/\/www.esteio.com.br\/es\/wp-json\/wp\/v2\/pages"}],"about":[{"href":"https:\/\/www.esteio.com.br\/es\/wp-json\/wp\/v2\/types\/page"}],"author":[{"embeddable":true,"href":"https:\/\/www.esteio.com.br\/es\/wp-json\/wp\/v2\/users\/1"}],"replies":[{"embeddable":true,"href":"https:\/\/www.esteio.com.br\/es\/wp-json\/wp\/v2\/comments?post=2422"}],"version-history":[{"count":2,"href":"https:\/\/www.esteio.com.br\/es\/wp-json\/wp\/v2\/pages\/2422\/revisions"}],"predecessor-version":[{"id":3777,"href":"https:\/\/www.esteio.com.br\/es\/wp-json\/wp\/v2\/pages\/2422\/revisions\/3777"}],"up":[{"embeddable":true,"href":"https:\/\/www.esteio.com.br\/es\/wp-json\/wp\/v2\/pages\/1290"}],"wp:attachment":[{"href":"https:\/\/www.esteio.com.br\/es\/wp-json\/wp\/v2\/media?parent=2422"}],"curies":[{"name":"wp","href":"https:\/\/api.w.org\/{rel}","templated":true}]}}