{"id":2437,"date":"2017-05-19T18:44:59","date_gmt":"2017-05-19T18:44:59","guid":{"rendered":"http:\/\/esteio.com.br\/?page_id=2437"},"modified":"2022-05-30T17:23:21","modified_gmt":"2022-05-30T17:23:21","slug":"gasduc-iii","status":"publish","type":"page","link":"https:\/\/www.esteio.com.br\/es\/executados\/projeto-dutos\/gasduc-iii\/","title":{"rendered":"PROJETO B\u00c1SICO DO GASODUTO CABI\u00daNAS &#8211; REDUC &#8211; RJ (GASDUC III)"},"content":{"rendered":"[IMAGEM_CAROUSEL]\n<p>Em fevereiro de 2008 a ESTEIO deu in\u00edcio \u00e0 execu\u00e7\u00e3o dos Servi\u00e7os de Projeto B\u00e1sico do Gasoduto Cabi\u00fanas &#8211; REDUC (GASDUC III). Este duto tem cerca de 196 km, localizado no estado do Rio de Janeiro, munic\u00edpios de Maca\u00e9, Rio das Ostras, Casimiro de Abreu, Silva Jardim, Cachoeiras de Macacu, Mag\u00e9 e Duque de Caxias. O GASDUC III ir\u00e1 interligar a Esta\u00e7\u00e3o do Terminal de Cabi\u00fanas, no Munic\u00edpio de Maca\u00e9 &#8211; RJ com a Esta\u00e7\u00e3o de compress\u00e3o ECOMP REDUC II, situada no Munic\u00edpio de Duque de Caxias, no estado do Rio de Janeiro, para transporte de g\u00e1s natural. Ser\u00e1 composto por duto de 38&#8243; para o transporte de g\u00e1s at\u00e9 a refinaria.<\/p>\n<p class=\"subtitulo\">BASE CARTOGR\u00c1FICA<\/p>\n<p>Voo realizado em Fev\/2007 &#8211; Escala do voo 1:20.000 &#8211; Empresa ESTEIO Engenharia e Aerolevantamento S.A.<\/p>\n<p class=\"subtitulo\">PLANO FUNCIONAL<\/p>\n<p>A partir da base cartogr\u00e1fica, elaborou-se o Plano Funcional, indicando os acessos, \u00e1reas de v\u00e1lvulas e bota-foras.<\/p>\n<p class=\"subtitulo\">ESTUDO DE TRAVESSIAS ESPECIAIS<\/p>\n<p>Ao longo da faixa foram realizados os seguintes estudos de travessias:<\/p>\n<div class=\"row\">\n<div class=\"col-md-2\">\n<\/div>\n<div class=\"col-md-8\">\n<div align=\"center\">\n<table class=\"tabela\" border=\"0\" width=\"583\" cellspacing=\"0\" cellpadding=\"0\">\n<tbody>\n<tr>\n<td nowrap=\"nowrap\" width=\"55\"><strong>Item<\/strong><\/td>\n<td nowrap=\"nowrap\" width=\"236\">\n<p align=\"center\"><strong>TRAVESSIA<\/strong><\/p>\n<\/td>\n<td width=\"66\">\n<p align=\"center\"><strong>Item<\/strong><\/p>\n<\/td>\n<td width=\"227\">\n<p align=\"center\"><strong>TRAVESSIA<\/strong><\/p>\n<\/td>\n<\/tr>\n<tr>\n<td nowrap=\"nowrap\" width=\"55\">\n<p align=\"center\">1<\/p>\n<\/td>\n<td nowrap=\"nowrap\" width=\"236\">Rio Maca\u00e9 e Canal Virgem Santa<\/td>\n<td width=\"66\">\n<p align=\"center\">8<\/p>\n<\/td>\n<td width=\"227\">Rio Macacu<\/td>\n<\/tr>\n<tr>\n<td nowrap=\"nowrap\" width=\"55\">\n<p align=\"center\">2<\/p>\n<\/td>\n<td nowrap=\"nowrap\" width=\"236\">Rio da Aldeia Velha<\/td>\n<td width=\"66\">\n<p align=\"center\">9<\/p>\n<\/td>\n<td width=\"227\">Rio Guapia\u00e7u<\/td>\n<\/tr>\n<tr>\n<td nowrap=\"nowrap\" width=\"55\">\n<p align=\"center\">3<\/p>\n<\/td>\n<td nowrap=\"nowrap\" width=\"236\">Rio da Bananeira<\/td>\n<td width=\"66\">\n<p align=\"center\">10<\/p>\n<\/td>\n<td width=\"227\">Rio Guapimirim<\/td>\n<\/tr>\n<tr>\n<td nowrap=\"nowrap\" width=\"55\">\n<p align=\"center\">4<\/p>\n<\/td>\n<td nowrap=\"nowrap\" width=\"236\">Rio S\u00edo Jo\u00edo<\/td>\n<td width=\"66\">\n<p align=\"center\">11<\/p>\n<\/td>\n<td width=\"227\">Rio Roncador<\/td>\n<\/tr>\n<tr>\n<td nowrap=\"nowrap\" width=\"55\">\n<p align=\"center\">5<\/p>\n<\/td>\n<td nowrap=\"nowrap\" width=\"236\">Rio S\u00edo Jo\u00edo 2<\/td>\n<td width=\"66\">\n<p align=\"center\">12<\/p>\n<\/td>\n<td width=\"227\">Rio Suru\u00ed<\/td>\n<\/tr>\n<tr>\n<td nowrap=\"nowrap\" width=\"55\">\n<p align=\"center\">6<\/p>\n<\/td>\n<td nowrap=\"nowrap\" width=\"236\">Rio S\u00edo Jo\u00edo 3<\/td>\n<td width=\"66\">\n<p align=\"center\">13<\/p>\n<\/td>\n<td width=\"227\">Rio Estrela<\/td>\n<\/tr>\n<tr>\n<td nowrap=\"nowrap\" width=\"55\">\n<p align=\"center\">7<\/p>\n<\/td>\n<td nowrap=\"nowrap\" width=\"236\">Rio S\u00edo Jo\u00edo 4<\/td>\n<td width=\"66\"><\/td>\n<td width=\"227\"><\/td>\n<\/tr>\n<\/tbody>\n<\/table>\n<\/div>\n<\/div>\n<\/div>\n<p>Rela\u00e7\u00e3o de todas as travessias ao longo da faixa:<\/p>\n<div align=\"center\">\n<table class=\"tabela\" border=\"0\" width=\"639\" cellspacing=\"0\" cellpadding=\"0\">\n<tbody>\n<tr>\n<td nowrap=\"nowrap\" width=\"55\"><strong>Item<\/strong><\/td>\n<td nowrap=\"nowrap\" width=\"161\">\n<p align=\"center\"><strong>TRAVESSIA<\/strong><\/p>\n<\/td>\n<td width=\"54\">\n<p align=\"center\"><strong>Item<\/strong><\/p>\n<\/td>\n<td width=\"161\">\n<p align=\"center\"><strong>TRAVESSIA<\/strong><\/p>\n<\/td>\n<td width=\"73\">\n<p align=\"center\"><strong>Item<\/strong><\/p>\n<\/td>\n<td width=\"135\">\n<p align=\"center\"><strong>TRAVESSIA<\/strong><\/p>\n<\/td>\n<\/tr>\n<tr>\n<td nowrap=\"nowrap\" width=\"55\">\n<p align=\"center\">1<\/p>\n<\/td>\n<td nowrap=\"nowrap\" width=\"161\">Rio \u00c1guas Maravilhosas<\/td>\n<td width=\"54\">\n<p align=\"center\">16<\/p>\n<\/td>\n<td width=\"161\">Rio Maratu\u00ed<\/td>\n<td width=\"73\">\n<p align=\"center\">31<\/p>\n<\/td>\n<td width=\"135\">Rio Branco<\/td>\n<\/tr>\n<tr>\n<td nowrap=\"nowrap\" width=\"55\">\n<p align=\"center\">2<\/p>\n<\/td>\n<td nowrap=\"nowrap\" width=\"161\">Rio Maca\u00e9<\/td>\n<td width=\"54\">\n<p align=\"center\">17<\/p>\n<\/td>\n<td width=\"161\">C\u00f3rrego Espinho<\/td>\n<td width=\"73\">\n<p align=\"center\">32<\/p>\n<\/td>\n<td width=\"135\">Rio Branco II<\/td>\n<\/tr>\n<tr>\n<td nowrap=\"nowrap\" width=\"55\">\n<p align=\"center\">3<\/p>\n<\/td>\n<td nowrap=\"nowrap\" width=\"161\">Canal Virgem Santa<\/td>\n<td width=\"54\">\n<p align=\"center\">18<\/p>\n<\/td>\n<td width=\"161\">Rio Bananeira<\/td>\n<td width=\"73\">\n<p align=\"center\">33<\/p>\n<\/td>\n<td width=\"135\">Rio Macacu<\/td>\n<\/tr>\n<tr>\n<td nowrap=\"nowrap\" width=\"55\">\n<p align=\"center\">4<\/p>\n<\/td>\n<td nowrap=\"nowrap\" width=\"161\">Canal Botafogo<\/td>\n<td width=\"54\">\n<p align=\"center\">19<\/p>\n<\/td>\n<td width=\"161\">C\u00f3rrego Continental<\/td>\n<td width=\"73\">\n<p align=\"center\">34<\/p>\n<\/td>\n<td width=\"135\">Rio Cassiano<\/td>\n<\/tr>\n<tr>\n<td nowrap=\"nowrap\" width=\"55\">\n<p align=\"center\">5<\/p>\n<\/td>\n<td nowrap=\"nowrap\" width=\"161\">Canal Mimiro<\/td>\n<td width=\"54\">\n<p align=\"center\">20<\/p>\n<\/td>\n<td width=\"161\">Rio Pirineus<\/td>\n<td width=\"73\">\n<p align=\"center\">35<\/p>\n<\/td>\n<td width=\"135\">Rio do Mato<\/td>\n<\/tr>\n<tr>\n<td nowrap=\"nowrap\" width=\"55\">\n<p align=\"center\">6<\/p>\n<\/td>\n<td nowrap=\"nowrap\" width=\"161\">Canal Paca Parra<\/td>\n<td width=\"54\">\n<p align=\"center\">21<\/p>\n<\/td>\n<td width=\"161\">Rio S\u00edo Jo\u00edo I<\/td>\n<td width=\"73\">\n<p align=\"center\">36<\/p>\n<\/td>\n<td width=\"135\">Rio Guapia\u00e7u<\/td>\n<\/tr>\n<tr>\n<td nowrap=\"nowrap\" width=\"55\">\n<p align=\"center\">7<\/p>\n<\/td>\n<td nowrap=\"nowrap\" width=\"161\">Rio Imboacica<\/td>\n<td width=\"54\">\n<p align=\"center\">22<\/p>\n<\/td>\n<td width=\"161\">Rio Gavi\u00f5es<\/td>\n<td width=\"73\">\n<p align=\"center\">37<\/p>\n<\/td>\n<td width=\"135\">Rio Portinho<\/td>\n<\/tr>\n<tr>\n<td nowrap=\"nowrap\" width=\"55\">\n<p align=\"center\">8<\/p>\n<\/td>\n<td nowrap=\"nowrap\" width=\"161\">Rio Canta Galo<\/td>\n<td width=\"54\">\n<p align=\"center\">23<\/p>\n<\/td>\n<td width=\"161\">Rio S\u00edo Jo\u00edo II<\/td>\n<td width=\"73\">\n<p align=\"center\">38<\/p>\n<\/td>\n<td width=\"135\">Rio Guapimirim<\/td>\n<\/tr>\n<tr>\n<td nowrap=\"nowrap\" width=\"55\">\n<p align=\"center\">9<\/p>\n<\/td>\n<td nowrap=\"nowrap\" width=\"161\">Rio Dourado<\/td>\n<td width=\"54\">\n<p align=\"center\">24<\/p>\n<\/td>\n<td width=\"161\">Rio S\u00edo Louren\u00e7o<\/td>\n<td width=\"73\">\n<p align=\"center\">39<\/p>\n<\/td>\n<td width=\"135\">Rio Matadouro<\/td>\n<\/tr>\n<tr>\n<td nowrap=\"nowrap\" width=\"55\">\n<p align=\"center\">10<\/p>\n<\/td>\n<td nowrap=\"nowrap\" width=\"161\">Rio Lontra<\/td>\n<td width=\"54\">\n<p align=\"center\">25<\/p>\n<\/td>\n<td width=\"161\">Rio S\u00edo Jo\u00edo III<\/td>\n<td width=\"73\">\n<p align=\"center\">40<\/p>\n<\/td>\n<td width=\"135\">Rio Roncador<\/td>\n<\/tr>\n<tr>\n<td nowrap=\"nowrap\" width=\"55\">\n<p align=\"center\">11<\/p>\n<\/td>\n<td nowrap=\"nowrap\" width=\"161\">Rio Indaia\u00e7u<\/td>\n<td width=\"54\">\n<p align=\"center\">26<\/p>\n<\/td>\n<td width=\"161\">Rio Panelas<\/td>\n<td width=\"73\">\n<p align=\"center\">41<\/p>\n<\/td>\n<td width=\"135\">Rio Iriri<\/td>\n<\/tr>\n<tr>\n<td nowrap=\"nowrap\" width=\"55\">\n<p align=\"center\">12<\/p>\n<\/td>\n<td nowrap=\"nowrap\" width=\"161\">Rio Itabium<\/td>\n<td width=\"54\">\n<p align=\"center\">27<\/p>\n<\/td>\n<td width=\"161\">Rio S\u00edo Jo\u00edo IV<\/td>\n<td width=\"73\">\n<p align=\"center\">42<\/p>\n<\/td>\n<td width=\"135\">Rio Suru\u00ed<\/td>\n<\/tr>\n<tr>\n<td nowrap=\"nowrap\" width=\"55\">\n<p align=\"center\">13<\/p>\n<\/td>\n<td nowrap=\"nowrap\" width=\"161\">Rio Ipiabas<\/td>\n<td width=\"54\">\n<p align=\"center\">28<\/p>\n<\/td>\n<td width=\"161\">Rio Panelas I<\/td>\n<td width=\"73\"><\/td>\n<td width=\"135\"><\/td>\n<\/tr>\n<tr>\n<td nowrap=\"nowrap\" width=\"55\">\n<p align=\"center\">14<\/p>\n<\/td>\n<td nowrap=\"nowrap\" width=\"161\">Rio da Aldeia Velha<\/td>\n<td width=\"54\">\n<p align=\"center\">29<\/p>\n<\/td>\n<td width=\"161\">Rio Panelas II<\/td>\n<td valign=\"top\" width=\"73\"><\/td>\n<td valign=\"top\" width=\"135\"><\/td>\n<\/tr>\n<tr>\n<td nowrap=\"nowrap\" width=\"55\">\n<p align=\"center\">15<\/p>\n<\/td>\n<td nowrap=\"nowrap\" width=\"161\">Rio Iguap\u00e9<\/td>\n<td width=\"54\">\n<p align=\"center\">30<\/p>\n<\/td>\n<td width=\"161\">Rio Panelas III<\/td>\n<td valign=\"top\" width=\"73\"><\/td>\n<td valign=\"top\" width=\"135\"><\/td>\n<\/tr>\n<\/tbody>\n<\/table>\n<\/div>\n<p class=\"subtitulo\">PRODUTOS GERADOS<\/p>\n<p>Os servi\u00e7os do escopo do projeto b\u00e1sico da faixa e pr\u00e9-detalhamento do duto foram traduzidos pelos seguintes produtos:<\/p>\n<ol class=\"breadcrumb\">\n<li class=\"active\">\n<ul>\n<li>Planta de Situa\u00e7\u00e3o com implanta\u00e7\u00e3o geral na escala 1:25:000;<\/li>\n<li>Planta Chave \/ Unifilar de Terraplenagem na escala 1:10.000;<\/li>\n<li>Desenho de Zoneamento Geot\u00e9cnico na escala 1:10.000;<\/li>\n<li>Mapa Ambientais na escala 1:10.000;<\/li>\n<li>Desenho de Unifilar de Vegeta\u00e7\u00e3o na escala 1:5.000;<\/li>\n<li>Planta de Faixa na escala 1:1.000;<\/li>\n<li>Perfil do duto na escala 1:1.000;<\/li>\n<li>Desenho de cruzamentos e travessias na escala 1:200;<\/li>\n<li>Desenho de Se\u00e7\u00e3o de Terraplenagem na escala 1:200;<\/li>\n<li>Desenho de detalhes t\u00edpicos de terraplenagem na escala 1:500;<\/li>\n<li>Desenho de detalhes t\u00edpicos de drenagem na escala 1:500;<\/li>\n<li>Desenho de obras de conten\u00e7\u00e3o e estabiliza\u00e7\u00e3o das margens na escala 1:500;<\/li>\n<li>Relat\u00f3rios;<\/li>\n<li>Memoriais Descritivos;<\/li>\n<li>ETs &#8211; Especifica\u00e7\u00f5es T\u00e9cnicas;<\/li>\n<li>MC &#8211; Mem\u00f3rias de C\u00e1lculo;<\/li>\n<li>Planilhas de Quantidades.<\/li>\n<\/ul>\n<\/li>\n<\/ol>","protected":false},"excerpt":{"rendered":"<p>[IMAGEM_CAROUSEL] Em fevereiro de 2008 a ESTEIO deu in\u00edcio \u00e0 execu\u00e7\u00e3o dos Servi\u00e7os de Projeto B\u00e1sico do Gasoduto Cabi\u00fanas &#8211; REDUC (GASDUC III). Este duto tem cerca de 196 km, &#8230;<\/p>\n","protected":false},"author":1,"featured_media":0,"parent":2422,"menu_order":0,"comment_status":"closed","ping_status":"closed","template":"","meta":{"footnotes":""},"class_list":["post-2437","page","type-page","status-publish","hentry"],"_links":{"self":[{"href":"https:\/\/www.esteio.com.br\/es\/wp-json\/wp\/v2\/pages\/2437","targetHints":{"allow":["GET"]}}],"collection":[{"href":"https:\/\/www.esteio.com.br\/es\/wp-json\/wp\/v2\/pages"}],"about":[{"href":"https:\/\/www.esteio.com.br\/es\/wp-json\/wp\/v2\/types\/page"}],"author":[{"embeddable":true,"href":"https:\/\/www.esteio.com.br\/es\/wp-json\/wp\/v2\/users\/1"}],"replies":[{"embeddable":true,"href":"https:\/\/www.esteio.com.br\/es\/wp-json\/wp\/v2\/comments?post=2437"}],"version-history":[{"count":5,"href":"https:\/\/www.esteio.com.br\/es\/wp-json\/wp\/v2\/pages\/2437\/revisions"}],"predecessor-version":[{"id":6310,"href":"https:\/\/www.esteio.com.br\/es\/wp-json\/wp\/v2\/pages\/2437\/revisions\/6310"}],"up":[{"embeddable":true,"href":"https:\/\/www.esteio.com.br\/es\/wp-json\/wp\/v2\/pages\/2422"}],"wp:attachment":[{"href":"https:\/\/www.esteio.com.br\/es\/wp-json\/wp\/v2\/media?parent=2437"}],"curies":[{"name":"wp","href":"https:\/\/api.w.org\/{rel}","templated":true}]}}