{"id":2451,"date":"2017-05-19T19:03:01","date_gmt":"2017-05-19T19:03:01","guid":{"rendered":"http:\/\/esteio.com.br\/?page_id=2451"},"modified":"2022-05-30T17:33:46","modified_gmt":"2022-05-30T17:33:46","slug":"marica-comperj","status":"publish","type":"page","link":"https:\/\/www.esteio.com.br\/es\/executados\/projeto-dutos\/marica-comperj\/","title":{"rendered":"PETROBRAS &#8211; Projeto B\u00e1sico do Gasoduto MARIC\u00c1-COMPERJ"},"content":{"rendered":"[IMAGEM_CAROUSEL]\n<p>Em outubro de 2011 a ESTEIO deu in\u00edcio \u00e0 execu\u00e7\u00e3o dos Servi\u00e7os do Projeto B\u00e1sico do Gasoduto MARIC\u00c1-COMPERJ. Trecho com 48 km, em faixa nova com duto de 22&#8243; di\u00e2metro, localizado no estado do Rio de Janeiro, munic\u00edpios de Itabora\u00ed e Maric\u00e1.<\/p>\n<p class=\"subtitulo\">BASE CARTOGR\u00c1FICA<\/p>\n<p>Para base cartogr\u00e1fica foi utilizada a ortofoto da Empresa ESTEIO Engenharia e Aerolevantamento S.A, data de voo: julho\/2011<\/p>\n<p class=\"subtitulo\">PLANO FUNCIONAL<\/p>\n<p>A partir da base cartogr\u00e1fica, elaborou-se o Plano Funcional, indicando os acessos, \u00e1reas de v\u00e1lvulas e bota-foras.<\/p>\n<p class=\"subtitulo\">LEVANTAMENTO DE TRAVESSIAS E CRUZAMENTOS ESPECIAIS<\/p>\n<p>Ao longo da faixa foram levantados as seguintes travessias e cruzamentos:<\/p>\n<div class=\"row\">\n<div class=\"col-md-4\">\n<\/div>\n<div class=\"col-md-4\">\n<div align=\"center\">\n<table class=\"tabela\" border=\"0\" width=\"493\" cellspacing=\"0\" cellpadding=\"0\">\n<tbody>\n<tr>\n<td nowrap=\"nowrap\" width=\"55\"><strong>Item<\/strong><\/td>\n<td nowrap=\"nowrap\" width=\"183\">\n<p align=\"center\"><strong>TRAVESSIA \/ CRUZAMENTO<\/strong><\/p>\n<\/td>\n<td width=\"74\">\n<p align=\"center\"><strong>Item<\/strong><\/p>\n<\/td>\n<td width=\"183\">\n<p align=\"center\"><strong>TRAVESSIA \/ CRUZAMENTO<\/strong><\/p>\n<\/td>\n<\/tr>\n<tr>\n<td nowrap=\"nowrap\" width=\"55\">\n<p align=\"center\">1<\/p>\n<\/td>\n<td nowrap=\"nowrap\" width=\"183\">C\u00f3rrego do Bananal<\/td>\n<td width=\"74\">\n<p align=\"center\"><strong>8<\/strong><\/p>\n<\/td>\n<td width=\"183\">Rio Calundu<\/td>\n<\/tr>\n<tr>\n<td nowrap=\"nowrap\" width=\"55\">\n<p align=\"center\">2<\/p>\n<\/td>\n<td nowrap=\"nowrap\" width=\"183\">Rio Doce<\/td>\n<td width=\"74\">\n<p align=\"center\"><strong>9<\/strong><\/p>\n<\/td>\n<td width=\"183\">Rio Caceribu<\/td>\n<\/tr>\n<tr>\n<td nowrap=\"nowrap\" width=\"55\">\n<p align=\"center\">3<\/p>\n<\/td>\n<td nowrap=\"nowrap\" width=\"183\">Rio Itapeteiu<\/td>\n<td width=\"74\">\n<p align=\"center\"><strong>10<\/strong><\/p>\n<\/td>\n<td width=\"183\">RJ 118<\/td>\n<\/tr>\n<tr>\n<td nowrap=\"nowrap\" width=\"55\">\n<p align=\"center\">4<\/p>\n<\/td>\n<td nowrap=\"nowrap\" width=\"183\">Rio Ubatiba<\/td>\n<td width=\"74\">\n<p align=\"center\"><strong>11<\/strong><\/p>\n<\/td>\n<td width=\"183\">RJ 106<\/td>\n<\/tr>\n<tr>\n<td nowrap=\"nowrap\" width=\"55\">\n<p align=\"center\">5<\/p>\n<\/td>\n<td nowrap=\"nowrap\" width=\"183\">Rio Fundo<\/td>\n<td width=\"74\">\n<p align=\"center\"><strong>12<\/strong><\/p>\n<\/td>\n<td width=\"183\">RJ 114<\/td>\n<\/tr>\n<tr>\n<td nowrap=\"nowrap\" width=\"55\">\n<p align=\"center\"><strong>6<\/strong><\/p>\n<\/td>\n<td nowrap=\"nowrap\" width=\"183\">Rio Brinquinho<\/td>\n<td width=\"74\">\n<p align=\"center\"><strong>13<\/strong><\/p>\n<\/td>\n<td width=\"183\">BR 101<\/td>\n<\/tr>\n<tr>\n<td nowrap=\"nowrap\" width=\"55\">\n<p align=\"center\"><strong>7<\/strong><\/p>\n<\/td>\n<td nowrap=\"nowrap\" width=\"183\">Rio Nossa Senhora da Ajuda<\/td>\n<td width=\"74\">\n<p align=\"center\"><strong>14<\/strong><\/p>\n<\/td>\n<td width=\"183\">RJ 116<\/td>\n<\/tr>\n<\/tbody>\n<\/table>\n<\/div>\n<\/div>\n<\/div>\n<p class=\"subtitulo\">PRODUTOS COMPLEMENTARES<\/p>\n<p>Foi escopo do contrato o projeto de uma variante com aproximadamente 4 km&#8217;s, partindo do km 34+450 ao km 38+459.<\/p>\n<p class=\"subtitulo\">PRODUTOS GERADOS<\/p>\n<p>Os servi\u00e7os do escopo de projeto b\u00e1sico da faixa e pr\u00e9-detalhamento do duto foram traduzidos nos seguintes produtos:<\/p>\n<ol class=\"breadcrumb\">\n<li class=\"active\">\n<ul>\n<li>Planta de Situa\u00e7\u00e3o com implanta\u00e7\u00e3o geral na escala 1:25:000;<\/li>\n<li>Planta Chave \/ Unifilar de Terraplenagem na escala 1:10.000;<\/li>\n<li>Desenho de Zoneamento Geot\u00e9cnico na escala 1:10.000;<\/li>\n<li>Mapa Ambientais na escala 1:10.000;<\/li>\n<li>Desenho de Unifilar de Vegeta\u00e7\u00e3o na escala 1:5.000;<\/li>\n<li>Planta de Faixa na escala 1:1.000;<\/li>\n<li>Perfil do duto na escala 1:1.000;<\/li>\n<li>Desenho de cruzamentos e travessias na escala 1:200;<\/li>\n<li>Desenho de Se\u00e7\u00e3o de Terraplenagem na escala 1:200;<\/li>\n<li>Desenho de detalhes t\u00edpicos de terraplenagem na escala 1:500;<\/li>\n<li>Desenho de detalhes t\u00edpicos de drenagem na escala 1:500;<\/li>\n<li>Desenho de obras de conten\u00e7\u00e3o e estabiliza\u00e7\u00e3o das margens na escala 1:500;<\/li>\n<li>Relat\u00f3rios;<\/li>\n<li>Memoriais Descritivos;<\/li>\n<li>ETs &#8211; Especifica\u00e7\u00f5es T\u00e9cnicas;<\/li>\n<li>MC &#8211; Mem\u00f3rias de C\u00e1lculo;<\/li>\n<li>Planilhas de Quantidades.<\/li>\n<\/ul>\n<\/li>\n<\/ol>","protected":false},"excerpt":{"rendered":"<p>[IMAGEM_CAROUSEL] Em outubro de 2011 a ESTEIO deu in\u00edcio \u00e0 execu\u00e7\u00e3o dos Servi\u00e7os do Projeto B\u00e1sico do Gasoduto MARIC\u00c1-COMPERJ. Trecho com 48 km, em faixa nova com duto de 22&#8243; &#8230;<\/p>\n","protected":false},"author":1,"featured_media":0,"parent":2422,"menu_order":0,"comment_status":"closed","ping_status":"closed","template":"","meta":{"footnotes":""},"class_list":["post-2451","page","type-page","status-publish","hentry"],"_links":{"self":[{"href":"https:\/\/www.esteio.com.br\/es\/wp-json\/wp\/v2\/pages\/2451","targetHints":{"allow":["GET"]}}],"collection":[{"href":"https:\/\/www.esteio.com.br\/es\/wp-json\/wp\/v2\/pages"}],"about":[{"href":"https:\/\/www.esteio.com.br\/es\/wp-json\/wp\/v2\/types\/page"}],"author":[{"embeddable":true,"href":"https:\/\/www.esteio.com.br\/es\/wp-json\/wp\/v2\/users\/1"}],"replies":[{"embeddable":true,"href":"https:\/\/www.esteio.com.br\/es\/wp-json\/wp\/v2\/comments?post=2451"}],"version-history":[{"count":10,"href":"https:\/\/www.esteio.com.br\/es\/wp-json\/wp\/v2\/pages\/2451\/revisions"}],"predecessor-version":[{"id":6327,"href":"https:\/\/www.esteio.com.br\/es\/wp-json\/wp\/v2\/pages\/2451\/revisions\/6327"}],"up":[{"embeddable":true,"href":"https:\/\/www.esteio.com.br\/es\/wp-json\/wp\/v2\/pages\/2422"}],"wp:attachment":[{"href":"https:\/\/www.esteio.com.br\/es\/wp-json\/wp\/v2\/media?parent=2451"}],"curies":[{"name":"wp","href":"https:\/\/api.w.org\/{rel}","templated":true}]}}