{"id":2459,"date":"2017-05-22T13:50:14","date_gmt":"2017-05-22T13:50:14","guid":{"rendered":"http:\/\/esteio.com.br\/?page_id=2459"},"modified":"2022-05-26T18:34:55","modified_gmt":"2022-05-26T18:34:55","slug":"sig","status":"publish","type":"page","link":"https:\/\/www.esteio.com.br\/es\/executados\/sig\/","title":{"rendered":"SIG"},"content":{"rendered":"Para se entender o que \u00e9 um SIG, podemos separar cada um dos componentes de sua denomina\u00e7\u00e3o.<\/p>\n<p>SISTEMA \u00e9 um arranjo de elementos relacionados ou conectados de tal forma que constituem um todo organizado com caracter\u00edsticas pr\u00f3prias.<\/p>\n<p>INFORMA\u00c7\u00c3O \u00e9 o significado que o ser humano atribui a um determinado dado utilizando um processo pr\u00e9-estabelecido de interpreta\u00e7\u00e3o.<\/p>\n<p>GEOGR\u00c1FICA diz respeito \u00e0s rela\u00e7\u00f5es b\u00e1sicas com a Terra, considerada como um corpo em forma de globo.<\/p>\n<p>Dentre os v\u00e1rios conceitos de SIG, temos :<\/p>\n<p>&#8220;SIG \u00e9 qualquer sistema de gerenciamento de informa\u00e7\u00e3o que pode<\/p>\n<ol class=\"breadcrumb\">\n<li class=\"active\">\n<ul>\n<li>Coletar, armazenar e recuperar informa\u00e7\u00f5es baseadas em sua localiza\u00e7\u00e3o espacial<\/li>\n<li>Identificar locais dentro de um ambiente alvo de acordo com determinado crit\u00e9rio<\/li>\n<li>Explorar rela\u00e7\u00f5es entre conjunto de dados dentro deste ambiente<\/li>\n<li>Analisar dados relacionados espacialmente para aux\u00edlio na tomada de decis\u00e3o sobre este ambiente<\/li>\n<li>Facilitar a sele\u00e7\u00e3o e a passagem de dados para modelos de simula\u00e7\u00e3o capazes de avaliar o impacto de alternativas no ambiente escolhido<\/li>\n<li>Mostrar o ambiente gr\u00e1fico e anal\u00edtico antes e depois de uma an\u00e1lise qualquer&#8221;<\/li>\n<\/ul>\n<\/li>\n<\/ol>\n<p class=\"subtitulo\">Artigos Relacionados<\/p>\n<ol class=\"breadcrumb\">\n<li class=\"active\">\n<ul>\n<li><a href=\"http:\/\/esteio.com.br\/downloads\/pdf\/alem_de_um_plano_diretor.pdf\" target=\"_blank\" rel=\"noopener noreferrer\">Al\u00e9m de um plano diretor para sua cidade<\/a><\/li>\n<li><a href=\"http:\/\/esteio.com.br\/downloads\/pdf\/metadados_xml.pdf\" target=\"_blank\" rel=\"noopener noreferrer\">Metadados e XML<\/a><\/li>\n<\/ul>\n<\/li>\n<\/ol>","protected":false},"excerpt":{"rendered":"<p>Para se entender o que \u00e9 um SIG, podemos separar cada um dos componentes de sua denomina\u00e7\u00e3o. SISTEMA \u00e9 um arranjo de elementos relacionados ou conectados de tal forma que &#8230;<\/p>\n","protected":false},"author":1,"featured_media":0,"parent":1290,"menu_order":0,"comment_status":"closed","ping_status":"closed","template":"template-left-sidebar.php","meta":{"footnotes":""},"class_list":["post-2459","page","type-page","status-publish","hentry"],"_links":{"self":[{"href":"https:\/\/www.esteio.com.br\/es\/wp-json\/wp\/v2\/pages\/2459","targetHints":{"allow":["GET"]}}],"collection":[{"href":"https:\/\/www.esteio.com.br\/es\/wp-json\/wp\/v2\/pages"}],"about":[{"href":"https:\/\/www.esteio.com.br\/es\/wp-json\/wp\/v2\/types\/page"}],"author":[{"embeddable":true,"href":"https:\/\/www.esteio.com.br\/es\/wp-json\/wp\/v2\/users\/1"}],"replies":[{"embeddable":true,"href":"https:\/\/www.esteio.com.br\/es\/wp-json\/wp\/v2\/comments?post=2459"}],"version-history":[{"count":3,"href":"https:\/\/www.esteio.com.br\/es\/wp-json\/wp\/v2\/pages\/2459\/revisions"}],"predecessor-version":[{"id":6003,"href":"https:\/\/www.esteio.com.br\/es\/wp-json\/wp\/v2\/pages\/2459\/revisions\/6003"}],"up":[{"embeddable":true,"href":"https:\/\/www.esteio.com.br\/es\/wp-json\/wp\/v2\/pages\/1290"}],"wp:attachment":[{"href":"https:\/\/www.esteio.com.br\/es\/wp-json\/wp\/v2\/media?parent=2459"}],"curies":[{"name":"wp","href":"https:\/\/api.w.org\/{rel}","templated":true}]}}