{"id":2466,"date":"2017-05-22T13:54:47","date_gmt":"2017-05-22T13:54:47","guid":{"rendered":"http:\/\/esteio.com.br\/?page_id=2466"},"modified":"2022-05-27T13:07:34","modified_gmt":"2022-05-27T13:07:34","slug":"brasil-bolivia","status":"publish","type":"page","link":"https:\/\/www.esteio.com.br\/es\/executados\/sig\/brasil-bolivia\/","title":{"rendered":"Mapeamento do Gasoduto Brasil-Bol\u00edvia"},"content":{"rendered":"[IMAGEM_CAROUSEL]\n<p>O projeto conceitual do sistema de gasoduto para suprimento de g\u00e1s natural para os estados de MS, SP, PR, SC, RS, RS, RJ e MG foi desenvolvido pela PETROBRAS e YPFB &#8211; Yacimientos Petrol\u00edferos Fiscales Bolivianos, com a participa\u00e7\u00e3o da ESTEIO.<\/p>\n<p>No fim de 1992 e inicio de 1993, a ESTEIO prestou servi\u00e7os t\u00e9cnicos de engenharia para execu\u00e7\u00e3o de Mapeamento Tem\u00e1tico com imagens de sat\u00e9lite e estudo de tra\u00e7ado do Gasoduto Bolivia-Brasil para PETROBRAS.<\/p>\n<p>Os produtos finais consistiram de cartas tem\u00e1ticas, cartas de tra\u00e7ado, perfil longitudinal do terreno, cartas imagens al\u00e9m de relat\u00f3rios t\u00e9cnicos, envolvendo a apresenta\u00e7\u00e3o de trabalho de percep\u00e7\u00e3o remota em cerca de 50.000 km\u00b2.<\/p>\n<p>Os segmentos do gasoduto estudando desde a cidade de Corumb\u00e1 &#8211; MS, passando por Tr\u00eas Lagoas &#8211; MS (divisa MS &#8211; SP), Campinas &#8211; SP at\u00e9 Curitiba &#8211; PR e Campinas &#8211; SP at\u00e9 S\u00e3o Sebasti\u00e3o &#8211; SP.<\/p>\n<p>Ainda em 1993, dando continuidade aos servi\u00e7os realizado no trecho brasileiro, a ESTEIO executou os servi\u00e7os de percep\u00e7\u00e3o remota do trecho Boliviano do Gasoduto Bol\u00edvia-Brasil (Santa Cruz de La Sierra &#8211; Divisa Bol\u00edvia\/Brasil).<\/p>\n<p>Os servi\u00e7os totalizaram 11.300 km\u00b2 de \u00e1rea de Mapeamento Tem\u00e1tico a partir de imagens de sat\u00e9lite geocodificadas e acompanhamento t\u00e9cnico dos servi\u00e7os de reconhecimento de campo.","protected":false},"excerpt":{"rendered":"<p>[IMAGEM_CAROUSEL] O projeto conceitual do sistema de gasoduto para suprimento de g\u00e1s natural para os estados de MS, SP, PR, SC, RS, RS, RJ e MG foi desenvolvido pela PETROBRAS &#8230;<\/p>\n","protected":false},"author":1,"featured_media":0,"parent":2459,"menu_order":0,"comment_status":"closed","ping_status":"closed","template":"","meta":{"footnotes":""},"class_list":["post-2466","page","type-page","status-publish","hentry"],"_links":{"self":[{"href":"https:\/\/www.esteio.com.br\/es\/wp-json\/wp\/v2\/pages\/2466","targetHints":{"allow":["GET"]}}],"collection":[{"href":"https:\/\/www.esteio.com.br\/es\/wp-json\/wp\/v2\/pages"}],"about":[{"href":"https:\/\/www.esteio.com.br\/es\/wp-json\/wp\/v2\/types\/page"}],"author":[{"embeddable":true,"href":"https:\/\/www.esteio.com.br\/es\/wp-json\/wp\/v2\/users\/1"}],"replies":[{"embeddable":true,"href":"https:\/\/www.esteio.com.br\/es\/wp-json\/wp\/v2\/comments?post=2466"}],"version-history":[{"count":4,"href":"https:\/\/www.esteio.com.br\/es\/wp-json\/wp\/v2\/pages\/2466\/revisions"}],"predecessor-version":[{"id":6040,"href":"https:\/\/www.esteio.com.br\/es\/wp-json\/wp\/v2\/pages\/2466\/revisions\/6040"}],"up":[{"embeddable":true,"href":"https:\/\/www.esteio.com.br\/es\/wp-json\/wp\/v2\/pages\/2459"}],"wp:attachment":[{"href":"https:\/\/www.esteio.com.br\/es\/wp-json\/wp\/v2\/media?parent=2466"}],"curies":[{"name":"wp","href":"https:\/\/api.w.org\/{rel}","templated":true}]}}