{"id":2470,"date":"2017-05-22T13:56:51","date_gmt":"2017-05-22T13:56:51","guid":{"rendered":"http:\/\/esteio.com.br\/?page_id=2470"},"modified":"2022-05-27T13:09:19","modified_gmt":"2022-05-27T13:09:19","slug":"urucu-coari","status":"publish","type":"page","link":"https:\/\/www.esteio.com.br\/es\/executados\/sig\/urucu-coari\/","title":{"rendered":"Mapeamento e Levantamento Cadastral do Gasoduto Urucu &#8211; Coari"},"content":{"rendered":"[IMAGEM_CAROUSEL]\n<p>Este servi\u00e7o se refere a implanta\u00e7\u00e3o de gasoduto ligando o Campo de produ\u00e7\u00e3o da PETROBRAS em Urucu, em Coari\/AM e Porto Velho\/RO; e entre o campo de produ\u00e7\u00e3o da PETROBRAS em Juru\u00e1, munic\u00edpio de Caruari\/AM e Urucu.<\/p>\n<p>Neste servi\u00e7o, a ESTEIO utilizou a t\u00e9cnica de Cobertura A\u00e9rea apoiada por GPS. Esta t\u00e9cnica permite que no momento da tomada das fotos a\u00e9reas seja obtido as coordenadas do centro \u00f3tico da camara a\u00e9rea ou centro de proje\u00e7\u00e3o.<\/p>\n<p>A grande vantagem deste procedimento \u00e9 a diminui\u00e7\u00e3o de pontos de apoio terrestre, principalmente nas regi\u00f5es de dif\u00edcil acesso como a selva amaz\u00f4nica onde os principais acessos s\u00e3o rios e igarap\u00e9s.<\/p>\n<p>A ESTEIO realizou as seguintes atividades neste servi\u00e7o:<\/p>\n<ol class=\"breadcrumb\">\n<li class=\"active\">\n<ul>\n<li>Levantamento Aerofotogram\u00e9trico colorido em escalas 1:40.000 e 1:20.000 apoiado por GPS;<\/li>\n<li>Mosaicos de macrolocaliza\u00e7\u00e3o e de \u00e1reas especiais;<\/li>\n<li>Apoio Terrestre com Abertura de clareiras, pr\u00e9-sinaliza\u00e7\u00e3o e Medi\u00e7\u00e3o de pontos com GPS;<\/li>\n<li>Levantamento Cadastral com pe\u00e7as t\u00e9cnicas de cada propriedade;<\/li>\n<li>Ortofotocartas Digitais com perfil;<\/li>\n<li>Estudos de travessias de rios, sondagens geot\u00e9cnicas e levantamento de resistividade el\u00e9trica do solo;<\/li>\n<li>Apresenta\u00e7\u00e3o de resultados em SIG &#8211; Sistema de Informa\u00e7\u00f5es Geogr\u00e1ficas.<\/li>\n<\/ul>\n<\/li>\n<\/ol>","protected":false},"excerpt":{"rendered":"<p>[IMAGEM_CAROUSEL] Este servi\u00e7o se refere a implanta\u00e7\u00e3o de gasoduto ligando o Campo de produ\u00e7\u00e3o da PETROBRAS em Urucu, em Coari\/AM e Porto Velho\/RO; e entre o campo de produ\u00e7\u00e3o da &#8230;<\/p>\n","protected":false},"author":1,"featured_media":0,"parent":2459,"menu_order":0,"comment_status":"closed","ping_status":"closed","template":"","meta":{"footnotes":""},"class_list":["post-2470","page","type-page","status-publish","hentry"],"_links":{"self":[{"href":"https:\/\/www.esteio.com.br\/es\/wp-json\/wp\/v2\/pages\/2470","targetHints":{"allow":["GET"]}}],"collection":[{"href":"https:\/\/www.esteio.com.br\/es\/wp-json\/wp\/v2\/pages"}],"about":[{"href":"https:\/\/www.esteio.com.br\/es\/wp-json\/wp\/v2\/types\/page"}],"author":[{"embeddable":true,"href":"https:\/\/www.esteio.com.br\/es\/wp-json\/wp\/v2\/users\/1"}],"replies":[{"embeddable":true,"href":"https:\/\/www.esteio.com.br\/es\/wp-json\/wp\/v2\/comments?post=2470"}],"version-history":[{"count":4,"href":"https:\/\/www.esteio.com.br\/es\/wp-json\/wp\/v2\/pages\/2470\/revisions"}],"predecessor-version":[{"id":6046,"href":"https:\/\/www.esteio.com.br\/es\/wp-json\/wp\/v2\/pages\/2470\/revisions\/6046"}],"up":[{"embeddable":true,"href":"https:\/\/www.esteio.com.br\/es\/wp-json\/wp\/v2\/pages\/2459"}],"wp:attachment":[{"href":"https:\/\/www.esteio.com.br\/es\/wp-json\/wp\/v2\/media?parent=2470"}],"curies":[{"name":"wp","href":"https:\/\/api.w.org\/{rel}","templated":true}]}}