{"id":2475,"date":"2017-05-22T16:34:52","date_gmt":"2017-05-22T16:34:52","guid":{"rendered":"http:\/\/esteio.com.br\/?page_id=2475"},"modified":"2022-05-27T13:08:53","modified_gmt":"2022-05-27T13:08:53","slug":"barbacena","status":"publish","type":"page","link":"https:\/\/www.esteio.com.br\/es\/executados\/sig\/barbacena\/","title":{"rendered":"Barbacena-MG"},"content":{"rendered":"[IMAGEM_CAROUSEL]\n<p>La Cartograf\u00eda Digital y otras t\u00e9cnicas de recogida de datos hicieron con que el volumen de informaciones en una Administraci\u00f3n Municipal aumentase, sum\u00e1ndose al efecto del crecimiento en funci\u00f3n de la expansi\u00f3n natural de las ciudades.<\/p>\n<p>Estas informaciones generalmente se encuentran repartidas en las diferentes secretar\u00edas t\u00e9cnicas y administrativas, estando en diferentes formatos y muchas veces duplicadas. Se recomienda la utilizaci\u00f3n de un sistema para el uso de estos datos, pues adem\u00e1s de permitir el almacenamiento de un gran volumen de datos, garantiza la integraci\u00f3n de la informaci\u00f3n.<\/p>\n<p>Los Sistemas de Informaci\u00f3n Geogr\u00e1fica surgen como herramienta para implementar la integraci\u00f3n de las diversas \u00e1reas de actuaci\u00f3n. Y, por su vez, los ayuntamientos empiezan a demandar conocimientos, programas e informaciones en el sentido de utilizar esos conocimientos y tecnolog\u00edas.<\/p>\n<p class=\"subtitulo\">Relevamiento Para Sig<\/p>\n<p>Tener una base cartogr\u00e1fica digitalizada es un gran paso. Las actualizaciones son m\u00e1s r\u00e1pidas y necesarias. Es posible producir mapas tem\u00e1ticos que podr\u00e1n servir de soporte al administrador. Pero apenas eso no habilita para el desarrollo de un SIG, como herramienta de apoyo a la planificaci\u00f3n y decisi\u00f3n.<\/p>\n<p>Es imprescindible la preparaci\u00f3n de un estudio dirigido para aplicaciones en SIG, y principalmente un banco de datos catastral completo (formado por informaciones espec\u00edficas para cada aplicaci\u00f3n deseada). A partir de estas informaciones se basar\u00e1n las aplicaciones de un SIG y la calidad de los productos y estudios producidos estar\u00e1 \u00edntimamente relacionada a la confiabilidad de estas informaciones (levantamiento y catastro).<\/p>\n<p class=\"subtitulo\">Ayuntamiento Municipal De Barbacena-MG<\/p>\n<p>La ciudad de Barbacena est\u00e1 localizada en la regi\u00f3n central de Minas Gerais en la Serra da Mantiqueira, a 1.160 metros de altitud y a 170 km de Belo Horizonte. La poblaci\u00f3n est\u00e1 estimada en 115.000 habitantes (IBGE,2000) y el clima subtropical posibilita una buena calidad de vida a sus habitantes. Su econom\u00eda se basa en la agricultura, con \u00e9nfasis en los productos de huertas, pomares y granjas, flores y pecuaria.<\/p>\n<p>En el per\u00edmetro urbano de Barbacena, ESTEIO S.A. realiz\u00f3 los servicios de Aerolevantamientos con la finalidad de realizar un SIG para el Ayuntamiento Municipal. El servicio contempl\u00f3 las etapas de cobertura aerofotogram\u00e9trica en la escala 1:8.000, apoyo terrestre, restituci\u00f3n digital en la escala 1:2.000, ortofotos digitales en la escala 1:2.000. Esta cartograf\u00eda realizada sirvi\u00f3 como base espacial para las funcionalidades del SIG espec\u00edfico del Ayuntamiento Municipal de Barbacena.<\/p>\n<p class=\"subtitulo\">Rutinas Desarrolladas<\/p>\n<p>El car\u00e1cter de finalidades m\u00faltiples de un SIG tiene como concepci\u00f3n la generaci\u00f3n de funcionalidades para apoyar los trabajos de toma de decisi\u00f3n, relacionados a los aspectos como:<\/p>\n<ol class=\"breadcrumb\">\n<li class=\"active\">\n<ul>\n<li>Planificaci\u00f3n de tr\u00e1nsito y transporte;<\/li>\n<li>Planificaci\u00f3n agr\u00edcola;<\/li>\n<li>Catastros inmobiliarios urbano y rural;<\/li>\n<li>Manejo del medio ambiente y de los recursos naturales;<\/li>\n<li>Ordenamiento territorial y planificaci\u00f3n del espacio (uso de la tierra, urbana o rural);<\/li>\n<li>Planificaci\u00f3n de servicios (educaci\u00f3n, polic\u00eda, salud y servicios sociales);<\/li>\n<li>Localizaci\u00f3n de Centros Importantes (Comercio, Bancos);<\/li>\n<li>Averiguaciones y pol\u00edticas de salud p\u00fablica y ambiental;<\/li>\n<li>Enfoque en los &#8220;grupos de riesgo&#8221; y su problem\u00e1ticas;<\/li>\n<li>Actuar como soporte para el Registro de Propiedad y para la gesti\u00f3n del municipio para la realizaci\u00f3n de expropiaciones;<\/li>\n<li>Aplicaciones tipo Automated Mapping\/Facilities Managenment (AM\/FM), en general Estas corresponden a sistemas de informaciones para dar apoyo a empresas de \u00e1reas de servicios como: Telefon\u00eda, Agua, Electricidad, Gas, entre otras concesionarias de servicios p\u00fablicos.<\/li>\n<\/ul>\n<\/li>\n<\/ol>\n<p>En el caso espec\u00edfico del Ayuntamiento de Barbacena, las principales rutinas desarrolladas enfocaban las siguientes actividades:<\/p>\n<ol class=\"breadcrumb\">\n<li class=\"active\">\n<ul>\n<li>C\u00e1lculo e identificaci\u00f3n de la cantidad de unidades inmobiliarias en el lote;<\/li>\n<li>C\u00e1lculo de la menor distancia entre las entidades (Lote-Edificaci\u00f3n, Lote-Bordillo y Cuadra-Bordillo) pudiendo verificar si hay problemas de alineaci\u00f3n predial que avanza sobre el l\u00edmite definido por el Ayuntamiento;<\/li>\n<li>Actualizaci\u00f3n de datos \u2212 Actualizar Lotes, Actualizar Cuadras, Importar nuevos lotes, Importar nuevas cuadras, Importar nuevas cuadras-bordillo, Actualizaci\u00f3n del Banco de datos;<\/li>\n<li>Averiguaci\u00f3n por campo de la base de datos del catastro;<\/li>\n<li>Verificaci\u00f3n de la consistencia del Banco de datos con la Base Cartogr\u00e1fica y viceversa;<\/li>\n<li>Transformaci\u00f3n de Coordenadas;<\/li>\n<li>Actualizaci\u00f3n del Sentido de las V\u00edas;<\/li>\n<li>Visualizaci\u00f3n de Documentos relacionados a Temas;<\/li>\n<li>C\u00e1lculo del \u00e1rea edificada de los lotes;<\/li>\n<li>Consistencia del \u00e1rea Edificada de los Lotes;<\/li>\n<li>Generaci\u00f3n de Croquis de Cuadras;<\/li>\n<li>Generaci\u00f3n de mapas tem\u00e1ticos;<\/li>\n<li>Generaci\u00f3n de archivos para utilizaci\u00f3n en otros sistemas.<\/li>\n<\/ul>\n<\/li>\n<\/ol>\n<p class=\"subtitulo\">Capacitac\u00edon T\u00e9cnica<\/p>\n<p>Un factor importante para el \u00e9xito del SIG en la Administraci\u00f3n Municipal es el montaje de un equipo multidisciplinar para gesti\u00f3n del sistema. Se sugiere que un equipo interdisciplinar m\u00ednimo para un SIG pleno debe tener entre sus miembros:<\/p>\n<ol class=\"breadcrumb\">\n<li class=\"active\">\n<ul>\n<li>Urbanista capacitado en divisi\u00f3n en zonas urbano, parcelaciones, planificaci\u00f3n urbana, impacto ambiental;<\/li>\n<li>Ingeniero especialista en proyectos urbanos (red de agua, cloacas, telefon\u00eda, etc.);<\/li>\n<li>Ingeniero que act\u00fae en el \u00e1rea de SIG, cartograf\u00eda digital, aerofotogrametr\u00eda;<\/li>\n<li>Analista que domine los programas computacionales necesarios para la implantaci\u00f3n del sistema;<\/li>\n<\/ul>\n<\/li>\n<\/ol>\n<p>En algunos casos, esas funciones pueden recaer sobre una misma persona, que re\u00fane, por ejemplo, las condiciones indicadas en el tercer y cuarto apartados. Hacen parte del equipo, los t\u00e9cnicos necesarios para digitalizaci\u00f3n de mapas, trabajos topogr\u00e1ficos de campo, etc., que pueden tener como jefe una de las personas del equipo.<\/p>\n<p>Para la capacitaci\u00f3n t\u00e9cnica del equipo multidisciplinar, el Ayuntamiento de Barbacena seleccion\u00f3 t\u00e9cnicos para componer el equipo de manipulaci\u00f3n y actualizaci\u00f3n del sistema. Estos profesionales recibieron entrenamiento intensivo de Cartograf\u00eda B\u00e1sica y utilizaci\u00f3n de los programas AutocadMap (AutoDesk) y ArcView 8.2 (ESRI).","protected":false},"excerpt":{"rendered":"<p>[IMAGEM_CAROUSEL] La Cartograf\u00eda Digital y otras t\u00e9cnicas de recogida de datos hicieron con que el volumen de informaciones en una Administraci\u00f3n Municipal aumentase, sum\u00e1ndose al efecto del crecimiento en funci\u00f3n &#8230;<\/p>\n","protected":false},"author":1,"featured_media":0,"parent":2459,"menu_order":0,"comment_status":"closed","ping_status":"closed","template":"","meta":{"footnotes":""},"class_list":["post-2475","page","type-page","status-publish","hentry"],"_links":{"self":[{"href":"https:\/\/www.esteio.com.br\/es\/wp-json\/wp\/v2\/pages\/2475","targetHints":{"allow":["GET"]}}],"collection":[{"href":"https:\/\/www.esteio.com.br\/es\/wp-json\/wp\/v2\/pages"}],"about":[{"href":"https:\/\/www.esteio.com.br\/es\/wp-json\/wp\/v2\/types\/page"}],"author":[{"embeddable":true,"href":"https:\/\/www.esteio.com.br\/es\/wp-json\/wp\/v2\/users\/1"}],"replies":[{"embeddable":true,"href":"https:\/\/www.esteio.com.br\/es\/wp-json\/wp\/v2\/comments?post=2475"}],"version-history":[{"count":6,"href":"https:\/\/www.esteio.com.br\/es\/wp-json\/wp\/v2\/pages\/2475\/revisions"}],"predecessor-version":[{"id":6044,"href":"https:\/\/www.esteio.com.br\/es\/wp-json\/wp\/v2\/pages\/2475\/revisions\/6044"}],"up":[{"embeddable":true,"href":"https:\/\/www.esteio.com.br\/es\/wp-json\/wp\/v2\/pages\/2459"}],"wp:attachment":[{"href":"https:\/\/www.esteio.com.br\/es\/wp-json\/wp\/v2\/media?parent=2475"}],"curies":[{"name":"wp","href":"https:\/\/api.w.org\/{rel}","templated":true}]}}