{"id":2477,"date":"2017-05-22T16:39:33","date_gmt":"2017-05-22T16:39:33","guid":{"rendered":"http:\/\/esteio.com.br\/?page_id=2477"},"modified":"2022-05-27T13:08:42","modified_gmt":"2022-05-27T13:08:42","slug":"pocos-caldas","status":"publish","type":"page","link":"https:\/\/www.esteio.com.br\/es\/executados\/sig\/pocos-caldas\/","title":{"rendered":"Mapeamento para SIG para PM de Po\u00e7os de Caldas-MG"},"content":{"rendered":"[IMAGEM_CAROUSEL]\n<p>A ESTEIO executou em 2001, para a Prefeitura Municipal de Po\u00e7os de Caldas os servi\u00e7os de Aerolevantamento com finalidade de gera\u00e7\u00e3o de Ortofocartas Planialtim\u00e9tricas na escala 1:2000.<\/p>\n<p>Dentro do mesmo contrato estavam inclu\u00eddos os servi\u00e7os de desenvolvimento e implanta\u00e7\u00e3o de um SIG composto de informa\u00e7\u00f5es existentes na PM de Po\u00e7os de Caldas. Al\u00e9m disso, contemplou-se a atividade de Treinamento e Capacita\u00e7\u00e3o de funcion\u00e1rios da PM de Po\u00e7os de Caldas para opera\u00e7\u00e3o e manuten\u00e7\u00e3o do sistema entregue.<\/p>\n<p class=\"subtitulo\">Objetivos do SIG<\/p>\n<p>O Sistema de Informa\u00e7\u00f5es Geogr\u00e1ficas foi desenvolvido tendo em vista dispor de uma ferramenta que permitisse otimizar e racionalizar o planejamento, possibilitar a coer\u00eancia e continuidade \u00e0 gest\u00e3o administrativa local, e viabilizar novos investimentos em levantamentos de campo ou recadastramento de im\u00f3veis.<\/p>\n<p>Al\u00e9m disso, o SIG estabeleceria um sistema referencial cartogr\u00e1fico para toda a Prefeitura apoiado na identifica\u00e7\u00e3o, padroniza\u00e7\u00e3o e georreferenciamento dos elementos espaciais b\u00e1sicos, tais como logradouros, loteamentos, bairros, quadras e lotes.<\/p>\n<p>Finalmente com sua manuten\u00e7\u00e3o e opera\u00e7\u00e3o, os registros dos im\u00f3veis permaneceriam atualizados, permitindo controlar e otimizar a cobran\u00e7a de impostos p\u00fablicos e a gera\u00e7\u00e3o de inscri\u00e7\u00f5es municipais e servindo como ferramenta de apoio ao Sistema Cadastral do Munic\u00edpio.<\/p>\n<p class=\"subtitulo\">Rotinas Desenvolvidas<\/p>\n<p>As principais rotinas desenvolvidas enfocavam as seguintes atividades:<\/p>\n<ol class=\"breadcrumb\">\n<li class=\"active\">\n<ul>\n<li>Pesquisas por campo da base de dados do cadastro;<\/li>\n<li>Gera\u00e7\u00e3o de relat\u00f3rios;<\/li>\n<li>Gera\u00e7\u00e3o de mapas tem\u00e1ticos;<\/li>\n<li>Gera\u00e7\u00e3o de arquivos para utiliza\u00e7\u00e3o em outros sistemas;<\/li>\n<li>Rotinas para atualiza\u00e7\u00e3o das bases de dados.<\/li>\n<\/ul>\n<\/li>\n<\/ol>\n<p class=\"subtitulo\">Capacita\u00e7\u00e3o T\u00e9cnica<\/p>\n<p>A capacita\u00e7\u00e3o t\u00e9cnica referente ao SIG foi efetuada com dura\u00e7\u00e3o de 40h e contou com a participa\u00e7\u00e3o de t\u00e9cnicos selecionados pela pr\u00f3pria Prefeitura para compor uma equipe especializada na continuidade do processo de trabalho com a ferramenta SIG.<\/p>\n<p>No Treinamento foram abordados os seguinte t\u00f3picos: Defini\u00e7\u00f5es de SIG, Sistema ARCGIS e ArcView 8.1, Propriedades dos Layers, Ferramentas e Tabelas, Pesquisas Espaciais e Sele\u00e7\u00f5es, Edi\u00e7\u00e3o, Customiza\u00e7\u00e3o e Programa\u00e7\u00e3o.","protected":false},"excerpt":{"rendered":"<p>[IMAGEM_CAROUSEL] A ESTEIO executou em 2001, para a Prefeitura Municipal de Po\u00e7os de Caldas os servi\u00e7os de Aerolevantamento com finalidade de gera\u00e7\u00e3o de Ortofocartas Planialtim\u00e9tricas na escala 1:2000. Dentro do &#8230;<\/p>\n","protected":false},"author":1,"featured_media":0,"parent":2459,"menu_order":0,"comment_status":"closed","ping_status":"closed","template":"","meta":{"footnotes":""},"class_list":["post-2477","page","type-page","status-publish","hentry"],"_links":{"self":[{"href":"https:\/\/www.esteio.com.br\/es\/wp-json\/wp\/v2\/pages\/2477","targetHints":{"allow":["GET"]}}],"collection":[{"href":"https:\/\/www.esteio.com.br\/es\/wp-json\/wp\/v2\/pages"}],"about":[{"href":"https:\/\/www.esteio.com.br\/es\/wp-json\/wp\/v2\/types\/page"}],"author":[{"embeddable":true,"href":"https:\/\/www.esteio.com.br\/es\/wp-json\/wp\/v2\/users\/1"}],"replies":[{"embeddable":true,"href":"https:\/\/www.esteio.com.br\/es\/wp-json\/wp\/v2\/comments?post=2477"}],"version-history":[{"count":4,"href":"https:\/\/www.esteio.com.br\/es\/wp-json\/wp\/v2\/pages\/2477\/revisions"}],"predecessor-version":[{"id":6043,"href":"https:\/\/www.esteio.com.br\/es\/wp-json\/wp\/v2\/pages\/2477\/revisions\/6043"}],"up":[{"embeddable":true,"href":"https:\/\/www.esteio.com.br\/es\/wp-json\/wp\/v2\/pages\/2459"}],"wp:attachment":[{"href":"https:\/\/www.esteio.com.br\/es\/wp-json\/wp\/v2\/media?parent=2477"}],"curies":[{"name":"wp","href":"https:\/\/api.w.org\/{rel}","templated":true}]}}