{"id":2481,"date":"2017-05-22T16:41:44","date_gmt":"2017-05-22T16:41:44","guid":{"rendered":"http:\/\/esteio.com.br\/?page_id=2481"},"modified":"2025-06-13T11:52:15","modified_gmt":"2025-06-13T11:52:15","slug":"uberlandia","status":"publish","type":"page","link":"https:\/\/www.esteio.com.br\/es\/executados\/sig\/uberlandia\/","title":{"rendered":"Mapeamento para SIG para PM de Uberl\u00e2ndia-MG"},"content":{"rendered":"[IMAGEM_CAROUSEL]\n<p class=\"subtitulo\">SIG em Prefeituras<\/p>\n<p>Na perspectiva moderna de gest\u00e3o do territ\u00f3rio, toda a\u00e7\u00e3o de planejamento, ordena\u00e7\u00e3o ou monitoramento do espa\u00e7o urbano deve incluir a an\u00e1lise dos diferentes componentes do ambiente, como os meios f\u00edsico, bi\u00f3tico e s\u00f3cio-economico, a ocupa\u00e7\u00e3o humana, e seu inter-relacionamento.<\/p>\n<p>A administra\u00e7\u00e3o apropriada e eficiente da informa\u00e7\u00e3o melhora significativamente a qualidade do planejamento, que envolve tomada de decis\u00e3o, dentro de v\u00e1rias alternativas. Geralmente, a informa\u00e7\u00e3o encontra-se dispersa em diversos \u00f3rg\u00e3os e arquivos, estando em diferentes formatos e muitas vezes duplicada.<\/p>\n<p>A combina\u00e7\u00e3o desses dados multi-fonte permitir\u00e1 uma redu\u00e7\u00e3o na ambiguidade das interpreta\u00e7\u00f5es que normalmente s\u00e3o obtidas atrav\u00e9s da an\u00e1lise individual dos dados (Pendock e Nedeljkovic,1996). Para isso \u00e9 necess\u00e1rio a ado\u00e7\u00e3o de &#8220;um sistema de suporte \u00e0 decis\u00e3o envolvendo a integra\u00e7\u00e3o de dados referenciados espacialmente num ambiente de resolu\u00e7\u00e3o de problemas&#8221; (Cowen,1988).<\/p>\n<p>A atual gera\u00e7\u00e3o de Sistemas de Informa\u00e7\u00f5es Geogr\u00e1ficas (SIG) configura uma tecnologia estabelecida para armazenar, organizar, recuperar e modificar informa\u00e7\u00f5es sobre a distribui\u00e7\u00e3o espacial de recursos naturais, dados geo-demogr\u00e1ficos, redes de utilidade p\u00fablica e muitos outros tipos de dados localiz\u00e1veis na superf\u00edcie.<\/p>\n<p>Num grande universo de aplica\u00e7\u00f5es poss\u00edveis, novas demandas e novos usu\u00e1rios come\u00e7am a surgir. As prefeituras come\u00e7am a investir na implanta\u00e7\u00e3o do SIG, n\u00e3o s\u00f3 como suporte ao planejamento e controle urbano e fiscal, mas tamb\u00e9m como uma ferramenta para disponibilizar os seus dados geogr\u00e1ficos, de car\u00e1ter n\u00e3o confidencial, \u00e0 popula\u00e7\u00e3o.<\/p>\n<p class=\"subtitulo\">Mapeamento para SIG<\/p>\n<p>Adotar estrat\u00e9gias para aproveitar a informa\u00e7\u00e3o existente e, a partir dela, gerar novos dados empregando o SIG nem sempre pode reverter em ganhos para a administra\u00e7\u00e3o municipal. Diferentes fontes, \u00e9pocas, formatos e t\u00e9cnicas de aquisi\u00e7\u00e3o de dados espaciais, podem levar \u00e0 cria\u00e7\u00e3o de uma base de dados geogr\u00e1ficos deficit\u00e1ria.<\/p>\n<p>A elabora\u00e7\u00e3o de uma base cartogr\u00e1fica digital atualizada \u00e9 pe\u00e7a fundamental para a administra\u00e7\u00e3o municipal, pois dela derivam mapas tem\u00e1ticos e outras informa\u00e7\u00f5es que poder\u00e3o servir de suporte ao administrador, al\u00e9m de propiciar a racionaliza\u00e7\u00e3o no uso do contingente humano e de equipamentos. Mas n\u00e3o basta se ter uma boa base cartogr\u00e1fica, \u00e9 necess\u00e1rio que esta esteja relacionada com um banco de dados cadastral, composto por informa\u00e7\u00f5es espec\u00edficas para cada aplica\u00e7\u00e3o em SIG desejada como, por exemplo, pelo cadastro t\u00e9cnico, dados de IPTU, etc.<\/p>\n<p>A qualidade das an\u00e1lises e dos produtos gerados pelo SIG estar\u00e1 diretamente relacionada \u00e0 confiabilidade da base cartogr\u00e1fica e das informa\u00e7\u00f5es cadastrais.<\/p>\n<p class=\"subtitulo\">Prefeitura Municipal de Uberl\u00e2ndia-MG<\/p>\n<p>No per\u00edmetro urbano e nos Distritos de Cruzeiro dos Peixotos, Martin\u00e9sia, Miraporanga e Tapuirama, de Uberl\u00e2ndia, a ESTEIO executou os servi\u00e7os de aerolevantamentos com a finalidade de concep\u00e7\u00e3o de um SIG para a Prefeitura Municipal em ambiente de intranet. O servi\u00e7o contemplou as etapas de cobertura aerofotogram\u00e9trica na escala 1:8.000, apoio terrestre, restitui\u00e7\u00e3o digital planim\u00e9trica na escala 1:2.000, perfilamento a Laser, reambula\u00e7\u00e3o e ortofotos digitais na escala 1:2.000. O produto cartogr\u00e1fico serviu como base espacial para as funcionalidades do SIG espec\u00edfico da PM de Uberl\u00e2ndia.<\/p>\n<p>A altimetria, representada por curvas de n\u00edvel e pontos cotados, foi gerada automaticamente a partir da malha de pontos levantados no perfilamento a LASER. Com a aplica\u00e7\u00e3o desta t\u00e9cnica, os resultados altim\u00e9tricos, al\u00e9m de mais completos, s\u00e3o obtidos de forma mais r\u00e1pida e precisa em rela\u00e7\u00e3o ao m\u00e9todo aerofotogram\u00e9trico convencional de obten\u00e7\u00e3o de dados espaciais. Al\u00e9m dos dados para gera\u00e7\u00e3o do modelo digital do terreno (MDT), em todo perfilamento a LASER est\u00e3o tamb\u00e9m dispon\u00edveis os dados para gera\u00e7\u00e3o do modelo digital da superf\u00edcie (MDS).<\/p>\n<p class=\"subtitulo\">Rotinas Desenvolvidas<\/p>\n<p>O car\u00e1ter multifinalit\u00e1rio de um SIG tem por concep\u00e7\u00e3o a gera\u00e7\u00e3o de funcionalidades para apoiar os trabalhos de tomada de decis\u00e3o, relacionados aos aspectos como:<\/p>\n<ol class=\"breadcrumb\">\n<li class=\"active\">\n<ul>\n<li>Planejamento de tr\u00e2nsito e transporte;<\/li>\n<li>Planejamento agr\u00edcola;<\/li>\n<li>Cadastros imobili\u00e1rios urbano e rural;<\/li>\n<li>Manejo do meio ambiente e dos recursos naturais;<\/li>\n<li>Ordenamento territorial e planejamento do espa\u00e7o (uso da terra, seja urbana ou rural);<\/li>\n<li>Planejamento de servi\u00e7os (educa\u00e7\u00e3o, pol\u00edcia, sa\u00fade e servi\u00e7os sociais);<\/li>\n<li>Localiza\u00e7\u00e3o de Centros Importantes(Comercio, Bancos);<\/li>\n<li>Pesquisas e pol\u00edticas de sa\u00fade p\u00fablica e ambiental;<\/li>\n<li>Focaliza\u00e7\u00e3o de &#8220;grupos de risco&#8221; e suas problem\u00e1ticas;<\/li>\n<li>Atuar como suporte para o Registro de Propriedade e para a gest\u00e3o do munic\u00edpio para a realiza\u00e7\u00e3o de desapropria\u00e7\u00f5es;<\/li>\n<li>Aplica\u00e7\u00f5es do tipo Automated Mapping\/Facilities Managenment (AM\/FM), em geral estas correspondem a sistemas de informa\u00e7\u00f5es para dar apoio a empresas de \u00e1reas de servi\u00e7os como: Telefonia, \u00c1gua, Eletricidade, G\u00e1s entre outras concession\u00e1rias de servi\u00e7os p\u00fablicos.<\/li>\n<\/ul>\n<\/li>\n<\/ol>\n<p>No caso espec\u00edfico da PM de Uberl\u00e2ndia, as principais rotinas desenvolvidas enfocavam as seguintes atividades:<\/p>\n<ol class=\"breadcrumb\">\n<li class=\"active\">\n<ul>\n<li>C\u00e1lculo e identifica\u00e7\u00e3o da quantidade de unidades imobili\u00e1rias no lote;<\/li>\n<li>C\u00e1lculo da menor dist\u00e2ncia entre as entidades (Lote-Edifica\u00e7\u00e3o, Lote-Meio Fio e Quadra-Meio Fio) podendo verificar se h\u00e1 problemas de alinhamento predial que avan\u00e7a sobre o limite definido pela Prefeitura;<\/li>\n<li>Atualiza\u00e7\u00e3o de dados &#8211; Atualizar Lotes, Atualizar Quadras, Importar novos lotes, Importar novas quadras, Importar novas quadras meio-fio, Atualiza\u00e7\u00e3o do Banco de Dados;<\/li>\n<li>Pesquisas por campo da base de dados do cadastro;<\/li>\n<li>Verifica\u00e7\u00e3o da consist\u00eancia do Banco de Dados com a Base Cartogr\u00e1fica e vice-versa;<\/li>\n<li>Transforma\u00e7\u00e3o de Coordenadas;<\/li>\n<li>Visualiza\u00e7\u00e3o de Documentos ligados a Temas;<\/li>\n<li>C\u00e1lculo da \u00e1rea edificada dos lotes;<\/li>\n<li>Gera\u00e7\u00e3o de Croquis de Quadras;<\/li>\n<li>Gera\u00e7\u00e3o de mapas tem\u00e1ticos;<\/li>\n<li>Gera\u00e7\u00e3o de arquivos para utiliza\u00e7\u00e3o em outros sistemas.<\/li>\n<\/ul>\n<\/li>\n<\/ol>\n<p class=\"subtitulo\">Capacita\u00e7\u00e3o T\u00e9cnica<\/p>\n<p>A capacita\u00e7\u00e3o t\u00e9cnica teve a dura\u00e7\u00e3o de 140 h e contou com a participa\u00e7\u00e3o de t\u00e9cnicos selecionados pela pr\u00f3pria Prefeitura para comporem uma equipe especializada, visando \u00e0 continuidade do processo de trabalho com a ferramenta SIG. No Treinamento foram abordados tr\u00eas m\u00f3dulos: CARTOGRAFIA, abrangendo os t\u00f3picos Conceitos B\u00e1sicos, Etapas da Produ\u00e7\u00e3o Cartogr\u00e1fica, GPS e Cadastro T\u00e9cnico; AUTOCAD MAP, abrangendo os t\u00f3picos Conceitos B\u00e1sicos, Prepara\u00e7\u00e3o para SIG e Opera\u00e7\u00e3o do Sistema; SIG, abrangendo os t\u00f3picos Conceitos SIG\/WEB \/ MAP GUIDE, SIG-Uberl\u00e2ndia, Tratamento dos Dados \/ Banco de Dados e Scripts \/ Programa\u00e7\u00e3o.","protected":false},"excerpt":{"rendered":"<p>[IMAGEM_CAROUSEL] SIG em Prefeituras Na perspectiva moderna de gest\u00e3o do territ\u00f3rio, toda a\u00e7\u00e3o de planejamento, ordena\u00e7\u00e3o ou monitoramento do espa\u00e7o urbano deve incluir a an\u00e1lise dos diferentes componentes do ambiente, &#8230;<\/p>\n","protected":false},"author":1,"featured_media":0,"parent":2459,"menu_order":0,"comment_status":"closed","ping_status":"closed","template":"","meta":{"footnotes":""},"class_list":["post-2481","page","type-page","status-publish","hentry"],"_links":{"self":[{"href":"https:\/\/www.esteio.com.br\/es\/wp-json\/wp\/v2\/pages\/2481","targetHints":{"allow":["GET"]}}],"collection":[{"href":"https:\/\/www.esteio.com.br\/es\/wp-json\/wp\/v2\/pages"}],"about":[{"href":"https:\/\/www.esteio.com.br\/es\/wp-json\/wp\/v2\/types\/page"}],"author":[{"embeddable":true,"href":"https:\/\/www.esteio.com.br\/es\/wp-json\/wp\/v2\/users\/1"}],"replies":[{"embeddable":true,"href":"https:\/\/www.esteio.com.br\/es\/wp-json\/wp\/v2\/comments?post=2481"}],"version-history":[{"count":5,"href":"https:\/\/www.esteio.com.br\/es\/wp-json\/wp\/v2\/pages\/2481\/revisions"}],"predecessor-version":[{"id":7165,"href":"https:\/\/www.esteio.com.br\/es\/wp-json\/wp\/v2\/pages\/2481\/revisions\/7165"}],"up":[{"embeddable":true,"href":"https:\/\/www.esteio.com.br\/es\/wp-json\/wp\/v2\/pages\/2459"}],"wp:attachment":[{"href":"https:\/\/www.esteio.com.br\/es\/wp-json\/wp\/v2\/media?parent=2481"}],"curies":[{"name":"wp","href":"https:\/\/api.w.org\/{rel}","templated":true}]}}