{"id":2659,"date":"2017-07-03T18:58:31","date_gmt":"2017-07-03T18:58:31","guid":{"rendered":"http:\/\/esteio.com.br\/?page_id=2659"},"modified":"2022-12-13T18:34:05","modified_gmt":"2022-12-13T18:34:05","slug":"aerotriangulacao","status":"publish","type":"page","link":"https:\/\/www.esteio.com.br\/es\/oferecidos\/aerotriangulacao\/","title":{"rendered":"Aerotriangulaci\u00f3n"},"content":{"rendered":"<p class=\"subtitulo\">Aerotriangulaci\u00f3n<\/p>\n<p><img loading=\"lazy\" decoding=\"async\" class=\"alignleft size-medium wp-image-5134\" src=\"https:\/\/www.esteio.com.br\/wp-content\/uploads\/2017\/07\/Aerotriangulacao-300x200.png\" alt=\"\" width=\"300\" height=\"200\" srcset=\"https:\/\/www.esteio.com.br\/wp-content\/uploads\/2017\/07\/Aerotriangulacao-300x200.png 300w, https:\/\/www.esteio.com.br\/wp-content\/uploads\/2017\/07\/Aerotriangulacao-272x182.png 272w, https:\/\/www.esteio.com.br\/wp-content\/uploads\/2017\/07\/Aerotriangulacao.png 431w\" sizes=\"auto, (max-width: 300px) 100vw, 300px\" \/><\/p>\n<p>&nbsp;<\/p>\n<p>&nbsp;<\/p>\n<p style=\"text-align: justify;\">Aerotriangulaci\u00f3n es el proceso de densificaci\u00f3n de Puntos de Control utilizados para correlaci\u00f3n entre las im\u00e1genes a\u00e9reas y el Sistema de Coordenadas del mapeo, partiendo de pocos puntos de coordenadas conocidas en los dos sistemas (foto y terreno). El objetivo de la aerotriangulaci\u00f3n es orientar las im\u00e1genes captadas de modo que cualquier punto investigado en \u00e9stas posea una coordenada relacionada a un sistema previamente definido. Es una etapa imprescindible para la realizaci\u00f3n de las actividades de restituci\u00f3n fotogram\u00e9trica y ortorrectificaci\u00f3n.<\/p>\n<p>&nbsp;<\/p>\n<p>&nbsp;<\/p>\n<p class=\"subtitulo\">Apoyo Terrestre<\/p>\n<p style=\"text-align: justify;\">El apoyo terrestre tiene por objetivo obtener coordenadas en la superficie del terreno usando modernas tecnolog\u00edas de medici\u00f3n, para obtener las coordenadas planim\u00e9tricas y altim\u00e9tricas. Estas coordenadas se obtienen con equipos de \u00faltima generaci\u00f3n, que reciben las se\u00f1ales de los sat\u00e9lites de las constelaciones GPS, Glonass y Galileo, formando el GNSS (Sistema Global de Navegaci\u00f3n por Sat\u00e9lite), o con el uso de estaciones total y niveles electr\u00f3nicos de alta precisi\u00f3n.","protected":false},"excerpt":{"rendered":"<p>Aerotriangulaci\u00f3n &nbsp; &nbsp; Aerotriangulaci\u00f3n es el proceso de densificaci\u00f3n de Puntos de Control utilizados para correlaci\u00f3n entre las im\u00e1genes a\u00e9reas y el Sistema de Coordenadas del mapeo, partiendo de pocos &#8230;<\/p>\n","protected":false},"author":1,"featured_media":5134,"parent":1367,"menu_order":0,"comment_status":"closed","ping_status":"closed","template":"","meta":{"footnotes":""},"class_list":["post-2659","page","type-page","status-publish","has-post-thumbnail","hentry"],"_links":{"self":[{"href":"https:\/\/www.esteio.com.br\/es\/wp-json\/wp\/v2\/pages\/2659","targetHints":{"allow":["GET"]}}],"collection":[{"href":"https:\/\/www.esteio.com.br\/es\/wp-json\/wp\/v2\/pages"}],"about":[{"href":"https:\/\/www.esteio.com.br\/es\/wp-json\/wp\/v2\/types\/page"}],"author":[{"embeddable":true,"href":"https:\/\/www.esteio.com.br\/es\/wp-json\/wp\/v2\/users\/1"}],"replies":[{"embeddable":true,"href":"https:\/\/www.esteio.com.br\/es\/wp-json\/wp\/v2\/comments?post=2659"}],"version-history":[{"count":15,"href":"https:\/\/www.esteio.com.br\/es\/wp-json\/wp\/v2\/pages\/2659\/revisions"}],"predecessor-version":[{"id":6009,"href":"https:\/\/www.esteio.com.br\/es\/wp-json\/wp\/v2\/pages\/2659\/revisions\/6009"}],"up":[{"embeddable":true,"href":"https:\/\/www.esteio.com.br\/es\/wp-json\/wp\/v2\/pages\/1367"}],"wp:featuredmedia":[{"embeddable":true,"href":"https:\/\/www.esteio.com.br\/es\/wp-json\/wp\/v2\/media\/5134"}],"wp:attachment":[{"href":"https:\/\/www.esteio.com.br\/es\/wp-json\/wp\/v2\/media?parent=2659"}],"curies":[{"name":"wp","href":"https:\/\/api.w.org\/{rel}","templated":true}]}}