{"id":2665,"date":"2017-07-03T19:10:11","date_gmt":"2017-07-03T19:10:11","guid":{"rendered":"http:\/\/esteio.com.br\/?page_id=2665"},"modified":"2026-01-28T16:27:04","modified_gmt":"2026-01-28T16:27:04","slug":"batimetria","status":"publish","type":"page","link":"https:\/\/www.esteio.com.br\/es\/oferecidos\/batimetria\/","title":{"rendered":"Batimetr\u00eda"},"content":{"rendered":"<a href=\"https:\/\/www.esteio.com.br\/oferecidos\/batimetria\/batimetria-3\/\" rel=\"attachment wp-att-6535\"><img loading=\"lazy\" decoding=\"async\" src=\"https:\/\/www.esteio.com.br\/wp-content\/uploads\/2017\/07\/Batimetria-1.jpg\" alt=\"\" width=\"300\" height=\"178\" class=\"alignleft size-full wp-image-6535\" \/><\/a><\/p>\n<p>ESTEIO posee una tecnolog\u00eda apropiada para la realizaci\u00f3n de los levantamientos batim\u00e9tricos, que consisten en la determinaci\u00f3n de la profundidad de cuerpos de agua (r\u00edos, lagunas, bah\u00edas, etc.), y su posterior representaci\u00f3n cartogr\u00e1fica a trav\u00e9s de curvas batim\u00e9tricas, parecidas a las curvas de nivel topogr\u00e1fico.","protected":false},"excerpt":{"rendered":"<p>ESTEIO posee una tecnolog\u00eda apropiada para la realizaci\u00f3n de los levantamientos batim\u00e9tricos, que consisten en la determinaci\u00f3n de la profundidad de cuerpos de agua (r\u00edos, lagunas, bah\u00edas, etc.), y su &#8230;<\/p>\n","protected":false},"author":1,"featured_media":6535,"parent":1367,"menu_order":0,"comment_status":"closed","ping_status":"closed","template":"","meta":{"footnotes":""},"class_list":["post-2665","page","type-page","status-publish","has-post-thumbnail","hentry"],"_links":{"self":[{"href":"https:\/\/www.esteio.com.br\/es\/wp-json\/wp\/v2\/pages\/2665","targetHints":{"allow":["GET"]}}],"collection":[{"href":"https:\/\/www.esteio.com.br\/es\/wp-json\/wp\/v2\/pages"}],"about":[{"href":"https:\/\/www.esteio.com.br\/es\/wp-json\/wp\/v2\/types\/page"}],"author":[{"embeddable":true,"href":"https:\/\/www.esteio.com.br\/es\/wp-json\/wp\/v2\/users\/1"}],"replies":[{"embeddable":true,"href":"https:\/\/www.esteio.com.br\/es\/wp-json\/wp\/v2\/comments?post=2665"}],"version-history":[{"count":12,"href":"https:\/\/www.esteio.com.br\/es\/wp-json\/wp\/v2\/pages\/2665\/revisions"}],"predecessor-version":[{"id":7335,"href":"https:\/\/www.esteio.com.br\/es\/wp-json\/wp\/v2\/pages\/2665\/revisions\/7335"}],"up":[{"embeddable":true,"href":"https:\/\/www.esteio.com.br\/es\/wp-json\/wp\/v2\/pages\/1367"}],"wp:featuredmedia":[{"embeddable":true,"href":"https:\/\/www.esteio.com.br\/es\/wp-json\/wp\/v2\/media\/6535"}],"wp:attachment":[{"href":"https:\/\/www.esteio.com.br\/es\/wp-json\/wp\/v2\/media?parent=2665"}],"curies":[{"name":"wp","href":"https:\/\/api.w.org\/{rel}","templated":true}]}}