{"id":2671,"date":"2017-07-03T19:19:26","date_gmt":"2017-07-03T19:19:26","guid":{"rendered":"http:\/\/esteio.com.br\/?page_id=2671"},"modified":"2022-05-26T19:01:55","modified_gmt":"2022-05-26T19:01:55","slug":"cadastros","status":"publish","type":"page","link":"https:\/\/www.esteio.com.br\/es\/oferecidos\/cadastros\/","title":{"rendered":"Cadastros"},"content":{"rendered":"[IMAGEM_CAROUSEL]\n<p>Seg\u00fan la FIG &#8211; Federaci\u00f3n Internacional de Ge\u00f3metras &#8211; el catastro es definido como &#8220;Inventario p\u00fablico de datos met\u00f3dicamente organizados concernientes a parcelas territoriales, dentro de un pa\u00eds o demarcaci\u00f3n, basado en el levantamiento de sus l\u00edmites&#8221;.<\/p>\n<p>Las principales finalidades del catastro son: garantizar la propiedad, servir como base para la planificaci\u00f3n gubernamental, suministrar par\u00e1metros para un justa tributaci\u00f3n \/ expropiaci\u00f3n \/ servidumbre y resguardar la funci\u00f3n social de la tierra.<\/p>\n<p>ESTEIO est\u00e1 capacitada para ofrecer servicios de:<\/p>\n<ol class=\"breadcrumb\" style=\"width: 790px;\">\n<li class=\"active\">\n<ul>\n<li>Catastro rural para fines de expropiaci\u00f3n y asentamientos;<\/li>\n<li>Catastro urbano con objetivos tributarios, expropiaci\u00f3n o multifinalitarios;<\/li>\n<li>Catastros especiales para cualquier finalidad (equipos urbanos, interferencias, postes, \u00e1rboles, carteles, etc.);<\/li>\n<li>Preparaci\u00f3n de archivos gr\u00e1ficos y alfanum\u00e9ricos de elementos recogidos para utilizaci\u00f3n en Sistemas de Informaciones Geogr\u00e1ficas;<\/li>\n<li>Levantamiento fotogr\u00e1fico panor\u00e1mico digital de mejoras y otros elementos;<\/li>\n<li>Plantas de cuadra y referencia catastral para Catastro Urbano;<\/li>\n<li>Dibujo de base de datos, tratamiento y an\u00e1lisis de datos de registros con creaci\u00f3n de bancos de datos en los formatos m\u00e1s usuales;<\/li>\n<li>Concepci\u00f3n de Bolet\u00edn de Informaci\u00f3n Catastral Urbano, Rural y Especial en medio anal\u00f3gico (papel) o para uso directo en colectores de datos (programado).<\/li>\n<\/ul>\n<\/li>\n<\/ol>","protected":false},"excerpt":{"rendered":"<p>[IMAGEM_CAROUSEL] Seg\u00fan la FIG &#8211; Federaci\u00f3n Internacional de Ge\u00f3metras &#8211; el catastro es definido como &#8220;Inventario p\u00fablico de datos met\u00f3dicamente organizados concernientes a parcelas territoriales, dentro de un pa\u00eds o &#8230;<\/p>\n","protected":false},"author":1,"featured_media":5143,"parent":1367,"menu_order":0,"comment_status":"closed","ping_status":"closed","template":"","meta":{"footnotes":""},"class_list":["post-2671","page","type-page","status-publish","has-post-thumbnail","hentry"],"_links":{"self":[{"href":"https:\/\/www.esteio.com.br\/es\/wp-json\/wp\/v2\/pages\/2671","targetHints":{"allow":["GET"]}}],"collection":[{"href":"https:\/\/www.esteio.com.br\/es\/wp-json\/wp\/v2\/pages"}],"about":[{"href":"https:\/\/www.esteio.com.br\/es\/wp-json\/wp\/v2\/types\/page"}],"author":[{"embeddable":true,"href":"https:\/\/www.esteio.com.br\/es\/wp-json\/wp\/v2\/users\/1"}],"replies":[{"embeddable":true,"href":"https:\/\/www.esteio.com.br\/es\/wp-json\/wp\/v2\/comments?post=2671"}],"version-history":[{"count":12,"href":"https:\/\/www.esteio.com.br\/es\/wp-json\/wp\/v2\/pages\/2671\/revisions"}],"predecessor-version":[{"id":6012,"href":"https:\/\/www.esteio.com.br\/es\/wp-json\/wp\/v2\/pages\/2671\/revisions\/6012"}],"up":[{"embeddable":true,"href":"https:\/\/www.esteio.com.br\/es\/wp-json\/wp\/v2\/pages\/1367"}],"wp:featuredmedia":[{"embeddable":true,"href":"https:\/\/www.esteio.com.br\/es\/wp-json\/wp\/v2\/media\/5143"}],"wp:attachment":[{"href":"https:\/\/www.esteio.com.br\/es\/wp-json\/wp\/v2\/media?parent=2671"}],"curies":[{"name":"wp","href":"https:\/\/api.w.org\/{rel}","templated":true}]}}