{"id":2674,"date":"2017-07-03T19:27:48","date_gmt":"2017-07-03T19:27:48","guid":{"rendered":"http:\/\/esteio.com.br\/?page_id=2674"},"modified":"2022-05-26T19:02:29","modified_gmt":"2022-05-26T19:02:29","slug":"captacao-fotogrametrica","status":"publish","type":"page","link":"https:\/\/www.esteio.com.br\/es\/oferecidos\/captacao-fotogrametrica\/","title":{"rendered":"Captaci\u00f3n Fotogram\u00e9trica"},"content":{"rendered":"[IMAGEM_CAROUSEL]\n<p>La Captaci\u00f3n Fotogram\u00e9trica es la operaci\u00f3n de captura y representaci\u00f3n de elementos planim\u00e9tricos o altim\u00e9tricos de una determinada regi\u00f3n por medio de instrumentos y t\u00e9cnicas espec\u00edficas.<\/p>\n<p>En las fotograf\u00edas a\u00e9reas la escala disminuye del centro para los bordes y se altera en funci\u00f3n de la altitud del terreno; sin embargo, el producto cartogr\u00e1fico, resultado de la captaci\u00f3n fotogram\u00e9trica, obedece a una \u00fanica escala a lo largo de toda la hoja.<\/p>\n<p>La captaci\u00f3n Fotogram\u00e9trica se realiza a partir de modelos estereosc\u00f3picos, o sea, por la sobreposici\u00f3n de fotograf\u00edas a\u00e9reas consecutivas por medio de la Estereoscopia.","protected":false},"excerpt":{"rendered":"<p>[IMAGEM_CAROUSEL] La Captaci\u00f3n Fotogram\u00e9trica es la operaci\u00f3n de captura y representaci\u00f3n de elementos planim\u00e9tricos o altim\u00e9tricos de una determinada regi\u00f3n por medio de instrumentos y t\u00e9cnicas espec\u00edficas. En las fotograf\u00edas &#8230;<\/p>\n","protected":false},"author":1,"featured_media":5159,"parent":1367,"menu_order":0,"comment_status":"closed","ping_status":"closed","template":"","meta":{"footnotes":""},"class_list":["post-2674","page","type-page","status-publish","has-post-thumbnail","hentry"],"_links":{"self":[{"href":"https:\/\/www.esteio.com.br\/es\/wp-json\/wp\/v2\/pages\/2674","targetHints":{"allow":["GET"]}}],"collection":[{"href":"https:\/\/www.esteio.com.br\/es\/wp-json\/wp\/v2\/pages"}],"about":[{"href":"https:\/\/www.esteio.com.br\/es\/wp-json\/wp\/v2\/types\/page"}],"author":[{"embeddable":true,"href":"https:\/\/www.esteio.com.br\/es\/wp-json\/wp\/v2\/users\/1"}],"replies":[{"embeddable":true,"href":"https:\/\/www.esteio.com.br\/es\/wp-json\/wp\/v2\/comments?post=2674"}],"version-history":[{"count":10,"href":"https:\/\/www.esteio.com.br\/es\/wp-json\/wp\/v2\/pages\/2674\/revisions"}],"predecessor-version":[{"id":6013,"href":"https:\/\/www.esteio.com.br\/es\/wp-json\/wp\/v2\/pages\/2674\/revisions\/6013"}],"up":[{"embeddable":true,"href":"https:\/\/www.esteio.com.br\/es\/wp-json\/wp\/v2\/pages\/1367"}],"wp:featuredmedia":[{"embeddable":true,"href":"https:\/\/www.esteio.com.br\/es\/wp-json\/wp\/v2\/media\/5159"}],"wp:attachment":[{"href":"https:\/\/www.esteio.com.br\/es\/wp-json\/wp\/v2\/media?parent=2674"}],"curies":[{"name":"wp","href":"https:\/\/api.w.org\/{rel}","templated":true}]}}