{"id":2676,"date":"2017-07-03T19:32:33","date_gmt":"2017-07-03T19:32:33","guid":{"rendered":"http:\/\/esteio.com.br\/?page_id=2676"},"modified":"2022-05-26T19:03:03","modified_gmt":"2022-05-26T19:03:03","slug":"cobertura-aero","status":"publish","type":"page","link":"https:\/\/www.esteio.com.br\/es\/oferecidos\/cobertura-aero\/","title":{"rendered":"Cobertura Aerofotogram\u00e9trica"},"content":{"rendered":"[IMAGEM_CAROUSEL]\nLa Fotogrametr\u00eda es la ciencia o tecnolog\u00eda utilizada para obtener informaciones seguras sobre objetos f\u00edsicos y del medio ambiente, a trav\u00e9s de procesos de registro, medici\u00f3n e interpretaci\u00f3n de im\u00e1genes fotogr\u00e1ficas.<\/p>\n<p>La Aerofotogrametr\u00eda se refiere a las operaciones fotogram\u00e9tricas realizadas con fotograf\u00edas de la superficie terrestre obtenidas por una c\u00e1mara de precisi\u00f3n con el eje \u00f3ptico del sistema de lentes m\u00e1s cerca de la vertical, armada en una aeronave preparada. Se utiliza en la Cartograf\u00ed, Planificaci\u00f3n y Desarrollo Urbano, Ingenier\u00edas Civil, Agron\u00f3mica y Forestal.<\/p>\n<p>ESTEIO realiza vuelos para obtenci\u00f3n de fotograf\u00edas a\u00e9reas en escalas peque\u00f1as, medianas o grandes con aeronaves y c\u00e1maras propias.<\/p>\n<ol class=\"breadcrumb\" style=\"width: 790px;\">\n<li class=\"active\">\n<ul>\n<li>Aeronaves Seneca II, Seneca III y Navajo especialmente equipadas y homologadas; C\u00e1maras A\u00e9reas ZEISS RMK A y RMK TOP con distancia focal: 88, 153 300 mm con conexi\u00f3n al GPS para realizaci\u00f3n de vuelo apoyado;<\/li>\n<li>Navegaci\u00f3n con GPS en la aeronave;<\/li>\n<li>Plataforma giroestabilizada para correcci\u00f3n de movimientos de la aeronave durante el vuelo;<\/li>\n<li>Magazine de pel\u00edculas con FMC (Forward Motion Control) para evitar que la imagen sea arrastrada en vuelos de baja altitud.<\/li>\n<\/ul>\n<\/li>\n<\/ol>","protected":false},"excerpt":{"rendered":"<p>[IMAGEM_CAROUSEL] La Fotogrametr\u00eda es la ciencia o tecnolog\u00eda utilizada para obtener informaciones seguras sobre objetos f\u00edsicos y del medio ambiente, a trav\u00e9s de procesos de registro, medici\u00f3n e interpretaci\u00f3n de &#8230;<\/p>\n","protected":false},"author":1,"featured_media":0,"parent":1367,"menu_order":0,"comment_status":"closed","ping_status":"closed","template":"","meta":{"footnotes":""},"class_list":["post-2676","page","type-page","status-publish","hentry"],"_links":{"self":[{"href":"https:\/\/www.esteio.com.br\/es\/wp-json\/wp\/v2\/pages\/2676","targetHints":{"allow":["GET"]}}],"collection":[{"href":"https:\/\/www.esteio.com.br\/es\/wp-json\/wp\/v2\/pages"}],"about":[{"href":"https:\/\/www.esteio.com.br\/es\/wp-json\/wp\/v2\/types\/page"}],"author":[{"embeddable":true,"href":"https:\/\/www.esteio.com.br\/es\/wp-json\/wp\/v2\/users\/1"}],"replies":[{"embeddable":true,"href":"https:\/\/www.esteio.com.br\/es\/wp-json\/wp\/v2\/comments?post=2676"}],"version-history":[{"count":11,"href":"https:\/\/www.esteio.com.br\/es\/wp-json\/wp\/v2\/pages\/2676\/revisions"}],"predecessor-version":[{"id":6014,"href":"https:\/\/www.esteio.com.br\/es\/wp-json\/wp\/v2\/pages\/2676\/revisions\/6014"}],"up":[{"embeddable":true,"href":"https:\/\/www.esteio.com.br\/es\/wp-json\/wp\/v2\/pages\/1367"}],"wp:attachment":[{"href":"https:\/\/www.esteio.com.br\/es\/wp-json\/wp\/v2\/media?parent=2676"}],"curies":[{"name":"wp","href":"https:\/\/api.w.org\/{rel}","templated":true}]}}