{"id":2684,"date":"2017-07-04T14:13:50","date_gmt":"2017-07-04T14:13:50","guid":{"rendered":"http:\/\/esteio.com.br\/?page_id=2684"},"modified":"2022-05-26T19:03:31","modified_gmt":"2022-05-26T19:03:31","slug":"cobertura-aero-digital","status":"publish","type":"page","link":"https:\/\/www.esteio.com.br\/es\/oferecidos\/cobertura-aero-digital\/","title":{"rendered":"Cobertura Aerofotogram\u00e9trica Digital"},"content":{"rendered":"[IMAGEM_CAROUSEL]\n<p>El constante desarrollo de sistemas aerotransportados para captaci\u00f3n de im\u00e1genes finalmente trajo al mercado los modernos sensores para captaci\u00f3n de im\u00e1genes digitales. Entre \u00e9stos destacamos el sensor ADS40.<\/p>\n<p>El ADS40 (Airborne Digital Sensor) es un Sensor Digital Lineal de alta resoluci\u00f3n geom\u00e9trica y radiom\u00e9trica desarrollado por LEICA Geosystems. El ADS40 opera con un CCD (Charged Coupled Device) lineal, posee tama\u00f1o de pixel en la imagen de 6,5 \u00b5m y una lente telec\u00e9ntrica de distancia focal igual a 62,77 mm, resultando en una apertura de visualizaci\u00f3n en el suelo FOV (Field of View) igual a 64\u00b0.<\/p>\n<p>Al tratarse de un sensor lineal, la imagen es capturada a medida que la aeronave barre el terreno, produciendo una franja de imagen con perspectiva constante. Adquirido por ESTEIO en 2006, este sensor viene mostrando diversas ventajas en el proceso de producci\u00f3n cartogr\u00e1fica.","protected":false},"excerpt":{"rendered":"<p>[IMAGEM_CAROUSEL] El constante desarrollo de sistemas aerotransportados para captaci\u00f3n de im\u00e1genes finalmente trajo al mercado los modernos sensores para captaci\u00f3n de im\u00e1genes digitales. Entre \u00e9stos destacamos el sensor ADS40. El &#8230;<\/p>\n","protected":false},"author":1,"featured_media":5163,"parent":1367,"menu_order":0,"comment_status":"closed","ping_status":"closed","template":"","meta":{"footnotes":""},"class_list":["post-2684","page","type-page","status-publish","has-post-thumbnail","hentry"],"_links":{"self":[{"href":"https:\/\/www.esteio.com.br\/es\/wp-json\/wp\/v2\/pages\/2684","targetHints":{"allow":["GET"]}}],"collection":[{"href":"https:\/\/www.esteio.com.br\/es\/wp-json\/wp\/v2\/pages"}],"about":[{"href":"https:\/\/www.esteio.com.br\/es\/wp-json\/wp\/v2\/types\/page"}],"author":[{"embeddable":true,"href":"https:\/\/www.esteio.com.br\/es\/wp-json\/wp\/v2\/users\/1"}],"replies":[{"embeddable":true,"href":"https:\/\/www.esteio.com.br\/es\/wp-json\/wp\/v2\/comments?post=2684"}],"version-history":[{"count":7,"href":"https:\/\/www.esteio.com.br\/es\/wp-json\/wp\/v2\/pages\/2684\/revisions"}],"predecessor-version":[{"id":6015,"href":"https:\/\/www.esteio.com.br\/es\/wp-json\/wp\/v2\/pages\/2684\/revisions\/6015"}],"up":[{"embeddable":true,"href":"https:\/\/www.esteio.com.br\/es\/wp-json\/wp\/v2\/pages\/1367"}],"wp:featuredmedia":[{"embeddable":true,"href":"https:\/\/www.esteio.com.br\/es\/wp-json\/wp\/v2\/media\/5163"}],"wp:attachment":[{"href":"https:\/\/www.esteio.com.br\/es\/wp-json\/wp\/v2\/media?parent=2684"}],"curies":[{"name":"wp","href":"https:\/\/api.w.org\/{rel}","templated":true}]}}