{"id":2686,"date":"2017-07-04T14:15:30","date_gmt":"2017-07-04T14:15:30","guid":{"rendered":"http:\/\/esteio.com.br\/?page_id=2686"},"modified":"2020-08-19T19:56:42","modified_gmt":"2020-08-19T19:56:42","slug":"engenharia-viaria","status":"publish","type":"page","link":"https:\/\/www.esteio.com.br\/es\/oferecidos\/engenharia-viaria\/","title":{"rendered":"Ingenier\u00eda Vial"},"content":{"rendered":"[IMAGEM_CAROUSEL]\n<p>Hubo un gran avance tecnol\u00f3gico en el \u00e1rea de ingenier\u00eda viaria, principalmente con relaci\u00f3n a los ensayos y materiales utilizados, m\u00e9todos para obtener la dimensi\u00f3n de pavimentos, m\u00e9todos gr\u00e1ficos de proyecto geom\u00e9trico, los sistemas inteligentes de transporte, m\u00e9todos y t\u00e9cnicas de elaboraci\u00f3n y presentaci\u00f3n de proyectos y otros de menor relevancia.<\/p>\n<p>Las empresas y profesionales de este segmento deben estar siempre actualizados con los niveles de demanda actuales, para que los productos y usuarios sean transportados de una forma segura, eficiente y con el menor costo posible.<\/p>\n<p>El conocimiento del concepto y de la pr\u00e1ctica de costos viarios, materiales de pavimentaci\u00f3n, ensayo de Laboratorios de Suelos, planificaci\u00f3n y proyecto de v\u00edas, proyecto geom\u00e9trico auxiliado por computadora, mec\u00e1nica de los pavimentos, an\u00e1lisis de la capacidad de v\u00edas, seguridad, sistemas inteligentes y medio ambiente son esenciales para desarrollo de actividades en la Ingenier\u00eda Viaria.<\/p>\n<p>Inicialmente se desarrollan los estudios que tienen por objetivo suministrar subsidios para la producci\u00f3n de los Proyectos, que b\u00e1sicamente son los siguientes:<\/p>\n<ol class=\"breadcrumb\">\n<li class=\"active\">\n<ul>\n<li>Estudios de Viabilidad<\/li>\n<li>Estudios de Tr\u00e1fico<\/li>\n<li>Estudios Hidrol\u00f3gicos<\/li>\n<li>Estudios Geol\u00f3gicos<\/li>\n<li>Estudios Geot\u00e9cnicos<\/li>\n<li>Estudios Topogr\u00e1ficos<\/li>\n<\/ul>\n<\/li>\n<\/ol>\n<p>Los Proyectos son elaborados a partir de las recomendaciones y datos obtenidos en la fase de Estudios, siendo, de manera general, los siguientes:<\/p>\n<ol class=\"breadcrumb\">\n<li class=\"active\">\n<ul>\n<li>Proyecto Geom\u00e9trico<\/li>\n<li>Proyecto de Terraplenes<\/li>\n<li>Proyecto de Pavimentaci\u00f3n y\/o Restauraci\u00f3n<\/li>\n<li>Proyecto de Drenaje<\/li>\n<li>Proyecto de Intersecciones y\/o Traves\u00edas Urbanas<\/li>\n<li>Proyecto de Obras de Arte Especiales (Puentes, Viaductos y Pasarelas)<\/li>\n<li>Proyecto de Obras Complementarias<\/li>\n<li>Proyecto de Se\u00f1alizaci\u00f3n<\/li>\n<li>Proyecto de Paisajismo\/Ambiental<\/li>\n<li>Proyecto de Interferencias con Redes de Servicios P\u00fablicos<\/li>\n<li>Proyecto para Operaci\u00f3n de la Carretera<\/li>\n<\/ul>\n<\/li>\n<\/ol>","protected":false},"excerpt":{"rendered":"<p>[IMAGEM_CAROUSEL] Hubo un gran avance tecnol\u00f3gico en el \u00e1rea de ingenier\u00eda viaria, principalmente con relaci\u00f3n a los ensayos y materiales utilizados, m\u00e9todos para obtener la dimensi\u00f3n de pavimentos, m\u00e9todos gr\u00e1ficos &#8230;<\/p>\n","protected":false},"author":1,"featured_media":5165,"parent":1367,"menu_order":0,"comment_status":"closed","ping_status":"closed","template":"","meta":{"footnotes":""},"class_list":["post-2686","page","type-page","status-publish","has-post-thumbnail","hentry"],"_links":{"self":[{"href":"https:\/\/www.esteio.com.br\/es\/wp-json\/wp\/v2\/pages\/2686","targetHints":{"allow":["GET"]}}],"collection":[{"href":"https:\/\/www.esteio.com.br\/es\/wp-json\/wp\/v2\/pages"}],"about":[{"href":"https:\/\/www.esteio.com.br\/es\/wp-json\/wp\/v2\/types\/page"}],"author":[{"embeddable":true,"href":"https:\/\/www.esteio.com.br\/es\/wp-json\/wp\/v2\/users\/1"}],"replies":[{"embeddable":true,"href":"https:\/\/www.esteio.com.br\/es\/wp-json\/wp\/v2\/comments?post=2686"}],"version-history":[{"count":5,"href":"https:\/\/www.esteio.com.br\/es\/wp-json\/wp\/v2\/pages\/2686\/revisions"}],"predecessor-version":[{"id":5166,"href":"https:\/\/www.esteio.com.br\/es\/wp-json\/wp\/v2\/pages\/2686\/revisions\/5166"}],"up":[{"embeddable":true,"href":"https:\/\/www.esteio.com.br\/es\/wp-json\/wp\/v2\/pages\/1367"}],"wp:featuredmedia":[{"embeddable":true,"href":"https:\/\/www.esteio.com.br\/es\/wp-json\/wp\/v2\/media\/5165"}],"wp:attachment":[{"href":"https:\/\/www.esteio.com.br\/es\/wp-json\/wp\/v2\/media?parent=2686"}],"curies":[{"name":"wp","href":"https:\/\/api.w.org\/{rel}","templated":true}]}}