{"id":2688,"date":"2017-07-04T14:17:33","date_gmt":"2017-07-04T14:17:33","guid":{"rendered":"http:\/\/esteio.com.br\/?page_id=2688"},"modified":"2020-08-19T20:05:08","modified_gmt":"2020-08-19T20:05:08","slug":"gerenciamento-obras","status":"publish","type":"page","link":"https:\/\/www.esteio.com.br\/es\/oferecidos\/gerenciamento-obras\/","title":{"rendered":"Gesti\u00f3n de Obras"},"content":{"rendered":"[IMAGEM_CAROUSEL]\n<p>La Gesti\u00f3n de Obras tiene por objetivo suministrar al contratante, servicios t\u00e9cnicos especializados en las \u00e1reas de macrogesti\u00f3n, asesoramiento en la gesti\u00f3n de contratos, asesoramiento t\u00e9cnico para las obras, control de recursos financieros, fiscalizaci\u00f3n de obras y elaboraci\u00f3n de informes t\u00e9cnicos.","protected":false},"excerpt":{"rendered":"<p>[IMAGEM_CAROUSEL] La Gesti\u00f3n de Obras tiene por objetivo suministrar al contratante, servicios t\u00e9cnicos especializados en las \u00e1reas de macrogesti\u00f3n, asesoramiento en la gesti\u00f3n de contratos, asesoramiento t\u00e9cnico para las obras, &#8230;<\/p>\n","protected":false},"author":1,"featured_media":5169,"parent":1367,"menu_order":0,"comment_status":"closed","ping_status":"closed","template":"","meta":{"footnotes":""},"class_list":["post-2688","page","type-page","status-publish","has-post-thumbnail","hentry"],"_links":{"self":[{"href":"https:\/\/www.esteio.com.br\/es\/wp-json\/wp\/v2\/pages\/2688","targetHints":{"allow":["GET"]}}],"collection":[{"href":"https:\/\/www.esteio.com.br\/es\/wp-json\/wp\/v2\/pages"}],"about":[{"href":"https:\/\/www.esteio.com.br\/es\/wp-json\/wp\/v2\/types\/page"}],"author":[{"embeddable":true,"href":"https:\/\/www.esteio.com.br\/es\/wp-json\/wp\/v2\/users\/1"}],"replies":[{"embeddable":true,"href":"https:\/\/www.esteio.com.br\/es\/wp-json\/wp\/v2\/comments?post=2688"}],"version-history":[{"count":7,"href":"https:\/\/www.esteio.com.br\/es\/wp-json\/wp\/v2\/pages\/2688\/revisions"}],"predecessor-version":[{"id":5172,"href":"https:\/\/www.esteio.com.br\/es\/wp-json\/wp\/v2\/pages\/2688\/revisions\/5172"}],"up":[{"embeddable":true,"href":"https:\/\/www.esteio.com.br\/es\/wp-json\/wp\/v2\/pages\/1367"}],"wp:featuredmedia":[{"embeddable":true,"href":"https:\/\/www.esteio.com.br\/es\/wp-json\/wp\/v2\/media\/5169"}],"wp:attachment":[{"href":"https:\/\/www.esteio.com.br\/es\/wp-json\/wp\/v2\/media?parent=2688"}],"curies":[{"name":"wp","href":"https:\/\/api.w.org\/{rel}","templated":true}]}}