{"id":2691,"date":"2017-07-04T14:54:33","date_gmt":"2017-07-04T14:54:33","guid":{"rendered":"http:\/\/esteio.com.br\/?page_id=2691"},"modified":"2020-08-19T20:08:24","modified_gmt":"2020-08-19T20:08:24","slug":"gpr","status":"publish","type":"page","link":"https:\/\/www.esteio.com.br\/es\/oferecidos\/gpr\/","title":{"rendered":"GPR"},"content":{"rendered":"[IMAGEM_CAROUSEL]\n<p>El GPR (Ground Penetrating Radar) o GEORADAR, como tambi\u00e9n es conocido, es un m\u00e9todo geof\u00edsico de investigaci\u00f3n, que consiste b\u00e1sicamente en la emisi\u00f3n continuada de ondas electromagn\u00e9ticas en el suelo. Parte de estas ondas se refleja en las estructuras u objetos en profundidad. Las se\u00f1ales son emitidas y recibidas a trav\u00e9s de una antena ubicada en la superficie del terreno.<\/p>\n<p>Despu\u00e9s de muchos a\u00f1os de desarrollo, el GPR es actualmente considerado el equipo m\u00e1s sofisticado para sondeos e investigaciones de baja profundidad.<\/p>\n<p>Sus principales ventajas son:<\/p>\n<ol class=\"breadcrumb\" style=\"width: 790px;\">\n<li class=\"active\" style=\"list-style-type: none;\">\n<ul>\n<li>Posibilidad de realizar perfiles continuados del suelo;<\/li>\n<li>Rapidez y bajo costo en los levantamientos, cuando se compara a los sondeos y\/o excavaciones, que generalmente son estudios puntuales;<\/li>\n<li>Resultados r\u00e1pidos y de alta resoluci\u00f3n.<\/li>\n<\/ul>\n<\/li>\n<\/ol>","protected":false},"excerpt":{"rendered":"<p>[IMAGEM_CAROUSEL] El GPR (Ground Penetrating Radar) o GEORADAR, como tambi\u00e9n es conocido, es un m\u00e9todo geof\u00edsico de investigaci\u00f3n, que consiste b\u00e1sicamente en la emisi\u00f3n continuada de ondas electromagn\u00e9ticas en el &#8230;<\/p>\n","protected":false},"author":1,"featured_media":5173,"parent":1367,"menu_order":0,"comment_status":"closed","ping_status":"closed","template":"","meta":{"footnotes":""},"class_list":["post-2691","page","type-page","status-publish","has-post-thumbnail","hentry"],"_links":{"self":[{"href":"https:\/\/www.esteio.com.br\/es\/wp-json\/wp\/v2\/pages\/2691","targetHints":{"allow":["GET"]}}],"collection":[{"href":"https:\/\/www.esteio.com.br\/es\/wp-json\/wp\/v2\/pages"}],"about":[{"href":"https:\/\/www.esteio.com.br\/es\/wp-json\/wp\/v2\/types\/page"}],"author":[{"embeddable":true,"href":"https:\/\/www.esteio.com.br\/es\/wp-json\/wp\/v2\/users\/1"}],"replies":[{"embeddable":true,"href":"https:\/\/www.esteio.com.br\/es\/wp-json\/wp\/v2\/comments?post=2691"}],"version-history":[{"count":9,"href":"https:\/\/www.esteio.com.br\/es\/wp-json\/wp\/v2\/pages\/2691\/revisions"}],"predecessor-version":[{"id":5175,"href":"https:\/\/www.esteio.com.br\/es\/wp-json\/wp\/v2\/pages\/2691\/revisions\/5175"}],"up":[{"embeddable":true,"href":"https:\/\/www.esteio.com.br\/es\/wp-json\/wp\/v2\/pages\/1367"}],"wp:featuredmedia":[{"embeddable":true,"href":"https:\/\/www.esteio.com.br\/es\/wp-json\/wp\/v2\/media\/5173"}],"wp:attachment":[{"href":"https:\/\/www.esteio.com.br\/es\/wp-json\/wp\/v2\/media?parent=2691"}],"curies":[{"name":"wp","href":"https:\/\/api.w.org\/{rel}","templated":true}]}}