{"id":2696,"date":"2017-07-04T16:37:05","date_gmt":"2017-07-04T16:37:05","guid":{"rendered":"http:\/\/esteio.com.br\/?page_id=2696"},"modified":"2022-05-26T19:04:30","modified_gmt":"2022-05-26T19:04:30","slug":"ifsar","status":"publish","type":"page","link":"https:\/\/www.esteio.com.br\/es\/oferecidos\/ifsar\/","title":{"rendered":"Interferometr\u00eda (IFSAR)"},"content":{"rendered":"[IMAGEM_CAROUSEL]\n<p>El GeoSAR es un radar aerotransportado para producci\u00f3n de MDE detallado e im\u00e1genes de RADAR en regiones consideradas inaccesibles, principalmente debido a la cobertura de nubes y vegetaci\u00f3n densa.<\/p>\n<p>Los posibles usos de los datos SAR son:<\/p>\n<ol class=\"breadcrumb\" style=\"width: 790px;\">\n<li class=\"active\">\n<ul>\n<li>Mapeo: visualizaci\u00f3n 3D, actualizaci\u00f3n cartogr\u00e1fica de medianas y peque\u00f1as escalas;<\/li>\n<li>Hidrolog\u00eda: delimitaci\u00f3n de cuencas, \u00e1reas de riesgo de inundaci\u00f3n;<\/li>\n<li>Recursos Naturales: administraci\u00f3n forestal, monitoreo de regiones agr\u00edcolas, conservaci\u00f3n de agua;<\/li>\n<li>Preservaci\u00f3n Ambiental: deforestaci\u00f3n, preservaci\u00f3n de la regi\u00f3n del litoral (manglares);<\/li>\n<li>Aceite &amp; Gas: interpretaci\u00f3n geol\u00f3gica, planificaci\u00f3n de levantamiento s\u00edsmico y directriz preliminar del ducto;<\/li>\n<li>Prospecci\u00f3n Mineral: \u00e1reas de extracci\u00f3n;<\/li>\n<li>Desarrollo Econ\u00f3mico: administraci\u00f3n y planificaci\u00f3n del uso del suelo, infraestructura y desarrollo, transporte;<\/li>\n<li>Seguridad Nacional: emergencias, respuesta a desastres, descubrimiento de actividades ilegales, reconocimiento y planificaci\u00f3n de misiones.<\/li>\n<\/ul>\n<\/li>\n<\/ol>","protected":false},"excerpt":{"rendered":"<p>[IMAGEM_CAROUSEL] El GeoSAR es un radar aerotransportado para producci\u00f3n de MDE detallado e im\u00e1genes de RADAR en regiones consideradas inaccesibles, principalmente debido a la cobertura de nubes y vegetaci\u00f3n densa. &#8230;<\/p>\n","protected":false},"author":1,"featured_media":5181,"parent":1367,"menu_order":0,"comment_status":"closed","ping_status":"closed","template":"","meta":{"footnotes":""},"class_list":["post-2696","page","type-page","status-publish","has-post-thumbnail","hentry"],"_links":{"self":[{"href":"https:\/\/www.esteio.com.br\/es\/wp-json\/wp\/v2\/pages\/2696","targetHints":{"allow":["GET"]}}],"collection":[{"href":"https:\/\/www.esteio.com.br\/es\/wp-json\/wp\/v2\/pages"}],"about":[{"href":"https:\/\/www.esteio.com.br\/es\/wp-json\/wp\/v2\/types\/page"}],"author":[{"embeddable":true,"href":"https:\/\/www.esteio.com.br\/es\/wp-json\/wp\/v2\/users\/1"}],"replies":[{"embeddable":true,"href":"https:\/\/www.esteio.com.br\/es\/wp-json\/wp\/v2\/comments?post=2696"}],"version-history":[{"count":7,"href":"https:\/\/www.esteio.com.br\/es\/wp-json\/wp\/v2\/pages\/2696\/revisions"}],"predecessor-version":[{"id":6016,"href":"https:\/\/www.esteio.com.br\/es\/wp-json\/wp\/v2\/pages\/2696\/revisions\/6016"}],"up":[{"embeddable":true,"href":"https:\/\/www.esteio.com.br\/es\/wp-json\/wp\/v2\/pages\/1367"}],"wp:featuredmedia":[{"embeddable":true,"href":"https:\/\/www.esteio.com.br\/es\/wp-json\/wp\/v2\/media\/5181"}],"wp:attachment":[{"href":"https:\/\/www.esteio.com.br\/es\/wp-json\/wp\/v2\/media?parent=2696"}],"curies":[{"name":"wp","href":"https:\/\/api.w.org\/{rel}","templated":true}]}}