{"id":2706,"date":"2017-07-04T16:52:24","date_gmt":"2017-07-04T16:52:24","guid":{"rendered":"http:\/\/esteio.com.br\/?page_id=2706"},"modified":"2022-05-26T19:06:01","modified_gmt":"2022-05-26T19:06:01","slug":"modelagem-urbana-3d","status":"publish","type":"page","link":"https:\/\/www.esteio.com.br\/es\/oferecidos\/modelagem-urbana-3d\/","title":{"rendered":"Modelado Urbano 3D"},"content":{"rendered":"[IMAGEM_CAROUSEL]\n<p>El Modelado Urbano 3D constituye una nueva perspectiva en el proceso din\u00e1mico del desarrollo urbano, resultado de la interacci\u00f3n de las varias influencias en la toma de decisiones sobre uso del suelo, divisi\u00f3n de zonas y transporte.<\/p>\n<p>Los modelos 3D generalmente son creados con aplicaciones especiales de un software llamado Modeladores 3D. Normalmente, estos modelos son derivados de una colecci\u00f3n de datos (puntos y otra informaci\u00f3n), obtenidos por un proceso manual, por medio de un algoritmo o usando un scanner.<\/p>\n<p>La Ingenier\u00eda usa los modelos 3D como estudio de nuevos productos, veh\u00edculos y estructuras espaciales, as\u00ed como un prototipo de la versi\u00f3n final. En los a\u00f1os 2000, con la llegada de tecnolog\u00edas como Correlaci\u00f3n de imagen y Perfilado a L\u00c1SER, la comunidad de geociencias comenz\u00f3 a construir modelos 3D de la superficie terrestre de manera usual.<\/p>\n<p>Los modelos de visualizaci\u00f3n 3D tienen una variedad de aplicaciones en Cartograf\u00eda y estudios urbanos, como por ejemplo: An\u00e1lisis de la Situaci\u00f3n del Local, Planificaci\u00f3n de Emergencias, Divisi\u00f3n de zonas urbanas, Vol\u00famenes Urbanos para Estudios Ambientales, Marketing, Turismo, etc. Aunque generalmente se usan simplemente para simular los ambientes construidos, hay aplicaciones como interfaces 3D a modelos de simulaci\u00f3n m\u00e1s sofisticados.<\/p>\n<p>Se realizaron algunos avances significativos en el desarrollo de modelos 3D &#8220;inteligentes&#8221;. La tecnolog\u00eda existente actualmente permite detallar y simular ambientes urbanos de una manera que facilita la interacci\u00f3n con el usuario est\u00e1ndar. Los modelos 3D se pueden usar tanto como una interfaz amigable en la interacci\u00f3n del ambiente urbano en un SIG para links con informaciones en Internet, o de manera m\u00e1s compleja, para crear modelos funcionales de simulaci\u00f3n.<\/p>\n<p>ESTEIO ejecuta servicios de:<\/p>\n<ol class=\"breadcrumb\">\n<li class=\"active\">\n<ul>\n<li>Modelado de Terreno y Superficie usando L&Aacute;SER Aerotransportado; <\/li>\n<li>Modelado 3D de S&oacute;lidos Urbanos usando L&Aacute;SER Aerotransportado o Fotogrametr&iacute;a; <\/li>\n<li>An&aacute;lisis Espaciales basadas en el Volumen Urbano; <\/li>\n<li>Mapas Tem&aacute;ticos apoyados en Modelado 3D; <\/li>\n<li>Navegaci&oacute;n Virtual en Ambiente 3D.<\/li>\n<\/ul>\n<\/li>\n<\/ol>","protected":false},"excerpt":{"rendered":"<p>[IMAGEM_CAROUSEL] El Modelado Urbano 3D constituye una nueva perspectiva en el proceso din\u00e1mico del desarrollo urbano, resultado de la interacci\u00f3n de las varias influencias en la toma de decisiones sobre &#8230;<\/p>\n","protected":false},"author":1,"featured_media":5191,"parent":1367,"menu_order":0,"comment_status":"closed","ping_status":"closed","template":"","meta":{"footnotes":""},"class_list":["post-2706","page","type-page","status-publish","has-post-thumbnail","hentry"],"_links":{"self":[{"href":"https:\/\/www.esteio.com.br\/es\/wp-json\/wp\/v2\/pages\/2706","targetHints":{"allow":["GET"]}}],"collection":[{"href":"https:\/\/www.esteio.com.br\/es\/wp-json\/wp\/v2\/pages"}],"about":[{"href":"https:\/\/www.esteio.com.br\/es\/wp-json\/wp\/v2\/types\/page"}],"author":[{"embeddable":true,"href":"https:\/\/www.esteio.com.br\/es\/wp-json\/wp\/v2\/users\/1"}],"replies":[{"embeddable":true,"href":"https:\/\/www.esteio.com.br\/es\/wp-json\/wp\/v2\/comments?post=2706"}],"version-history":[{"count":7,"href":"https:\/\/www.esteio.com.br\/es\/wp-json\/wp\/v2\/pages\/2706\/revisions"}],"predecessor-version":[{"id":6019,"href":"https:\/\/www.esteio.com.br\/es\/wp-json\/wp\/v2\/pages\/2706\/revisions\/6019"}],"up":[{"embeddable":true,"href":"https:\/\/www.esteio.com.br\/es\/wp-json\/wp\/v2\/pages\/1367"}],"wp:featuredmedia":[{"embeddable":true,"href":"https:\/\/www.esteio.com.br\/es\/wp-json\/wp\/v2\/media\/5191"}],"wp:attachment":[{"href":"https:\/\/www.esteio.com.br\/es\/wp-json\/wp\/v2\/media?parent=2706"}],"curies":[{"name":"wp","href":"https:\/\/api.w.org\/{rel}","templated":true}]}}