{"id":2709,"date":"2017-07-04T16:56:23","date_gmt":"2017-07-04T16:56:23","guid":{"rendered":"http:\/\/esteio.com.br\/?page_id=2709"},"modified":"2025-03-31T19:26:55","modified_gmt":"2025-03-31T19:26:55","slug":"ortofotocarta","status":"publish","type":"page","link":"https:\/\/www.esteio.com.br\/es\/oferecidos\/ortofotocarta\/","title":{"rendered":"Ortofotos"},"content":{"rendered":"[IMAGEM_CAROUSEL]\n<p>Ortofotocarta Digital es un producto cartogr\u00e1fico que combina la riqueza de detalles de una imagen fotogr\u00e1fica con la calidad geom\u00e9trica de una carta de trazado. Podemos utilizarla del mismo modo que se utiliza un mapa.<\/p>\n<p>ESTEIO posee una gran experiencia en la confecci\u00f3n de ortofotos anal\u00f3gicas y desde 1994, pas\u00f3 a ser la primera empresa brasile\u00f1a a confeccionar ortofotos digitales. En el Tratamiento Digital de Im\u00e1genes para la confecci\u00f3n de ortofotos, ESTEIO utiliza:<\/p>\n<ol class=\"breadcrumb\">\n<li class=\"active\">\n<ul>\n<li>Estaciones Fotogram\u00e9tricas Digitales Leica Geosystems;<\/li>\n<li>Escaner Vexcel 5000 UltraScan con resoluci\u00f3n a partir de 5 micra para diapositivas, pel\u00edculas y fotos;<\/li>\n<li>Plotters HP Designjet Z6100;<\/li>\n<li>C\u00e1mara Digital ADS40 de Leica Geosystems;<\/li>\n<li>Sensor L\u00c1SER ALS50 de Leica Geosystems;<\/li>\n<li>C\u00e1mara RMK Top de Leica Geosystems;<\/li>\n<li>Softwares espec\u00edficos para manipulaci\u00f3n de los archivos.<\/li>\n<\/ul>\n<\/li>\n<\/ol>","protected":false},"excerpt":{"rendered":"<p>[IMAGEM_CAROUSEL] Ortofotocarta Digital es un producto cartogr\u00e1fico que combina la riqueza de detalles de una imagen fotogr\u00e1fica con la calidad geom\u00e9trica de una carta de trazado. Podemos utilizarla del mismo &#8230;<\/p>\n","protected":false},"author":1,"featured_media":5196,"parent":1367,"menu_order":0,"comment_status":"closed","ping_status":"closed","template":"","meta":{"footnotes":""},"class_list":["post-2709","page","type-page","status-publish","has-post-thumbnail","hentry"],"_links":{"self":[{"href":"https:\/\/www.esteio.com.br\/es\/wp-json\/wp\/v2\/pages\/2709","targetHints":{"allow":["GET"]}}],"collection":[{"href":"https:\/\/www.esteio.com.br\/es\/wp-json\/wp\/v2\/pages"}],"about":[{"href":"https:\/\/www.esteio.com.br\/es\/wp-json\/wp\/v2\/types\/page"}],"author":[{"embeddable":true,"href":"https:\/\/www.esteio.com.br\/es\/wp-json\/wp\/v2\/users\/1"}],"replies":[{"embeddable":true,"href":"https:\/\/www.esteio.com.br\/es\/wp-json\/wp\/v2\/comments?post=2709"}],"version-history":[{"count":7,"href":"https:\/\/www.esteio.com.br\/es\/wp-json\/wp\/v2\/pages\/2709\/revisions"}],"predecessor-version":[{"id":7095,"href":"https:\/\/www.esteio.com.br\/es\/wp-json\/wp\/v2\/pages\/2709\/revisions\/7095"}],"up":[{"embeddable":true,"href":"https:\/\/www.esteio.com.br\/es\/wp-json\/wp\/v2\/pages\/1367"}],"wp:featuredmedia":[{"embeddable":true,"href":"https:\/\/www.esteio.com.br\/es\/wp-json\/wp\/v2\/media\/5196"}],"wp:attachment":[{"href":"https:\/\/www.esteio.com.br\/es\/wp-json\/wp\/v2\/media?parent=2709"}],"curies":[{"name":"wp","href":"https:\/\/api.w.org\/{rel}","templated":true}]}}