{"id":2712,"date":"2017-07-05T13:45:27","date_gmt":"2017-07-05T13:45:27","guid":{"rendered":"http:\/\/esteio.com.br\/?page_id=2712"},"modified":"2020-08-20T19:46:21","modified_gmt":"2020-08-20T19:46:21","slug":"pcm","status":"publish","type":"page","link":"https:\/\/www.esteio.com.br\/es\/oferecidos\/pcm\/","title":{"rendered":"PCM &#8211; Pipeline Current Mapper"},"content":{"rendered":"[IMAGEM_CAROUSEL]\n<p>La Protecci\u00f3n Cat\u00f3dica (Cathodic Protection) es un proceso de protecci\u00f3n el\u00e9ctrica que utiliza una corriente inducida en ductos de acero enterrados para complementar la protecci\u00f3n anticorrosi\u00f3n del revestimiento ya existente.<\/p>\n<p>Con el PCM, ESTEIO est\u00e1 t\u00e9cnicamente capacitada para ofrecer:<\/p>\n<ol class=\"breadcrumb\" style=\"width: 790px;\">\n<li class=\"active\" style=\"list-style-type: none;\">\n<ul>\n<li>Localizaci\u00f3n horizontal de ductos en franjas de servidumbre;<\/li>\n<li>Profundidad de estos ductos en relaci\u00f3n a la generatriz superior;<\/li>\n<li>Localizaci\u00f3n de fallas en el revestimiento de protecci\u00f3n de ductos;<\/li>\n<li>Gr\u00e1ficos de atenuaci\u00f3n de la corriente a lo largo del ducto;<\/li>\n<li>Incorporaci\u00f3n de los datos PCM en mapeo existente.<\/li>\n<\/ul>\n<\/li>\n<\/ol>","protected":false},"excerpt":{"rendered":"<p>[IMAGEM_CAROUSEL] La Protecci\u00f3n Cat\u00f3dica (Cathodic Protection) es un proceso de protecci\u00f3n el\u00e9ctrica que utiliza una corriente inducida en ductos de acero enterrados para complementar la protecci\u00f3n anticorrosi\u00f3n del revestimiento ya &#8230;<\/p>\n","protected":false},"author":1,"featured_media":5198,"parent":1367,"menu_order":0,"comment_status":"closed","ping_status":"closed","template":"","meta":{"footnotes":""},"class_list":["post-2712","page","type-page","status-publish","has-post-thumbnail","hentry"],"_links":{"self":[{"href":"https:\/\/www.esteio.com.br\/es\/wp-json\/wp\/v2\/pages\/2712","targetHints":{"allow":["GET"]}}],"collection":[{"href":"https:\/\/www.esteio.com.br\/es\/wp-json\/wp\/v2\/pages"}],"about":[{"href":"https:\/\/www.esteio.com.br\/es\/wp-json\/wp\/v2\/types\/page"}],"author":[{"embeddable":true,"href":"https:\/\/www.esteio.com.br\/es\/wp-json\/wp\/v2\/users\/1"}],"replies":[{"embeddable":true,"href":"https:\/\/www.esteio.com.br\/es\/wp-json\/wp\/v2\/comments?post=2712"}],"version-history":[{"count":5,"href":"https:\/\/www.esteio.com.br\/es\/wp-json\/wp\/v2\/pages\/2712\/revisions"}],"predecessor-version":[{"id":5199,"href":"https:\/\/www.esteio.com.br\/es\/wp-json\/wp\/v2\/pages\/2712\/revisions\/5199"}],"up":[{"embeddable":true,"href":"https:\/\/www.esteio.com.br\/es\/wp-json\/wp\/v2\/pages\/1367"}],"wp:featuredmedia":[{"embeddable":true,"href":"https:\/\/www.esteio.com.br\/es\/wp-json\/wp\/v2\/media\/5198"}],"wp:attachment":[{"href":"https:\/\/www.esteio.com.br\/es\/wp-json\/wp\/v2\/media?parent=2712"}],"curies":[{"name":"wp","href":"https:\/\/api.w.org\/{rel}","templated":true}]}}