{"id":2714,"date":"2017-07-05T13:52:29","date_gmt":"2017-07-05T13:52:29","guid":{"rendered":"http:\/\/esteio.com.br\/?page_id=2714"},"modified":"2022-05-26T19:06:50","modified_gmt":"2022-05-26T19:06:50","slug":"perfilamento-laser","status":"publish","type":"page","link":"https:\/\/www.esteio.com.br\/es\/oferecidos\/perfilamento-laser\/","title":{"rendered":"Perfilado a L\u00c1SER"},"content":{"rendered":"[IMAGEM_CAROUSEL]\n<p>El sistema aerotransportado de mapeo a l\u00e1ser (ALTM &#8211; Airborne L\u00e1ser Terrain Mapper) de Optech Inc. fue el primer equipo adquirido por ESTEIO (2001), proyectado para la obtenci\u00f3n de coordenadas espaciales (X,Y,Z) de puntos en la superficie terrestre.<\/p>\n<p>Consiste en un sensor en el cual est\u00e1 acoplado un L\u00c1SER de espectro pr\u00f3ximo del infrarrojo, sistema de referencia inercial, parte \u00f3ptica y electr\u00f3nica del receptor y un rack de control que abriga los componentes de la computadora, controlado por una pantalla de toque (touch screen).<\/p>\n<p>En 2006 ESTEIO trajo para Brasil un nuevo sensor fabricado por Leica Geosystems: el Sensor a L\u00e1ser Aerotransportado de 150kHz &#8211; ALS50 capaz de obtener coordenadas tridimensionales en el terreno de hasta 150.000 puntos por segundo.<\/p>\n<p>En 2008 ESTEIO adquiri\u00f3 su tercer equipo para barrido a L\u00c1SER. El segundo del modelo ALS50 de Leica con capacidad para obtener coordenadas tridimensionales del terreno con hasta 150.000 puntos por segundo y equipado con la tecnolog\u00eda MPiA (Multi-Pulso en el Aire).<\/p>\n<p>Tambi\u00e9n en 2008, ESTEIO realiz\u00f3 una actualizaci\u00f3n de su primer equipo L\u00c1SER modelo ALS50, para el ALS-50 -Phase II, con la tecnolog\u00eda MPiA (Multi-Pulso en el Aire).","protected":false},"excerpt":{"rendered":"<p>[IMAGEM_CAROUSEL] El sistema aerotransportado de mapeo a l\u00e1ser (ALTM &#8211; Airborne L\u00e1ser Terrain Mapper) de Optech Inc. fue el primer equipo adquirido por ESTEIO (2001), proyectado para la obtenci\u00f3n de &#8230;<\/p>\n","protected":false},"author":1,"featured_media":5200,"parent":1367,"menu_order":0,"comment_status":"closed","ping_status":"closed","template":"","meta":{"footnotes":""},"class_list":["post-2714","page","type-page","status-publish","has-post-thumbnail","hentry"],"_links":{"self":[{"href":"https:\/\/www.esteio.com.br\/es\/wp-json\/wp\/v2\/pages\/2714","targetHints":{"allow":["GET"]}}],"collection":[{"href":"https:\/\/www.esteio.com.br\/es\/wp-json\/wp\/v2\/pages"}],"about":[{"href":"https:\/\/www.esteio.com.br\/es\/wp-json\/wp\/v2\/types\/page"}],"author":[{"embeddable":true,"href":"https:\/\/www.esteio.com.br\/es\/wp-json\/wp\/v2\/users\/1"}],"replies":[{"embeddable":true,"href":"https:\/\/www.esteio.com.br\/es\/wp-json\/wp\/v2\/comments?post=2714"}],"version-history":[{"count":13,"href":"https:\/\/www.esteio.com.br\/es\/wp-json\/wp\/v2\/pages\/2714\/revisions"}],"predecessor-version":[{"id":6021,"href":"https:\/\/www.esteio.com.br\/es\/wp-json\/wp\/v2\/pages\/2714\/revisions\/6021"}],"up":[{"embeddable":true,"href":"https:\/\/www.esteio.com.br\/es\/wp-json\/wp\/v2\/pages\/1367"}],"wp:featuredmedia":[{"embeddable":true,"href":"https:\/\/www.esteio.com.br\/es\/wp-json\/wp\/v2\/media\/5200"}],"wp:attachment":[{"href":"https:\/\/www.esteio.com.br\/es\/wp-json\/wp\/v2\/media?parent=2714"}],"curies":[{"name":"wp","href":"https:\/\/api.w.org\/{rel}","templated":true}]}}