{"id":2721,"date":"2017-07-05T13:55:37","date_gmt":"2017-07-05T13:55:37","guid":{"rendered":"http:\/\/esteio.com.br\/?page_id=2721"},"modified":"2022-05-26T19:07:16","modified_gmt":"2022-05-26T19:07:16","slug":"ppp","status":"publish","type":"page","link":"https:\/\/www.esteio.com.br\/es\/oferecidos\/ppp\/","title":{"rendered":"PPP (Precise Point Position)"},"content":{"rendered":"[IMAGEM_CAROUSEL]\n<p>ESTEIO ha estado utilizando la t\u00e9cnica de posicionamiento por punto preciso (PPP), la cual consiste en la obtenci\u00f3n de las \u00f3rbitas precisas de los sat\u00e9lites y las correcciones de los relojes. En la aerofotogrametr\u00eda se utiliza durante el post proceso de la trayectoria en conjunto con los sistemas inerciales, como en la moderna c\u00e1mara digital ADS40 y en el sensor de barrido L\u00c1SER ALS 50.","protected":false},"excerpt":{"rendered":"<p>[IMAGEM_CAROUSEL] ESTEIO ha estado utilizando la t\u00e9cnica de posicionamiento por punto preciso (PPP), la cual consiste en la obtenci\u00f3n de las \u00f3rbitas precisas de los sat\u00e9lites y las correcciones de &#8230;<\/p>\n","protected":false},"author":1,"featured_media":5209,"parent":1367,"menu_order":0,"comment_status":"closed","ping_status":"closed","template":"","meta":{"footnotes":""},"class_list":["post-2721","page","type-page","status-publish","has-post-thumbnail","hentry"],"_links":{"self":[{"href":"https:\/\/www.esteio.com.br\/es\/wp-json\/wp\/v2\/pages\/2721","targetHints":{"allow":["GET"]}}],"collection":[{"href":"https:\/\/www.esteio.com.br\/es\/wp-json\/wp\/v2\/pages"}],"about":[{"href":"https:\/\/www.esteio.com.br\/es\/wp-json\/wp\/v2\/types\/page"}],"author":[{"embeddable":true,"href":"https:\/\/www.esteio.com.br\/es\/wp-json\/wp\/v2\/users\/1"}],"replies":[{"embeddable":true,"href":"https:\/\/www.esteio.com.br\/es\/wp-json\/wp\/v2\/comments?post=2721"}],"version-history":[{"count":6,"href":"https:\/\/www.esteio.com.br\/es\/wp-json\/wp\/v2\/pages\/2721\/revisions"}],"predecessor-version":[{"id":6022,"href":"https:\/\/www.esteio.com.br\/es\/wp-json\/wp\/v2\/pages\/2721\/revisions\/6022"}],"up":[{"embeddable":true,"href":"https:\/\/www.esteio.com.br\/es\/wp-json\/wp\/v2\/pages\/1367"}],"wp:featuredmedia":[{"embeddable":true,"href":"https:\/\/www.esteio.com.br\/es\/wp-json\/wp\/v2\/media\/5209"}],"wp:attachment":[{"href":"https:\/\/www.esteio.com.br\/es\/wp-json\/wp\/v2\/media?parent=2721"}],"curies":[{"name":"wp","href":"https:\/\/api.w.org\/{rel}","templated":true}]}}