{"id":2723,"date":"2017-07-05T13:58:58","date_gmt":"2017-07-05T13:58:58","guid":{"rendered":"http:\/\/esteio.com.br\/?page_id=2723"},"modified":"2020-08-20T20:01:16","modified_gmt":"2020-08-20T20:01:16","slug":"processamento-fotografico","status":"publish","type":"page","link":"https:\/\/www.esteio.com.br\/es\/oferecidos\/processamento-fotografico\/","title":{"rendered":"Procesamiento Fotogr\u00e1fico"},"content":{"rendered":"[IMAGEM_CAROUSEL]\n<p>Las Fotograf\u00edas A\u00e9reas son bastantes utilizadas para la Cartograf\u00eda y pueden tener varios tipos de emulsi\u00f3n:<\/p>\n<ol class=\"breadcrumb\" style=\"width: 790px;\">\n<li class=\"active\" style=\"list-style-type: none;\">\n<ul>\n<li>Pancrom\u00e1tica negro y blanco: \u00e9sta es la emulsi\u00f3n m\u00e1s ampliamente usada para mapeo y fotointerpretaci\u00f3n;<\/li>\n<li>Colorida: Indicada para la interpretaci\u00f3n por la capacidad de diferenciaci\u00f3n de colores y tonos;<\/li>\n<li>Infrarroja negro y blanco: debido a la sensibilidad a mayores larguras de onda, realiza las im\u00e1genes de manera m\u00e1s completa a trav\u00e9s de niebla y neblina que la emulsi\u00f3n pancrom\u00e1tica. Utilizada para casos especiales de fotointerpretaci\u00f3n como p\u00e9rdidas de aceite;<\/li>\n<li>Infrarroja colorida: tambi\u00e9n conocida como falso color. Utilizada para fotointerpretaci\u00f3n, particularmente en la detecci\u00f3n de enfermedades en \u00e1reas de cultura y florestas, an\u00e1lisis de suelos y contaminaci\u00f3n de aguas.<\/li>\n<\/ul>\n<\/li>\n<\/ol>\n<p>ESTEIO est\u00e1 apta para realizar:<\/p>\n<ol class=\"breadcrumb\" >\n<li class=\"active\" style=\"list-style-type: none;\">\n<ul>\n<li>Ampliaciones Fotogr\u00e1ficas P&amp;B y Coloridas Rectificadas;<\/li>\n<li>Revelaci\u00f3n de Pel\u00edculas P&amp;B y Coloridos y Copias de Aerofotos P&amp;B y Coloridas;<\/li>\n<li>Foto\u00edndices, Mosaicos simples, semicontrolados o controlados;<\/li>\n<li>Ortofotocartas por Contacto Fotogr\u00e1fico<\/li>\n<\/ul>\n<\/li>\n<\/ol>","protected":false},"excerpt":{"rendered":"<p>[IMAGEM_CAROUSEL] Las Fotograf\u00edas A\u00e9reas son bastantes utilizadas para la Cartograf\u00eda y pueden tener varios tipos de emulsi\u00f3n: Pancrom\u00e1tica negro y blanco: \u00e9sta es la emulsi\u00f3n m\u00e1s ampliamente usada para mapeo &#8230;<\/p>\n","protected":false},"author":1,"featured_media":5212,"parent":1367,"menu_order":0,"comment_status":"closed","ping_status":"closed","template":"","meta":{"footnotes":""},"class_list":["post-2723","page","type-page","status-publish","has-post-thumbnail","hentry"],"_links":{"self":[{"href":"https:\/\/www.esteio.com.br\/es\/wp-json\/wp\/v2\/pages\/2723","targetHints":{"allow":["GET"]}}],"collection":[{"href":"https:\/\/www.esteio.com.br\/es\/wp-json\/wp\/v2\/pages"}],"about":[{"href":"https:\/\/www.esteio.com.br\/es\/wp-json\/wp\/v2\/types\/page"}],"author":[{"embeddable":true,"href":"https:\/\/www.esteio.com.br\/es\/wp-json\/wp\/v2\/users\/1"}],"replies":[{"embeddable":true,"href":"https:\/\/www.esteio.com.br\/es\/wp-json\/wp\/v2\/comments?post=2723"}],"version-history":[{"count":8,"href":"https:\/\/www.esteio.com.br\/es\/wp-json\/wp\/v2\/pages\/2723\/revisions"}],"predecessor-version":[{"id":5214,"href":"https:\/\/www.esteio.com.br\/es\/wp-json\/wp\/v2\/pages\/2723\/revisions\/5214"}],"up":[{"embeddable":true,"href":"https:\/\/www.esteio.com.br\/es\/wp-json\/wp\/v2\/pages\/1367"}],"wp:featuredmedia":[{"embeddable":true,"href":"https:\/\/www.esteio.com.br\/es\/wp-json\/wp\/v2\/media\/5212"}],"wp:attachment":[{"href":"https:\/\/www.esteio.com.br\/es\/wp-json\/wp\/v2\/media?parent=2723"}],"curies":[{"name":"wp","href":"https:\/\/api.w.org\/{rel}","templated":true}]}}