{"id":2734,"date":"2017-07-05T14:10:32","date_gmt":"2017-07-05T14:10:32","guid":{"rendered":"http:\/\/esteio.com.br\/?page_id=2734"},"modified":"2022-05-26T19:07:58","modified_gmt":"2022-05-26T19:07:58","slug":"servicos-especiais","status":"publish","type":"page","link":"https:\/\/www.esteio.com.br\/es\/oferecidos\/servicos-especiais\/","title":{"rendered":"Servicios Especiales"},"content":{"rendered":"[IMAGEM_CAROUSEL]\n<p>ESTEIO est\u00e1 en condiciones de suministrar los siguientes productos y servicios para el \u00e1rea de Proyectos y Mantenimiento de Poliductos:<\/p>\n<ol class=\"breadcrumb\">\n<li class=\"active\" style=\"width: 770px;\">\n<ul>\n<li>Servicios Aerofotogram\u00e9tricos especializados con sensores a\u00e9reos y orbitales en las escalas m\u00e1s variadas;<\/li>\n<li>Cartas-imagen y Ortofotocartas Digitales para servir de apoyo para Estudios de Trazado y Traves\u00edas;<\/li>\n<li>Catastro de la Banda de Ducto con Generaci\u00f3n de Banco de Datos Actualizado;<\/li>\n<li>Servicios de Exploraciones del Suelo;<\/li>\n<li>Servicios de Resistividad El\u00e9ctrica;<\/li>\n<li>Estudios de Traves\u00edas y Cruces;<\/li>\n<li>Locaci\u00f3n de la banda de dominio de carreteras;<\/li>\n<li>Preparaci\u00f3n del terreno para los cortes y terraplenes;<\/li>\n<li>Locaci\u00f3n de la franja de servidumbre;<\/li>\n<li>Proyecto para caminos de servicio;<\/li>\n<li>Proyectos de recomposici\u00f3n del drenaje existente y a ser proyectados;<\/li>\n<li>Identificaci\u00f3n de tuber\u00edas existentes de servicios p\u00fablicos;<\/li>\n<li>Reconstrucci\u00f3n de las interferencias enterradas y mejoras de carreteras;<\/li>\n<li>Elaboraci\u00f3n de un producto final que re\u00fane las informaciones de planos conforme a obra (as built), para que las empresas que arman los ductos obtengan todas las informaciones en un ambiente digital y de r\u00e1pida interpretaci\u00f3n;<\/li>\n<li>Sistema de Informaciones Geogr\u00e1ficas que contemple todas las fases de la iniciativa con \u00e9nfasis en su control y Mantenimiento.<\/li>\n<\/ul>\n<\/li>\n<\/ol>","protected":false},"excerpt":{"rendered":"<p>[IMAGEM_CAROUSEL] ESTEIO est\u00e1 en condiciones de suministrar los siguientes productos y servicios para el \u00e1rea de Proyectos y Mantenimiento de Poliductos: Servicios Aerofotogram\u00e9tricos especializados con sensores a\u00e9reos y orbitales en &#8230;<\/p>\n","protected":false},"author":1,"featured_media":5220,"parent":1367,"menu_order":0,"comment_status":"closed","ping_status":"closed","template":"","meta":{"footnotes":""},"class_list":["post-2734","page","type-page","status-publish","has-post-thumbnail","hentry"],"_links":{"self":[{"href":"https:\/\/www.esteio.com.br\/es\/wp-json\/wp\/v2\/pages\/2734","targetHints":{"allow":["GET"]}}],"collection":[{"href":"https:\/\/www.esteio.com.br\/es\/wp-json\/wp\/v2\/pages"}],"about":[{"href":"https:\/\/www.esteio.com.br\/es\/wp-json\/wp\/v2\/types\/page"}],"author":[{"embeddable":true,"href":"https:\/\/www.esteio.com.br\/es\/wp-json\/wp\/v2\/users\/1"}],"replies":[{"embeddable":true,"href":"https:\/\/www.esteio.com.br\/es\/wp-json\/wp\/v2\/comments?post=2734"}],"version-history":[{"count":10,"href":"https:\/\/www.esteio.com.br\/es\/wp-json\/wp\/v2\/pages\/2734\/revisions"}],"predecessor-version":[{"id":6023,"href":"https:\/\/www.esteio.com.br\/es\/wp-json\/wp\/v2\/pages\/2734\/revisions\/6023"}],"up":[{"embeddable":true,"href":"https:\/\/www.esteio.com.br\/es\/wp-json\/wp\/v2\/pages\/1367"}],"wp:featuredmedia":[{"embeddable":true,"href":"https:\/\/www.esteio.com.br\/es\/wp-json\/wp\/v2\/media\/5220"}],"wp:attachment":[{"href":"https:\/\/www.esteio.com.br\/es\/wp-json\/wp\/v2\/media?parent=2734"}],"curies":[{"name":"wp","href":"https:\/\/api.w.org\/{rel}","templated":true}]}}