{"id":2737,"date":"2017-07-05T14:20:53","date_gmt":"2017-07-05T14:20:53","guid":{"rendered":"http:\/\/esteio.com.br\/?page_id=2737"},"modified":"2022-05-26T19:08:25","modified_gmt":"2022-05-26T19:08:25","slug":"geoprocessamento","status":"publish","type":"page","link":"https:\/\/www.esteio.com.br\/es\/oferecidos\/geoprocessamento\/","title":{"rendered":"Geoprocesamiento"},"content":{"rendered":"[IMAGEM_CAROUSEL]\n<p>El Geoprocesamiento puede ser definido como el conjunto de tecnolog\u00edas que integran las fases de colecta, procesamiento y uso de informaciones relacionadas al espacio f\u00edsico, sus cruces, an\u00e1lisis y productos.<\/p>\n<p>ESTEIO le ofrece a sus clientes las siguientes actividades en el \u00e1rea de Geoprocesamiento y SIGs:<\/p>\n<ol class=\"breadcrumb\">\n<li class=\"active\" style=\"width: 770px;\">\n<ul>\n<li>Tratamiento de Datos en diversos programas de SIG como ArcView (ESRI), Mapinfo (Mapinfo), AutoCAD Map y ambiente de desarrollo SIG en la Web Mapguide (AutoDesk);<\/li>\n<li>Desarrollo de rutinas computacionales espec\u00edficas, de acuerdo con las necesidades del servicio o del cliente, usando lenguajes de programaci\u00f3n internas (Avenue &#8211; ArcView) o externas (Delphi, Visual C++) a los sistemas;<\/li>\n<li>Colecta, Almacenamiento y Tratamiento de informaciones basadas en su localizaci\u00f3n espacial usando recursos, como Fotos A\u00e9reas, Percepci\u00f3n Remota, Captaci\u00f3n Fotogram\u00e9trica, GPS, Catastros y otros;<\/li>\n<li>Identificaci\u00f3n de situaciones que envuelven tomas de decisiones dentro de un ambiente blanco de acuerdo con determinado criterio establecido usando procesamiento de datos colectados para un SIG;<\/li>\n<li>An\u00e1lisis temporal o instant\u00e1neo de datos relacionados especialmente para auxilio en la toma de decisiones sobre ambientes blanco;<\/li>\n<li>Selecci\u00f3n y transferencia de datos para modelos de simulaci\u00f3n capaces de<br \/>\nevaluar el impacto de alternativas en el ambiente escogido;<\/li>\n<li>Presentaci\u00f3n en ambiente gr\u00e1fico y anal\u00edtico, antes y despu\u00e9s de cualquier an\u00e1lisis.<\/li>\n<\/ul>\n<\/li>\n<\/ol>","protected":false},"excerpt":{"rendered":"<p>[IMAGEM_CAROUSEL] El Geoprocesamiento puede ser definido como el conjunto de tecnolog\u00edas que integran las fases de colecta, procesamiento y uso de informaciones relacionadas al espacio f\u00edsico, sus cruces, an\u00e1lisis y &#8230;<\/p>\n","protected":false},"author":1,"featured_media":5226,"parent":1367,"menu_order":0,"comment_status":"closed","ping_status":"closed","template":"","meta":{"footnotes":""},"class_list":["post-2737","page","type-page","status-publish","has-post-thumbnail","hentry"],"_links":{"self":[{"href":"https:\/\/www.esteio.com.br\/es\/wp-json\/wp\/v2\/pages\/2737","targetHints":{"allow":["GET"]}}],"collection":[{"href":"https:\/\/www.esteio.com.br\/es\/wp-json\/wp\/v2\/pages"}],"about":[{"href":"https:\/\/www.esteio.com.br\/es\/wp-json\/wp\/v2\/types\/page"}],"author":[{"embeddable":true,"href":"https:\/\/www.esteio.com.br\/es\/wp-json\/wp\/v2\/users\/1"}],"replies":[{"embeddable":true,"href":"https:\/\/www.esteio.com.br\/es\/wp-json\/wp\/v2\/comments?post=2737"}],"version-history":[{"count":15,"href":"https:\/\/www.esteio.com.br\/es\/wp-json\/wp\/v2\/pages\/2737\/revisions"}],"predecessor-version":[{"id":6024,"href":"https:\/\/www.esteio.com.br\/es\/wp-json\/wp\/v2\/pages\/2737\/revisions\/6024"}],"up":[{"embeddable":true,"href":"https:\/\/www.esteio.com.br\/es\/wp-json\/wp\/v2\/pages\/1367"}],"wp:featuredmedia":[{"embeddable":true,"href":"https:\/\/www.esteio.com.br\/es\/wp-json\/wp\/v2\/media\/5226"}],"wp:attachment":[{"href":"https:\/\/www.esteio.com.br\/es\/wp-json\/wp\/v2\/media?parent=2737"}],"curies":[{"name":"wp","href":"https:\/\/api.w.org\/{rel}","templated":true}]}}