{"id":2745,"date":"2017-07-05T14:22:43","date_gmt":"2017-07-05T14:22:43","guid":{"rendered":"http:\/\/esteio.com.br\/?page_id=2745"},"modified":"2020-08-21T18:04:32","modified_gmt":"2020-08-21T18:04:32","slug":"tdi","status":"publish","type":"page","link":"https:\/\/www.esteio.com.br\/es\/oferecidos\/tdi\/","title":{"rendered":"Tratamiento Digital de Imagen"},"content":{"rendered":"[IMAGEM_CAROUSEL]\n<p>El uso de Im\u00e1genes de Sat\u00e9lites en ESTEIO cuenta con m\u00e1s de 10 a\u00f1os en varios servicios, tales como:<\/p>\n<ol class=\"breadcrumb\" style=\"width: 790px;height: 206px;\">\n<li class=\"active\">\n<ul>\n<li>Mapeo tem\u00e1tico forestal a partir de im\u00e1genes Landsat;<\/li>\n<li>Mapeo tem\u00e1tico a partir de im\u00e1genes Landsat para fines de estudio de impacto ambiental;<\/li>\n<li>Producci\u00f3n de cartas-imagen con im\u00e1genes Landsat para fines de actualizaci\u00f3n de cartograf\u00eda convencional y como base para GIS;<\/li>\n<li>Creaci\u00f3n de cartas-imagen a partir de im\u00e1genes SPOT; para la provincia de La Rioja en Argentina.<\/li>\n<\/ul>\n<\/li>\n<\/ol>\n<p>ESTEIO utiliza un programa espec\u00edfico de Percepci\u00f3n Remota ERMpper el cual posibilita, entre otras tareas:<\/p>\n<ol class=\"breadcrumb\">\n<li class=\"active\">\n<ul>\n<li>Georreferenciamiento de im\u00e1genes de sat\u00e9lites y de fotograf\u00edas a\u00e9reas digitalizadas;<\/li>\n<li>Rectificaci\u00f3n de las im\u00e1genes;<\/li>\n<li>Producci\u00f3n de cartas-imagen y de ortoim\u00e1genes;<\/li>\n<li>Clasificaci\u00f3n supervisada y no supervisada para fines de mapeo tem\u00e1tico;<\/li>\n<li>Tratamiento radiom\u00e9trico y balance de im\u00e1genes;<\/li>\n<li>Realizaci\u00f3n autom\u00e1tica de mosaicos y confecci\u00f3n de foto \u00edndices;<\/li>\n<li>Perspectivas y modelos tridimensionales;<\/li>\n<li>Multi-layer del terreno;<\/li>\n<li>Fly-through;<\/li>\n<li>Mapas hipsom\u00e9tricos;<\/li>\n<li>Confecci\u00f3n de cartas con la inserci\u00f3n y manipulaci\u00f3n de archivos vectoriales en varios formatos.<\/li>\n<\/ul>\n<\/li>\n<\/ol>","protected":false},"excerpt":{"rendered":"<p>[IMAGEM_CAROUSEL] El uso de Im\u00e1genes de Sat\u00e9lites en ESTEIO cuenta con m\u00e1s de 10 a\u00f1os en varios servicios, tales como: Mapeo tem\u00e1tico forestal a partir de im\u00e1genes Landsat; Mapeo tem\u00e1tico &#8230;<\/p>\n","protected":false},"author":1,"featured_media":5232,"parent":1367,"menu_order":0,"comment_status":"closed","ping_status":"closed","template":"","meta":{"footnotes":""},"class_list":["post-2745","page","type-page","status-publish","has-post-thumbnail","hentry"],"_links":{"self":[{"href":"https:\/\/www.esteio.com.br\/es\/wp-json\/wp\/v2\/pages\/2745","targetHints":{"allow":["GET"]}}],"collection":[{"href":"https:\/\/www.esteio.com.br\/es\/wp-json\/wp\/v2\/pages"}],"about":[{"href":"https:\/\/www.esteio.com.br\/es\/wp-json\/wp\/v2\/types\/page"}],"author":[{"embeddable":true,"href":"https:\/\/www.esteio.com.br\/es\/wp-json\/wp\/v2\/users\/1"}],"replies":[{"embeddable":true,"href":"https:\/\/www.esteio.com.br\/es\/wp-json\/wp\/v2\/comments?post=2745"}],"version-history":[{"count":9,"href":"https:\/\/www.esteio.com.br\/es\/wp-json\/wp\/v2\/pages\/2745\/revisions"}],"predecessor-version":[{"id":5234,"href":"https:\/\/www.esteio.com.br\/es\/wp-json\/wp\/v2\/pages\/2745\/revisions\/5234"}],"up":[{"embeddable":true,"href":"https:\/\/www.esteio.com.br\/es\/wp-json\/wp\/v2\/pages\/1367"}],"wp:featuredmedia":[{"embeddable":true,"href":"https:\/\/www.esteio.com.br\/es\/wp-json\/wp\/v2\/media\/5232"}],"wp:attachment":[{"href":"https:\/\/www.esteio.com.br\/es\/wp-json\/wp\/v2\/media?parent=2745"}],"curies":[{"name":"wp","href":"https:\/\/api.w.org\/{rel}","templated":true}]}}