{"id":4265,"date":"2018-03-22T13:38:41","date_gmt":"2018-03-22T13:38:41","guid":{"rendered":"http:\/\/esteio.com.br\/?page_id=4265"},"modified":"2022-01-06T13:41:09","modified_gmt":"2022-01-06T13:41:09","slug":"2018-2","status":"publish","type":"page","link":"https:\/\/www.esteio.com.br\/es\/download\/trabalhos-e-artigos\/2018-2\/","title":{"rendered":"(Portugu\u00eas do Brasil) Trabalhos e Artigos 2018"},"content":{"rendered":"<p class=\"qtranxs-available-languages-message qtranxs-available-languages-message-es\">Disculpa, pero esta entrada est\u00e1 disponible s\u00f3lo en <a href=\"https:\/\/www.esteio.com.br\/br\/wp-json\/wp\/v2\/pages\/4265\" class=\"qtranxs-available-language-link qtranxs-available-language-link-br\" title=\"Portugu\u00eas do Brasil\">Portugu\u00eas do Brasil<\/a>.<\/p>","protected":false},"excerpt":{"rendered":"<p>Disculpa, pero esta entrada est\u00e1 disponible s\u00f3lo en Portugu\u00eas do Brasil.<\/p>\n","protected":false},"author":1,"featured_media":0,"parent":1603,"menu_order":0,"comment_status":"closed","ping_status":"closed","template":"template-left-sidebar.php","meta":{"footnotes":""},"class_list":["post-4265","page","type-page","status-publish","hentry"],"_links":{"self":[{"href":"https:\/\/www.esteio.com.br\/es\/wp-json\/wp\/v2\/pages\/4265","targetHints":{"allow":["GET"]}}],"collection":[{"href":"https:\/\/www.esteio.com.br\/es\/wp-json\/wp\/v2\/pages"}],"about":[{"href":"https:\/\/www.esteio.com.br\/es\/wp-json\/wp\/v2\/types\/page"}],"author":[{"embeddable":true,"href":"https:\/\/www.esteio.com.br\/es\/wp-json\/wp\/v2\/users\/1"}],"replies":[{"embeddable":true,"href":"https:\/\/www.esteio.com.br\/es\/wp-json\/wp\/v2\/comments?post=4265"}],"version-history":[{"count":8,"href":"https:\/\/www.esteio.com.br\/es\/wp-json\/wp\/v2\/pages\/4265\/revisions"}],"predecessor-version":[{"id":5902,"href":"https:\/\/www.esteio.com.br\/es\/wp-json\/wp\/v2\/pages\/4265\/revisions\/5902"}],"up":[{"embeddable":true,"href":"https:\/\/www.esteio.com.br\/es\/wp-json\/wp\/v2\/pages\/1603"}],"wp:attachment":[{"href":"https:\/\/www.esteio.com.br\/es\/wp-json\/wp\/v2\/media?parent=4265"}],"curies":[{"name":"wp","href":"https:\/\/api.w.org\/{rel}","templated":true}]}}