{"id":4367,"date":"2018-04-13T18:20:29","date_gmt":"2018-04-13T18:20:29","guid":{"rendered":"http:\/\/esteio.com.br\/?page_id=4367"},"modified":"2018-04-20T15:07:44","modified_gmt":"2018-04-20T15:07:44","slug":"questionario-cliente-81017","status":"publish","type":"page","link":"https:\/\/www.esteio.com.br\/es\/questionario-cliente-81017\/","title":{"rendered":"(Portugu\u00eas do Brasil) Question\u00e1rio de Satisfa\u00e7\u00e3o do Cliente"},"content":{"rendered":"","protected":true},"excerpt":{"rendered":"","protected":true},"author":1,"featured_media":0,"parent":0,"menu_order":0,"comment_status":"closed","ping_status":"closed","template":"","meta":{"footnotes":""},"class_list":["post-4367","page","type-page","status-publish","post-password-required","hentry"],"_links":{"self":[{"href":"https:\/\/www.esteio.com.br\/es\/wp-json\/wp\/v2\/pages\/4367","targetHints":{"allow":["GET"]}}],"collection":[{"href":"https:\/\/www.esteio.com.br\/es\/wp-json\/wp\/v2\/pages"}],"about":[{"href":"https:\/\/www.esteio.com.br\/es\/wp-json\/wp\/v2\/types\/page"}],"author":[{"embeddable":true,"href":"https:\/\/www.esteio.com.br\/es\/wp-json\/wp\/v2\/users\/1"}],"replies":[{"embeddable":true,"href":"https:\/\/www.esteio.com.br\/es\/wp-json\/wp\/v2\/comments?post=4367"}],"version-history":[{"count":1,"href":"https:\/\/www.esteio.com.br\/es\/wp-json\/wp\/v2\/pages\/4367\/revisions"}],"predecessor-version":[{"id":4368,"href":"https:\/\/www.esteio.com.br\/es\/wp-json\/wp\/v2\/pages\/4367\/revisions\/4368"}],"wp:attachment":[{"href":"https:\/\/www.esteio.com.br\/es\/wp-json\/wp\/v2\/media?parent=4367"}],"curies":[{"name":"wp","href":"https:\/\/api.w.org\/{rel}","templated":true}]}}