{"id":4454,"date":"2018-08-30T13:21:18","date_gmt":"2018-08-30T13:21:18","guid":{"rendered":"http:\/\/esteio.com.br\/?page_id=4454"},"modified":"2020-11-16T19:15:08","modified_gmt":"2020-11-16T19:15:08","slug":"perfilamento-laser-lts","status":"publish","type":"page","link":"https:\/\/www.esteio.com.br\/es\/oferecidos\/perfilamento-laser-lts\/","title":{"rendered":"(Portugu\u00eas do Brasil) Perfilamento LASER para implanta\u00e7\u00e3o de Linhas de Transmiss\u00e3o (LTs)"},"content":{"rendered":"<p class=\"qtranxs-available-languages-message qtranxs-available-languages-message-es\">Disculpa, pero esta entrada est\u00e1 disponible s\u00f3lo en <a href=\"https:\/\/www.esteio.com.br\/br\/wp-json\/wp\/v2\/pages\/4454\" class=\"qtranxs-available-language-link qtranxs-available-language-link-br\" title=\"Portugu\u00eas do Brasil\">Portugu\u00eas do Brasil<\/a>.<\/p>","protected":false},"excerpt":{"rendered":"<p>Disculpa, pero esta entrada est\u00e1 disponible s\u00f3lo en Portugu\u00eas do Brasil.<\/p>\n","protected":false},"author":1,"featured_media":5581,"parent":1367,"menu_order":0,"comment_status":"closed","ping_status":"closed","template":"","meta":{"footnotes":""},"class_list":["post-4454","page","type-page","status-publish","has-post-thumbnail","hentry"],"_links":{"self":[{"href":"https:\/\/www.esteio.com.br\/es\/wp-json\/wp\/v2\/pages\/4454","targetHints":{"allow":["GET"]}}],"collection":[{"href":"https:\/\/www.esteio.com.br\/es\/wp-json\/wp\/v2\/pages"}],"about":[{"href":"https:\/\/www.esteio.com.br\/es\/wp-json\/wp\/v2\/types\/page"}],"author":[{"embeddable":true,"href":"https:\/\/www.esteio.com.br\/es\/wp-json\/wp\/v2\/users\/1"}],"replies":[{"embeddable":true,"href":"https:\/\/www.esteio.com.br\/es\/wp-json\/wp\/v2\/comments?post=4454"}],"version-history":[{"count":107,"href":"https:\/\/www.esteio.com.br\/es\/wp-json\/wp\/v2\/pages\/4454\/revisions"}],"predecessor-version":[{"id":5582,"href":"https:\/\/www.esteio.com.br\/es\/wp-json\/wp\/v2\/pages\/4454\/revisions\/5582"}],"up":[{"embeddable":true,"href":"https:\/\/www.esteio.com.br\/es\/wp-json\/wp\/v2\/pages\/1367"}],"wp:featuredmedia":[{"embeddable":true,"href":"https:\/\/www.esteio.com.br\/es\/wp-json\/wp\/v2\/media\/5581"}],"wp:attachment":[{"href":"https:\/\/www.esteio.com.br\/es\/wp-json\/wp\/v2\/media?parent=4454"}],"curies":[{"name":"wp","href":"https:\/\/api.w.org\/{rel}","templated":true}]}}