{"id":4647,"date":"2018-09-26T16:02:06","date_gmt":"2018-09-26T16:02:06","guid":{"rendered":"http:\/\/esteio.com.br\/?page_id=4647"},"modified":"2025-09-18T17:26:23","modified_gmt":"2025-09-18T17:26:23","slug":"lt-500kv-equador-boa-vista","status":"publish","type":"page","link":"https:\/\/www.esteio.com.br\/es\/executados\/perfilamento-laser\/lt-500kv-equador-boa-vista\/","title":{"rendered":"(Portugu\u00eas do Brasil) LT 500kV EQUADOR &#8211; BOA VISTA"},"content":{"rendered":"<p class=\"qtranxs-available-languages-message qtranxs-available-languages-message-es\">Disculpa, pero esta entrada est\u00e1 disponible s\u00f3lo en <a href=\"https:\/\/www.esteio.com.br\/br\/wp-json\/wp\/v2\/pages\/4647\" class=\"qtranxs-available-language-link qtranxs-available-language-link-br\" title=\"Portugu\u00eas do Brasil\">Portugu\u00eas do Brasil<\/a>.<\/p>","protected":false},"excerpt":{"rendered":"<p>Disculpa, pero esta entrada est\u00e1 disponible s\u00f3lo en Portugu\u00eas do Brasil.<\/p>\n","protected":false},"author":1,"featured_media":0,"parent":2347,"menu_order":0,"comment_status":"closed","ping_status":"closed","template":"template-left-sidebar.php","meta":{"footnotes":""},"class_list":["post-4647","page","type-page","status-publish","hentry"],"_links":{"self":[{"href":"https:\/\/www.esteio.com.br\/es\/wp-json\/wp\/v2\/pages\/4647","targetHints":{"allow":["GET"]}}],"collection":[{"href":"https:\/\/www.esteio.com.br\/es\/wp-json\/wp\/v2\/pages"}],"about":[{"href":"https:\/\/www.esteio.com.br\/es\/wp-json\/wp\/v2\/types\/page"}],"author":[{"embeddable":true,"href":"https:\/\/www.esteio.com.br\/es\/wp-json\/wp\/v2\/users\/1"}],"replies":[{"embeddable":true,"href":"https:\/\/www.esteio.com.br\/es\/wp-json\/wp\/v2\/comments?post=4647"}],"version-history":[{"count":13,"href":"https:\/\/www.esteio.com.br\/es\/wp-json\/wp\/v2\/pages\/4647\/revisions"}],"predecessor-version":[{"id":7205,"href":"https:\/\/www.esteio.com.br\/es\/wp-json\/wp\/v2\/pages\/4647\/revisions\/7205"}],"up":[{"embeddable":true,"href":"https:\/\/www.esteio.com.br\/es\/wp-json\/wp\/v2\/pages\/2347"}],"wp:attachment":[{"href":"https:\/\/www.esteio.com.br\/es\/wp-json\/wp\/v2\/media?parent=4647"}],"curies":[{"name":"wp","href":"https:\/\/api.w.org\/{rel}","templated":true}]}}